{"id":344,"date":"2020-03-04T11:38:30","date_gmt":"2020-03-04T11:38:30","guid":{"rendered":"http:\/\/localhost\/saigonisbba\/?page_id=344"},"modified":"2025-02-13T11:01:35","modified_gmt":"2025-02-13T04:01:35","slug":"dai-hoc-chinh-quy-quoc-te-song-bang","status":"publish","type":"page","link":"https:\/\/saigonisb.hub.edu.vn\/cunhan\/dai-hoc-chinh-quy-quoc-te-song-bang\/","title":{"rendered":"\u0110\u1ea1i h\u1ecdc ch\u00ednh quy qu\u1ed1c t\u1ebf song b\u1eb1ng"},"content":{"rendered":"  <div id=\"page-header-1503654168\" class=\"page-header-wrapper\">\n  <div class=\"page-title dark simple-title has-parallax\">\n\n        <div class=\"page-title-bg\">\n      <div class=\"title-bg fill bg-fill\"\n        data-parallax-container=\".page-title\"\n        data-parallax-background\n        data-parallax=\"-5\">\n      <\/div>\n      <div class=\"title-overlay fill\"><\/div>\n    <\/div>\n    \n    <div class=\"page-title-inner container align-center text-center flex-row-col medium-flex-wrap\" >\n              <div class=\"title-wrapper uppercase flex-col\">\n          <h1 class=\"entry-title mb-0\">\n            \u0110\u1ea1i h\u1ecdc ch\u00ednh quy qu\u1ed1c t\u1ebf song b\u1eb1ng          <\/h1>\n        <\/div>\n                    <div class=\"title-content flex-col\">\n        <div class=\"title-breadcrumbs pb-half pt-half\"><\/div>      <\/div>\n    <\/div><!-- flex-row -->\n\n     \n<style scope=\"scope\">\n\n#page-header-1503654168 .page-title-inner {\n  min-height: 250px;\n}\n#page-header-1503654168 .title-bg {\n  background-image: url(https:\/\/saigonisb.hub.edu.vn\/cunhan\/wp-content\/uploads\/2020\/03\/saigonisb-ba-bg-1.jpg);\n}\n#page-header-1503654168 .title-overlay {\n  background-color: rgba(0,0,0,.5);\n}\n<\/style>\n  <\/div><!-- .page-title -->\n    <\/div><!-- .page-header-wrapper -->\n  \n<div class=\"row\"  id=\"row-1541388587\">\n<div class=\"col small-12 large-12\"  ><div class=\"col-inner\"  >\n<h3><strong>M\u1ee4C TI\u00caU CHUNG C\u1ee6A CH\u01af\u01a0NG TR\u00ccNH<\/strong><\/h3>\n<p>Ch\u01b0\u01a1ng tr\u00ecnh \u0111\u1ea1i h\u1ecdc ch\u00ednh quy qu\u1ed1c t\u1ebf c\u1ea5p song b\u1eb1ng ng\u00e0nh Qu\u1ea3n tr\u1ecb Kinh doanh trang b\u1ecb cho sinh vi\u00ean ki\u1ebfn th\u1ee9c n\u1ec1n t\u1ea3ng, hi\u1ec7n \u0111\u1ea1i v\u1ec1 kinh t\u1ebf n\u00f3i chung, ki\u1ebfn th\u1ee9c chuy\u00ean s\u00e2u v\u1ec1 qu\u1ea3n tr\u1ecb, qu\u1ea3n l\u00fd n\u00f3i ri\u00eang; C\u00f3 k\u1ef9 n\u0103ng ngh\u1ec1 nghi\u1ec7p v\u1eefng v\u00e0ng; C\u00f3 ph\u1ea9m ch\u1ea5t \u0111\u1ea1o \u0111\u1ee9c t\u1ed1t; C\u00f3 kh\u1ea3 n\u0103ng th\u00edch \u1ee9ng v\u1edbi m\u00f4i tr\u01b0\u1eddng lao \u0111\u1ed9ng ch\u1ea5t l\u01b0\u1ee3ng cao trong n\u01b0\u1edbc v\u00e0 khu v\u1ef1c.<\/p>\n<p>Ch\u01b0\u01a1ng tr\u00ecnh \u0111\u1ea1i h\u1ecdc ch\u00ednh quy qu\u1ed1c t\u1ebf c\u1ea5p song b\u1eb1ng ng\u00e0nh T\u00e0i ch\u00ednh &#8211; Ng\u00e2n h\u00e0ng \u2013 B\u1ea3o hi\u1ec3m trang b\u1ecb cho sinh vi\u00ean ki\u1ebfn th\u1ee9c n\u1ec1n t\u1ea3ng, hi\u1ec7n \u0111\u1ea1i v\u1ec1 kinh t\u1ebf n\u00f3i chung, ki\u1ebfn th\u1ee9c chuy\u00ean s\u00e2u v\u1ec1 t\u00e0i ch\u00ednh \u2013 ng\u00e2n h\u00e0ng \u2013 b\u1ea3o hi\u1ec3m n\u00f3i ri\u00eang; C\u00f3 k\u1ef9 n\u0103ng ngh\u1ec1 nghi\u1ec7p v\u1eefng v\u00e0ng; C\u00f3 ph\u1ea9m ch\u1ea5t \u0111\u1ea1o \u0111\u1ee9c t\u1ed1t; C\u00f3 kh\u1ea3 n\u0103ng th\u00edch \u1ee9ng v\u1edbi m\u00f4i tr\u01b0\u1eddng lao \u0111\u1ed9ng ch\u1ea5t l\u01b0\u1ee3ng cao trong n\u01b0\u1edbc v\u00e0 khu v\u1ef1c.<\/p>\n<h3><strong>\u0110I\u1ec2M N\u1ed4I B\u1eacT<\/strong><\/h3>\n<p>V\u1edbi g\u1ea7n 50 n\u0103m h\u00ecnh th\u00e0nh, ph\u00e1t tri\u1ec3n, Tr\u01b0\u1eddng \u0110\u1ea1i h\u1ecdc Ng\u00e2n h\u00e0ng TP.HCM (HUB) t\u1ef1 h\u00e0o l\u00e0 m\u1ed9t trong nh\u1eefng tr\u01b0\u1eddng \u0111\u1ea1i h\u1ecdc h\u00e0ng \u0111\u1ea7u t\u1ea1i Vi\u1ec7t Nam trong l\u0129nh v\u1ef1c kinh t\u1ebf \u2013 t\u00e0i ch\u00ednh \u2013 ng\u00e2n h\u00e0ng.<\/p>\n<p>\u0110\u1ed9i ng\u0169 gi\u1ea3ng vi\u00ean l\u00e0 c\u00e1c gi\u00e1o s\u01b0, chuy\u00ean gia gi\u00e0u kinh nghi\u1ec7m \u0111\u1ebfn t\u1eeb HUB, \u0110H Toulon (Ph\u00e1p), \u0110H Bolton (Anh) v\u00e0 c\u00e1c t\u1ed5 ch\u1ee9c uy t\u00edn h\u00e0ng \u0111\u1ea7u tr\u00ean th\u1ebf gi\u1edbi.<\/p>\n<p>M\u00f4i tr\u01b0\u1eddng h\u1ecdc t\u1eadp n\u0103ng \u0111\u1ed9ng v\u00e0 ph\u01b0\u01a1ng ph\u00e1p gi\u1ea3ng d\u1ea1y hi\u1ec7n \u0111\u1ea1i, \u0111\u01b0\u1ee3c trang b\u1ecb c\u00f4ng ngh\u1ec7 v\u00e0 thi\u1ebft b\u1ecb hi\u1ec7n \u0111\u1ea1i nh\u01b0 h\u1ec7 th\u1ed1ng h\u1ecdc t\u1eadp tr\u1ef1c tuy\u1ebfn e-learning, th\u01b0 vi\u1ec7n \u0111i\u1ec7n t\u1eed e-library; ch\u01b0\u01a1ng tr\u00ecnh t\u0103ng c\u01b0\u1eddng ti\u1ebfng Anh; c\u01a1 h\u1ed9i giao l\u01b0u, trao \u0111\u1ed5i ki\u1ebfn th\u1ee9c v\u00e0 kinh nghi\u1ec7m v\u1edbi sinh vi\u00ean qu\u1ed1c t\u1ebf.<\/p>\n<p>Ki\u1ebfn th\u1ee9c th\u1ef1c ti\u1ec5n th\u00f4ng qua c\u00e1c b\u00e0i th\u1ef1c h\u00e0nh theo ch\u1ee7 \u0111\u1ec1 k\u1ebft h\u1ee3p v\u1edbi c\u00e1c chuy\u1ebfn \u0111i tham quan th\u1ef1c t\u1ebf t\u1ea1i c\u00e1c t\u1ed5 ch\u1ee9c t\u00e0i ch\u00ednh, doanh nghi\u1ec7p trong v\u00e0 ngo\u00e0i n\u01b0\u1edbc t\u1ea1i Ch\u00e2u \u00c1, Ch\u00e2u \u00c2u v\u00e0 Ch\u00e2u \u00dac.<\/p>\n<p><span class=\"text\">\u0110\u1ea1i h\u1ecdc Bolton \u0111\u01b0\u1ee3c bi\u1ebft \u0111\u1ebfn l\u00e0 m\u1ed9t trong nh\u1eefng \u0111\u1ea1i h\u1ecdc t\u1ed1t nh\u1ea5t t\u1ea1i Anh qu\u1ed1c v\u1ec1 ch\u1ea5t l\u01b0\u1ee3ng gi\u1ea3ng d\u1ea1y, nghi\u00ean c\u1ee9u theo c\u00e1c b\u1ea3ng x\u1ebfp h\u1ea1ng danh ti\u1ebfng: X\u1ebfp h\u1ea1ng 01 t\u1ea1i V\u00f9ng Manchester, x\u1ebfp h\u1ea1ng 05\/129 \u0111\u1ea1i h\u1ecdc v\u1ec1 m\u1ee9c \u0111\u1ed9 h\u00e0i l\u00f2ng c\u1ee7a sinh vi\u00ean theo The Complete University Guide 2020, x\u1ebfp h\u1ea1ng 04\/128 tr\u01b0\u1eddng v\u1ec1 ch\u1ea5t l\u01b0\u1ee3ng gi\u1ea3ng d\u1ea1y theo The Sunday Times 2020 v\u00e0 thu\u1ed9c Top 30 v\u1ec1 ch\u1ea5t l\u01b0\u1ee3ng gi\u1ea3ng d\u1ea1y c\u1ee7a The Guardian 2024. Chi ti\u1ebft v\u1ec1 \u0110\u1ea1i h\u1ecdc Bolton c\u00f3 th\u1ec3 tham kh\u1ea3o t\u1ea1i: <\/span><a class=\"text-is-link\" target=\"_blank\" rel=\"noopener noreferrer\">https:\/\/www.bolton.ac.uk\/<\/a><span class=\"text\">.<\/span><\/p>\n<p>\u0110\u1ea1i h\u1ecdc Toulon (Universit\u00e9 de Toulon) l\u00e0 m\u1ed9t trong nh\u1eefng tr\u01b0\u1eddng \u0111\u1ea1i h\u1ecdc uy t\u00edn t\u1ea1i Ph\u00e1p, n\u1ed5i b\u1eadt v\u1edbi ch\u1ea5t l\u01b0\u1ee3ng gi\u1ea3ng d\u1ea1y v\u00e0 nghi\u00ean c\u1ee9u. Theo c\u00f4ng b\u1ed1 c\u1ee7a B\u1ed9 Gi\u00e1o d\u1ee5c \u0110\u1ea1i h\u1ecdc Ph\u00e1p, tr\u01b0\u1eddng x\u1ebfp h\u1ea1ng th\u1ee9 2 v\u1ec1 t\u1ef7 l\u1ec7 sinh vi\u00ean c\u00e1c kh\u1ed1i ng\u00e0nh khoa h\u1ecdc x\u00e3 h\u1ed9i v\u00e0 nh\u00e2n v\u0103n nhanh ch\u00f3ng t\u00ecm \u0111\u01b0\u1ee3c vi\u1ec7c l\u00e0m ngay sau khi t\u1ed1t nghi\u1ec7p, \u0111\u1ea1t 95%.Ngo\u00e0i ra, theo b\u1ea3ng x\u1ebfp h\u1ea1ng c\u1ee7a L&#8217;\u00c9tudiant n\u0103m 2024, \u0110\u1ea1i h\u1ecdc Toulon \u0111\u1ee9ng th\u1ee9 3 to\u00e0n qu\u1ed1c v\u1ec1 t\u1ef7 l\u1ec7 ho\u00e0n th\u00e0nh ch\u01b0\u01a1ng tr\u00ecnh th\u1ea1c s\u0129. <br \/>V\u1edbi h\u01a1n 50 n\u0103m l\u1ecbch s\u1eed v\u00e0 ph\u00e1t tri\u1ec3n, tr\u01b0\u1eddng \u0111\u00e3 \u0111\u00e0o t\u1ea1o h\u00e0ng ng\u00e0n sinh vi\u00ean \u0111\u1ebfn t\u1eeb nhi\u1ec1u qu\u1ed1c gia kh\u00e1c nhau, tr\u1edf th\u00e0nh trung t\u00e2m \u0111\u00e0o t\u1ea1o v\u00e0 nghi\u00ean c\u1ee9u l\u1edbn t\u1ea1i mi\u1ec1n Nam n\u01b0\u1edbc Ph\u00e1p.Th\u00f4ng tin chi ti\u1ebft v\u1ec1 \u0110\u1ea1i h\u1ecdc Toulon c\u00f3 th\u1ec3 tham kh\u1ea3o t\u1ea1i:https:\/\/www.univ-tln.fr\/<\/p>\n<h3><strong>CHUY\u00caN NG\u00c0NH \u0110\u00c0O T\u1ea0O<\/strong><\/h3>\n<ul>\n<li><a href=\"http:\/\/saigonisb.hub.edu.vn\/cunhan\/dai-hoc-chinh-quy-quoc-te-song-bang\/dai-hoc-chinh-quy-quoc-te-song-bang-chuyen-nganh-qtkd\" rel=\"noopener\">Ch\u01b0\u01a1ng tr\u00ecnh Qu\u1ea3n tr\u1ecb kinh doanh<\/a><\/li>\n<li><a href=\"https:\/\/saigonisb.hub.edu.vn\/cunhan\/cunhan\/dai-hoc-chinh-quy-quoc-te-cap-song-bang-supply-chain\/\">Ch\u01b0\u01a1ng tr\u00ecnh Qu\u1ea3n tr\u1ecb chu\u1ed7i cung \u1ee9ng<\/a><\/li>\n<li><a href=\"https:\/\/saigonisb.hub.edu.vn\/cunhan\/cunhan\/dai-hoc-chinh-quy-quoc-te-cap-song-bang-chuyen-nganh-marketing\/\">Ch\u01b0\u01a1ng tr\u00ecnh Marketing<\/a><\/li>\n<li><a href=\"https:\/\/saigonisb.hub.edu.vn\/cunhan\/cunhan\/dai-hoc-chinh-quy-quoc-te-cap-song-bang-chuyen-nganh-tai-chinh\/\">Ch\u01b0\u01a1ng tr\u00ecnh T\u00e0i ch\u00ednh<\/a><\/li>\n<li><a href=\"https:\/\/saigonisb.hub.edu.vn\/cunhan\/dai-hoc-chinh-quy-quoc-te-song-bang\/dai-hoc-chinh-quy-quoc-te-song-bang-chuyen-nganh-bh-tcnh\/\">Ch\u01b0\u01a1ng tr\u00ecnh T\u00e0i ch\u00ednh &#8211; Ng\u00e2n h\u00e0ng &#8211; B\u1ea3o hi\u1ec3m<\/a><\/li>\n<\/ul>\n<\/div><\/div>\n\n<style scope=\"scope\">\n\n#row-1541388587 > .col > .col-inner {\n  padding: 20px 0px 0px 0px;\n}\n<\/style>\n<\/div>\n<span class=\"scroll-to\" data-label=\"Scroll to: #dang-ky-tu-van\" data-bullet=\"false\" data-link=\"#dang-ky-tu-van\" data-title=\"Change this\"><a name=\"dang-ky-tu-van\"><\/a><\/span>\n\n\t<section class=\"section\" id=\"section_1017850838\">\n\t\t<div class=\"bg section-bg fill bg-fill  bg-loaded\" >\n\n\t\t\t\n\t\t\t\n\t\t\t\n\n\t\t<\/div><!-- .section-bg -->\n\n\t\t<div class=\"section-content relative\">\n\t\t\t\n\n<div class=\"row row-small\"  id=\"row-1859469045\">\n\n<div class=\"col medium-7 small-12 large-7\"  ><div class=\"col-inner dark\"  >\n\n<h1><span style=\"color: #ffb606;\">\u0110\u0102NG K\u00dd T\u01af V\u1ea4N H\u00d4M NAY<\/span><\/h1>\n<h4>C\u01a0 H\u1ed8I NH\u1eacN NGAY H\u1eccC B\u1ed4NG !<\/h4>\n<ul>\n<li><span class=\"s1\">Ch\u01b0\u01a1ng tr\u00ecnh t\u1ea1i Vi\u1ec7t Nam h\u01a1n 20 n\u0103m, \u0111\u00e3 \u0111\u00e0o t\u1ea1o h\u01a1n 3600 h\u1ecdc vi\u00ean.<\/span><\/li>\n<li class=\"p1\"><span class=\"s1\">H\u1ecdc t\u1ea1i Vi\u1ec7t Nam, b\u1eb1ng c\u1ea5p chu\u1ea9n qu\u1ed1c t\u1ebf. H\u1ecdc ph\u00ed ch\u1ec9 b\u1eb1ng 1\/3 khi \u0111i du h\u1ecdc.<\/span><\/li>\n<li class=\"p1\">100% \u0111\u1ed9i ng\u0169 gi\u1ea3ng vi\u00ean n\u01b0\u1edbc ngo\u00e0i v\u00e0 t\u1ed1t nghi\u1ec7p n\u01b0\u1edbc ngo\u00e0i<\/li>\n<\/ul>\n<h1>\u00a0<\/h1>\n<h1 style=\"text-align: center;\"><span style=\"color: #ffb606; font-size: 26px;\">KHAI GI\u1ea2NG CH\u01af\u01a0NG TR\u00ccNH C\u1eec NH\u00c2N QU\u1ed0C T\u1ebe<\/span><span style=\"color: #ffb606; font-size: 26px;\"><br \/><\/span><\/h1>\n<div id=\"timer-1674875219\" class=\"ux-timer dark\" data-text-plural=\"s\" data-text-hour=\"gi\u1edd\" data-text-day=\"ng\u00e0y\" data-text-week=\"Tu\u1ea7n\" data-text-min=\"min\" data-text-sec=\"sec\" data-text-hour-p=\"gi\u1edd\" data-text-day-p=\"ng\u00e0y\" data-text-week-p=\"tu\u1ea7n\" data-text-min-p=\"ph\u00fat\" data-text-sec-p=\"gi\u00e2y\" data-countdown=\"2025\/9\/8\"><span>&nbsp;<div class=\"loading-spin dark centered\"><\/div><strong>&nbsp;<\/strong><\/span><\/div>\n<style scope=\"scope\">\n\n#timer-1674875219 {\n  font-size: 250%;\n}\n<\/style>\n\n\n\n<\/div><\/div>\n<div class=\"col register-right-col medium-5 small-12 large-5\"  ><div class=\"col-inner text-left\" style=\"padding:0 0px 0px 0px;\" >\n\n<div role=\"form\" class=\"wpcf7\" id=\"wpcf7-f528-o1\" lang=\"en-US\" dir=\"ltr\">\n<div class=\"screen-reader-response\"><\/div>\n<form action=\"\/cunhan\/wp-json\/wp\/v2\/pages\/344#wpcf7-f528-o1\" method=\"post\" class=\"wpcf7-form\" novalidate=\"novalidate\">\n<div style=\"display: none;\">\n<input type=\"hidden\" name=\"_wpcf7\" value=\"528\" \/>\n<input type=\"hidden\" name=\"_wpcf7_version\" value=\"5.1.6\" \/>\n<input type=\"hidden\" name=\"_wpcf7_locale\" value=\"en_US\" \/>\n<input type=\"hidden\" name=\"_wpcf7_unit_tag\" value=\"wpcf7-f528-o1\" \/>\n<input type=\"hidden\" name=\"_wpcf7_container_post\" value=\"0\" \/>\n<input type=\"hidden\" name=\"g-recaptcha-response\" value=\"\" \/>\n<\/div>\n<p><label> Ch\u1ecdn ch\u01b0\u01a1ng tr\u00ecnh* <span class=\"wpcf7-form-control-wrap chuong-trinh\"><select name=\"chuong-trinh\" class=\"wpcf7-form-control wpcf7-select wpcf7-validates-as-required\" aria-required=\"true\" aria-invalid=\"false\"><option value=\"\">---<\/option><option value=\"C\u1eed nh\u00e2n qu\u1ed1c t\u1ebf - B\u1ea3o hi\u1ec3m T\u00e0i ch\u00ednh Ng\u00e2n h\u00e0ng\">C\u1eed nh\u00e2n qu\u1ed1c t\u1ebf - B\u1ea3o hi\u1ec3m T\u00e0i ch\u00ednh Ng\u00e2n h\u00e0ng<\/option><option value=\"C\u1eed nh\u00e2n qu\u1ed1c t\u1ebf - Qu\u1ea3n tr\u1ecb kinh doanh\">C\u1eed nh\u00e2n qu\u1ed1c t\u1ebf - Qu\u1ea3n tr\u1ecb kinh doanh<\/option><option value=\"\u0110\u1ea1i h\u1ecdc ch\u00ednh quy qu\u1ed1c t\u1ebf song b\u1eb1ng - B\u1ea3o Hi\u1ec3m T\u00e0i Ch\u00ednh Ng\u00e2n h\u00e0ng\">\u0110\u1ea1i h\u1ecdc ch\u00ednh quy qu\u1ed1c t\u1ebf song b\u1eb1ng - B\u1ea3o Hi\u1ec3m T\u00e0i Ch\u00ednh Ng\u00e2n h\u00e0ng<\/option><option value=\"\u0110\u1ea1i h\u1ecdc ch\u00ednh quy qu\u1ed1c t\u1ebf song b\u1eb1ng - Qu\u1ea3n Tr\u1ecb Kinh Doanh\">\u0110\u1ea1i h\u1ecdc ch\u00ednh quy qu\u1ed1c t\u1ebf song b\u1eb1ng - Qu\u1ea3n Tr\u1ecb Kinh Doanh<\/option><option value=\"C\u1eed nh\u00e2n Qu\u1ed1c t\u1ebf Pathway - \u0110\u1ea1i h\u1ecdc Griffith, \u00dac\">C\u1eed nh\u00e2n Qu\u1ed1c t\u1ebf Pathway - \u0110\u1ea1i h\u1ecdc Griffith, \u00dac<\/option><option value=\"C\u1eed nh\u00e2n Qu\u1ed1c t\u1ebf Pathway - \u0110\u1ea1i h\u1ecdc Lincohn, NZ\">C\u1eed nh\u00e2n Qu\u1ed1c t\u1ebf Pathway - \u0110\u1ea1i h\u1ecdc Lincohn, NZ<\/option><option value=\"C\u1eed nh\u00e2n Qu\u1ed1c t\u1ebf Pathway - \u0110\u1ea1i h\u1ecdc Bolton, Anh\">C\u1eed nh\u00e2n Qu\u1ed1c t\u1ebf Pathway - \u0110\u1ea1i h\u1ecdc Bolton, Anh<\/option><\/select><\/span><\/label><\/p>\n<p><span class=\"wpcf7-form-control-wrap user-name\"><input type=\"text\" name=\"user-name\" value=\"\" size=\"40\" class=\"wpcf7-form-control wpcf7-text wpcf7-validates-as-required\" aria-required=\"true\" aria-invalid=\"false\" placeholder=\"H\u1ecd v\u00e0 T\u00ean*\" \/><\/span><\/p>\n<p><span class=\"wpcf7-form-control-wrap user-email\"><input type=\"email\" name=\"user-email\" value=\"\" size=\"40\" class=\"wpcf7-form-control wpcf7-text wpcf7-email wpcf7-validates-as-required wpcf7-validates-as-email\" aria-required=\"true\" aria-invalid=\"false\" placeholder=\"Email*\" \/><\/span><\/p>\n<p><span class=\"wpcf7-form-control-wrap phone\"><input type=\"tel\" name=\"phone\" value=\"\" size=\"40\" class=\"wpcf7-form-control wpcf7-text wpcf7-tel wpcf7-validates-as-required wpcf7-validates-as-tel\" aria-required=\"true\" aria-invalid=\"false\" placeholder=\"S\u1ed1 \u0111i\u1ec7n tho\u1ea1i*\" \/><\/span><\/p>\n<p><span class=\"wpcf7-form-control-wrap message\"><textarea name=\"message\" cols=\"40\" rows=\"10\" class=\"wpcf7-form-control wpcf7-textarea wpcf7-validates-as-required\" aria-required=\"true\" aria-invalid=\"false\" placeholder=\"N\u1ed9i dung\"><\/textarea><\/span><\/p>\n<p><input type=\"submit\" value=\"\u0110\u0103ng k\u00fd\" class=\"wpcf7-form-control wpcf7-submit\" \/><\/p>\n<div class=\"wpcf7-response-output wpcf7-display-none\"><\/div><\/form><\/div>\n\n\n<\/div><\/div>\n\n\n<style scope=\"scope\">\n\n<\/style>\n<\/div>\n\n\t\t<\/div><!-- .section-content -->\n\n\t\t\n<style scope=\"scope\">\n\n#section_1017850838 {\n  padding-top: 30px;\n  padding-bottom: 30px;\n  background-color: rgb(36, 35, 51);\n}\n<\/style>\n\t<\/section>\n\t\n","protected":false},"excerpt":{"rendered":"","protected":false},"author":1,"featured_media":295,"parent":0,"menu_order":0,"comment_status":"closed","ping_status":"closed","template":"page-blank.php","meta":{"footnotes":""},"class_list":["post-344","page","type-page","status-publish","has-post-thumbnail","hentry"],"yoast_head":"<!-- This site is optimized with the Yoast SEO plugin v23.4 - https:\/\/yoast.com\/wordpress\/plugins\/seo\/ -->\n<title>\u0110\u1ea1i h\u1ecdc ch\u00ednh quy qu\u1ed1c t\u1ebf song b\u1eb1ng - Ch\u01b0\u01a1ng tr\u00ecnh C\u1eed nh\u00e2n qu\u1ed1c t\u1ebf<\/title>\n<meta name=\"robots\" content=\"index, follow, max-snippet:-1, max-image-preview:large, max-video-preview:-1\" \/>\n<link rel=\"canonical\" href=\"https:\/\/saigonisb.hub.edu.vn\/cunhan\/dai-hoc-chinh-quy-quoc-te-song-bang\/\" \/>\n<meta property=\"og:locale\" content=\"vi_VN\" \/>\n<meta property=\"og:type\" content=\"article\" \/>\n<meta property=\"og:title\" content=\"\u0110\u1ea1i h\u1ecdc ch\u00ednh quy qu\u1ed1c t\u1ebf song b\u1eb1ng - Ch\u01b0\u01a1ng tr\u00ecnh C\u1eed nh\u00e2n qu\u1ed1c t\u1ebf\" \/>\n<meta property=\"og:url\" content=\"https:\/\/saigonisb.hub.edu.vn\/cunhan\/dai-hoc-chinh-quy-quoc-te-song-bang\/\" \/>\n<meta property=\"og:site_name\" content=\"Ch\u01b0\u01a1ng tr\u00ecnh C\u1eed nh\u00e2n qu\u1ed1c t\u1ebf\" \/>\n<meta property=\"article:publisher\" content=\"https:\/\/www.facebook.com\/saigonisb.hub\" \/>\n<meta property=\"article:modified_time\" content=\"2025-02-13T04:01:35+00:00\" \/>\n<meta property=\"og:image\" content=\"https:\/\/saigonisb.hub.edu.vn\/cunhan\/wp-content\/uploads\/2020\/03\/saigonisb-ba-bg-3.jpg\" \/>\n\t<meta property=\"og:image:width\" content=\"1600\" \/>\n\t<meta property=\"og:image:height\" content=\"1067\" \/>\n\t<meta property=\"og:image:type\" content=\"image\/jpeg\" \/>\n<meta name=\"twitter:card\" content=\"summary_large_image\" \/>\n<meta name=\"twitter:label1\" content=\"\u01af\u1edbc t\u00ednh th\u1eddi gian \u0111\u1ecdc\" \/>\n\t<meta name=\"twitter:data1\" content=\"5 ph\u00fat\" \/>\n<script type=\"application\/ld+json\" class=\"yoast-schema-graph\">{\"@context\":\"https:\/\/schema.org\",\"@graph\":[{\"@type\":\"WebPage\",\"@id\":\"https:\/\/saigonisb.hub.edu.vn\/cunhan\/dai-hoc-chinh-quy-quoc-te-song-bang\/\",\"url\":\"https:\/\/saigonisb.hub.edu.vn\/cunhan\/dai-hoc-chinh-quy-quoc-te-song-bang\/\",\"name\":\"\u0110\u1ea1i h\u1ecdc ch\u00ednh quy qu\u1ed1c t\u1ebf song b\u1eb1ng - Ch\u01b0\u01a1ng tr\u00ecnh C\u1eed nh\u00e2n qu\u1ed1c t\u1ebf\",\"isPartOf\":{\"@id\":\"https:\/\/saigonisb.hub.edu.vn\/cunhan\/#website\"},\"primaryImageOfPage\":{\"@id\":\"https:\/\/saigonisb.hub.edu.vn\/cunhan\/dai-hoc-chinh-quy-quoc-te-song-bang\/#primaryimage\"},\"image\":{\"@id\":\"https:\/\/saigonisb.hub.edu.vn\/cunhan\/dai-hoc-chinh-quy-quoc-te-song-bang\/#primaryimage\"},\"thumbnailUrl\":\"https:\/\/saigonisb.hub.edu.vn\/cunhan\/wp-content\/uploads\/2020\/03\/saigonisb-ba-bg-3.jpg\",\"datePublished\":\"2020-03-04T11:38:30+00:00\",\"dateModified\":\"2025-02-13T04:01:35+00:00\",\"breadcrumb\":{\"@id\":\"https:\/\/saigonisb.hub.edu.vn\/cunhan\/dai-hoc-chinh-quy-quoc-te-song-bang\/#breadcrumb\"},\"inLanguage\":\"vi\",\"potentialAction\":[{\"@type\":\"ReadAction\",\"target\":[\"https:\/\/saigonisb.hub.edu.vn\/cunhan\/dai-hoc-chinh-quy-quoc-te-song-bang\/\"]}]},{\"@type\":\"ImageObject\",\"inLanguage\":\"vi\",\"@id\":\"https:\/\/saigonisb.hub.edu.vn\/cunhan\/dai-hoc-chinh-quy-quoc-te-song-bang\/#primaryimage\",\"url\":\"https:\/\/saigonisb.hub.edu.vn\/cunhan\/wp-content\/uploads\/2020\/03\/saigonisb-ba-bg-3.jpg\",\"contentUrl\":\"https:\/\/saigonisb.hub.edu.vn\/cunhan\/wp-content\/uploads\/2020\/03\/saigonisb-ba-bg-3.jpg\",\"width\":1600,\"height\":1067},{\"@type\":\"BreadcrumbList\",\"@id\":\"https:\/\/saigonisb.hub.edu.vn\/cunhan\/dai-hoc-chinh-quy-quoc-te-song-bang\/#breadcrumb\",\"itemListElement\":[{\"@type\":\"ListItem\",\"position\":1,\"name\":\"Trang ch\u1ee7\",\"item\":\"https:\/\/saigonisb.hub.edu.vn\/cunhan\/\"},{\"@type\":\"ListItem\",\"position\":2,\"name\":\"\u0110\u1ea1i h\u1ecdc ch\u00ednh quy qu\u1ed1c t\u1ebf song b\u1eb1ng\"}]},{\"@type\":\"WebSite\",\"@id\":\"https:\/\/saigonisb.hub.edu.vn\/cunhan\/#website\",\"url\":\"https:\/\/saigonisb.hub.edu.vn\/cunhan\/\",\"name\":\"Ch\u01b0\u01a1ng tr\u00ecnh C\u1eed nh\u00e2n qu\u1ed1c t\u1ebf\",\"description\":\"\",\"publisher\":{\"@id\":\"https:\/\/saigonisb.hub.edu.vn\/cunhan\/#organization\"},\"potentialAction\":[{\"@type\":\"SearchAction\",\"target\":{\"@type\":\"EntryPoint\",\"urlTemplate\":\"https:\/\/saigonisb.hub.edu.vn\/cunhan\/?s={search_term_string}\"},\"query-input\":{\"@type\":\"PropertyValueSpecification\",\"valueRequired\":true,\"valueName\":\"search_term_string\"}}],\"inLanguage\":\"vi\"},{\"@type\":\"Organization\",\"@id\":\"https:\/\/saigonisb.hub.edu.vn\/cunhan\/#organization\",\"name\":\"Vi\u1ec7n \u0110\u00e0o T\u1ea1o Qu\u1ed1c T\u1ebf SaigonISB\",\"url\":\"https:\/\/saigonisb.hub.edu.vn\/cunhan\/\",\"logo\":{\"@type\":\"ImageObject\",\"inLanguage\":\"vi\",\"@id\":\"https:\/\/saigonisb.hub.edu.vn\/cunhan\/#\/schema\/logo\/image\/\",\"url\":\"https:\/\/saigonisb.hub.edu.vn\/cunhan\/wp-content\/uploads\/2023\/04\/Logo-ISB.png\",\"contentUrl\":\"https:\/\/saigonisb.hub.edu.vn\/cunhan\/wp-content\/uploads\/2023\/04\/Logo-ISB.png\",\"width\":1712,\"height\":351,\"caption\":\"Vi\u1ec7n \u0110\u00e0o T\u1ea1o Qu\u1ed1c T\u1ebf SaigonISB\"},\"image\":{\"@id\":\"https:\/\/saigonisb.hub.edu.vn\/cunhan\/#\/schema\/logo\/image\/\"},\"sameAs\":[\"https:\/\/www.facebook.com\/saigonisb.hub\"]}]}<\/script>\n<!-- \/ Yoast SEO plugin. -->","yoast_head_json":{"title":"\u0110\u1ea1i h\u1ecdc ch\u00ednh quy qu\u1ed1c t\u1ebf song b\u1eb1ng - Ch\u01b0\u01a1ng tr\u00ecnh C\u1eed nh\u00e2n qu\u1ed1c t\u1ebf","robots":{"index":"index","follow":"follow","max-snippet":"max-snippet:-1","max-image-preview":"max-image-preview:large","max-video-preview":"max-video-preview:-1"},"canonical":"https:\/\/saigonisb.hub.edu.vn\/cunhan\/dai-hoc-chinh-quy-quoc-te-song-bang\/","og_locale":"vi_VN","og_type":"article","og_title":"\u0110\u1ea1i h\u1ecdc ch\u00ednh quy qu\u1ed1c t\u1ebf song b\u1eb1ng - Ch\u01b0\u01a1ng tr\u00ecnh C\u1eed nh\u00e2n qu\u1ed1c t\u1ebf","og_url":"https:\/\/saigonisb.hub.edu.vn\/cunhan\/dai-hoc-chinh-quy-quoc-te-song-bang\/","og_site_name":"Ch\u01b0\u01a1ng tr\u00ecnh C\u1eed nh\u00e2n qu\u1ed1c t\u1ebf","article_publisher":"https:\/\/www.facebook.com\/saigonisb.hub","article_modified_time":"2025-02-13T04:01:35+00:00","og_image":[{"width":1600,"height":1067,"url":"https:\/\/saigonisb.hub.edu.vn\/cunhan\/wp-content\/uploads\/2020\/03\/saigonisb-ba-bg-3.jpg","type":"image\/jpeg"}],"twitter_card":"summary_large_image","twitter_misc":{"\u01af\u1edbc t\u00ednh th\u1eddi gian \u0111\u1ecdc":"5 ph\u00fat"},"schema":{"@context":"https:\/\/schema.org","@graph":[{"@type":"WebPage","@id":"https:\/\/saigonisb.hub.edu.vn\/cunhan\/dai-hoc-chinh-quy-quoc-te-song-bang\/","url":"https:\/\/saigonisb.hub.edu.vn\/cunhan\/dai-hoc-chinh-quy-quoc-te-song-bang\/","name":"\u0110\u1ea1i h\u1ecdc ch\u00ednh quy qu\u1ed1c t\u1ebf song b\u1eb1ng - Ch\u01b0\u01a1ng tr\u00ecnh C\u1eed nh\u00e2n qu\u1ed1c t\u1ebf","isPartOf":{"@id":"https:\/\/saigonisb.hub.edu.vn\/cunhan\/#website"},"primaryImageOfPage":{"@id":"https:\/\/saigonisb.hub.edu.vn\/cunhan\/dai-hoc-chinh-quy-quoc-te-song-bang\/#primaryimage"},"image":{"@id":"https:\/\/saigonisb.hub.edu.vn\/cunhan\/dai-hoc-chinh-quy-quoc-te-song-bang\/#primaryimage"},"thumbnailUrl":"https:\/\/saigonisb.hub.edu.vn\/cunhan\/wp-content\/uploads\/2020\/03\/saigonisb-ba-bg-3.jpg","datePublished":"2020-03-04T11:38:30+00:00","dateModified":"2025-02-13T04:01:35+00:00","breadcrumb":{"@id":"https:\/\/saigonisb.hub.edu.vn\/cunhan\/dai-hoc-chinh-quy-quoc-te-song-bang\/#breadcrumb"},"inLanguage":"vi","potentialAction":[{"@type":"ReadAction","target":["https:\/\/saigonisb.hub.edu.vn\/cunhan\/dai-hoc-chinh-quy-quoc-te-song-bang\/"]}]},{"@type":"ImageObject","inLanguage":"vi","@id":"https:\/\/saigonisb.hub.edu.vn\/cunhan\/dai-hoc-chinh-quy-quoc-te-song-bang\/#primaryimage","url":"https:\/\/saigonisb.hub.edu.vn\/cunhan\/wp-content\/uploads\/2020\/03\/saigonisb-ba-bg-3.jpg","contentUrl":"https:\/\/saigonisb.hub.edu.vn\/cunhan\/wp-content\/uploads\/2020\/03\/saigonisb-ba-bg-3.jpg","width":1600,"height":1067},{"@type":"BreadcrumbList","@id":"https:\/\/saigonisb.hub.edu.vn\/cunhan\/dai-hoc-chinh-quy-quoc-te-song-bang\/#breadcrumb","itemListElement":[{"@type":"ListItem","position":1,"name":"Trang ch\u1ee7","item":"https:\/\/saigonisb.hub.edu.vn\/cunhan\/"},{"@type":"ListItem","position":2,"name":"\u0110\u1ea1i h\u1ecdc ch\u00ednh quy qu\u1ed1c t\u1ebf song b\u1eb1ng"}]},{"@type":"WebSite","@id":"https:\/\/saigonisb.hub.edu.vn\/cunhan\/#website","url":"https:\/\/saigonisb.hub.edu.vn\/cunhan\/","name":"Ch\u01b0\u01a1ng tr\u00ecnh C\u1eed nh\u00e2n qu\u1ed1c t\u1ebf","description":"","publisher":{"@id":"https:\/\/saigonisb.hub.edu.vn\/cunhan\/#organization"},"potentialAction":[{"@type":"SearchAction","target":{"@type":"EntryPoint","urlTemplate":"https:\/\/saigonisb.hub.edu.vn\/cunhan\/?s={search_term_string}"},"query-input":{"@type":"PropertyValueSpecification","valueRequired":true,"valueName":"search_term_string"}}],"inLanguage":"vi"},{"@type":"Organization","@id":"https:\/\/saigonisb.hub.edu.vn\/cunhan\/#organization","name":"Vi\u1ec7n \u0110\u00e0o T\u1ea1o Qu\u1ed1c T\u1ebf SaigonISB","url":"https:\/\/saigonisb.hub.edu.vn\/cunhan\/","logo":{"@type":"ImageObject","inLanguage":"vi","@id":"https:\/\/saigonisb.hub.edu.vn\/cunhan\/#\/schema\/logo\/image\/","url":"https:\/\/saigonisb.hub.edu.vn\/cunhan\/wp-content\/uploads\/2023\/04\/Logo-ISB.png","contentUrl":"https:\/\/saigonisb.hub.edu.vn\/cunhan\/wp-content\/uploads\/2023\/04\/Logo-ISB.png","width":1712,"height":351,"caption":"Vi\u1ec7n \u0110\u00e0o T\u1ea1o Qu\u1ed1c T\u1ebf SaigonISB"},"image":{"@id":"https:\/\/saigonisb.hub.edu.vn\/cunhan\/#\/schema\/logo\/image\/"},"sameAs":["https:\/\/www.facebook.com\/saigonisb.hub"]}]}},"_links":{"self":[{"href":"https:\/\/saigonisb.hub.edu.vn\/cunhan\/wp-json\/wp\/v2\/pages\/344"}],"collection":[{"href":"https:\/\/saigonisb.hub.edu.vn\/cunhan\/wp-json\/wp\/v2\/pages"}],"about":[{"href":"https:\/\/saigonisb.hub.edu.vn\/cunhan\/wp-json\/wp\/v2\/types\/page"}],"author":[{"embeddable":true,"href":"https:\/\/saigonisb.hub.edu.vn\/cunhan\/wp-json\/wp\/v2\/users\/1"}],"replies":[{"embeddable":true,"href":"https:\/\/saigonisb.hub.edu.vn\/cunhan\/wp-json\/wp\/v2\/comments?post=344"}],"version-history":[{"count":25,"href":"https:\/\/saigonisb.hub.edu.vn\/cunhan\/wp-json\/wp\/v2\/pages\/344\/revisions"}],"predecessor-version":[{"id":3490,"href":"https:\/\/saigonisb.hub.edu.vn\/cunhan\/wp-json\/wp\/v2\/pages\/344\/revisions\/3490"}],"wp:featuredmedia":[{"embeddable":true,"href":"https:\/\/saigonisb.hub.edu.vn\/cunhan\/wp-json\/wp\/v2\/media\/295"}],"wp:attachment":[{"href":"https:\/\/saigonisb.hub.edu.vn\/cunhan\/wp-json\/wp\/v2\/media?parent=344"}],"curies":[{"name":"wp","href":"https:\/\/api.w.org\/{rel}","templated":true}]}}