{"id":1686,"date":"2020-07-15T12:02:31","date_gmt":"2020-07-15T05:02:31","guid":{"rendered":"http:\/\/saigonisb.hub.edu.vn\/cunhan\/?page_id=1686"},"modified":"2024-11-25T10:07:26","modified_gmt":"2024-11-25T03:07:26","slug":"pathway","status":"publish","type":"page","link":"https:\/\/saigonisb.hub.edu.vn\/cunhan\/pathway\/","title":{"rendered":"C\u1eed nh\u00e2n qu\u1ed1c t\u1ebf pathway"},"content":{"rendered":"  <div id=\"page-header-1224721300\" class=\"page-header-wrapper\">\n  <div class=\"page-title dark simple-title has-parallax\">\n\n        <div class=\"page-title-bg\">\n      <div class=\"title-bg fill bg-fill\"\n        data-parallax-container=\".page-title\"\n        data-parallax-background\n        data-parallax=\"-5\">\n      <\/div>\n      <div class=\"title-overlay fill\"><\/div>\n    <\/div>\n    \n    <div class=\"page-title-inner container align-center text-center flex-row-col medium-flex-wrap\" >\n              <div class=\"title-wrapper uppercase flex-col\">\n          <h1 class=\"entry-title mb-0\">\n            C\u1eec NH\u00c2N QU\u1ed0C T\u1ebe PATHWAY (3+1 ANH, 2+2 \u00daC, NZ)          <\/h1>\n        <\/div>\n                    <div class=\"title-content flex-col\">\n        <div class=\"title-breadcrumbs pb-half pt-half\"><\/div>      <\/div>\n    <\/div><!-- flex-row -->\n\n     \n<style scope=\"scope\">\n\n#page-header-1224721300 .page-title-inner {\n  min-height: 250px;\n}\n#page-header-1224721300 .title-bg {\n  background-image: url(https:\/\/saigonisb.hub.edu.vn\/cunhan\/wp-content\/uploads\/2020\/03\/saigonisb-ba-bg-1.jpg);\n}\n#page-header-1224721300 .title-overlay {\n  background-color: rgba(0,0,0,.5);\n}\n<\/style>\n  <\/div><!-- .page-title -->\n    <\/div><!-- .page-header-wrapper -->\n  \n<div class=\"row\"  id=\"row-447395845\">\n<div class=\"col small-12 large-12\"  ><div class=\"col-inner\"  >\n<h3><strong>\u0110I\u1ec2M N\u1ed4I B\u1eacT<\/strong><\/h3>\n<p>C\u1eed nh\u00e2n Pathways l\u00e0 m\u00f4 h\u00ecnh du h\u1ecdc th\u00e0nh c\u00f4ng, tr\u1edf th\u00e0nh xu h\u01b0\u1edbng to\u00e0n c\u1ea7u hi\u1ec7n nay, chi\u1ebfm \u01b0u th\u1ebf v\u1edbi l\u1ef1a ch\u1ecdn linh ho\u1ea1t gi\u1eefa c\u00e1c m\u00f4 h\u00ecnh h\u1ecdc t\u1eadp, ng\u00e0nh h\u1ecdc v\u00e0 \u0111i\u1ec3m \u0111\u1ebfn du h\u1ecdc. Sinh vi\u00ean \u0111\u01b0\u01a1\u0323c trang bi\u0323 ki\u00ea\u0301n th\u01b0\u0301c n\u00ea\u0300n ta\u0309ng b\u1eadc C\u1eed nh\u00e2n va\u0300 re\u0300n luy\u00ea\u0323n ky\u0303 n\u0103ng ti\u00ea\u0301ng Anh, sau \u0111\u00f3 chuy\u1ec3n ti\u1ebfp du h\u1ecdc v\u00e0 l\u1ea5y b\u1eb1ng t\u1ea1i c\u00e1c tr\u01b0\u1eddng \u0110\u1ea1i h\u1ecdc h\u00e0ng \u0111\u1ea7u tr\u00ean th\u1ebf gi\u1edbi.<\/p>\n<p><strong>1. \u0110i\u1ec1u ki\u1ec7n x\u00e9t tuy\u1ec3n<\/strong><\/p>\n<p><em><strong>\u0110i\u1ec1u ki\u1ec7n h\u1ecdc thu\u1eadt:<\/strong><\/em><\/p>\n<p>\u0110\u1ea1t \u0111i\u1ec3m chu\u1ea9n x\u00e9t tuy\u1ec3n d\u1ef1a tr\u00ean k\u1ebft qu\u1ea3 h\u1ecdc t\u1eadp b\u1eadc THPT v\u00e0 ph\u1ecfng v\u1ea5n (EQ + Ngo\u1ea1i ng\u1eef); ho\u1eb7c<\/p>\n<p>\u0110\u1ea1t \u0111i\u1ec3m tr\u00fang tuy\u1ec3n ch\u01b0\u01a1ng tr\u00ecnh \u0111\u1ea1i h\u1ecdc ch\u00ednh quy t\u1ea1i Vi\u1ec7t Nam; ho\u1eb7c<\/p>\n<p>Chuy\u1ec3n ti\u1ebfp t\u1eeb c\u00e1c tr\u01b0\u1eddng \u0111\u1ea1i h\u1ecdc trong v\u00e0 ngo\u00e0i n\u01b0\u1edbc (x\u00e9t theo tr\u01b0\u1eddng h\u1ee3p c\u1ee5 th\u1ec3).<\/p>\n<p><strong>2. H\u1ecdc ph\u00ed ch\u01b0\u01a1ng tr\u00ecnh C\u1eed nh\u00e2n Pathway: <\/strong><\/p>\n<p>H\u1ecdc ph\u00ed ch\u01b0\u01a1ng tr\u00ecnh C\u1eed nh\u00e2n Pathway (ch\u01b0a bao g\u1ed3m h\u1ecdc ph\u00ed ti\u1ebfng Anh v\u00e0 k\u1ef9 n\u0103ng m\u1ec1m):<\/p>\n<ol>\n<li>H\u1ecdc ph\u00ed t\u1ea1i Vi\u1ec7t Nam: h\u1ecdc ph\u00ed trung b\u00ecnh 26.500.000 \u0111\/h\u1ecdc k\u1ef3 (h\u1ecdc t\u1ed1i \u0111a 4 h\u1ecdc k\u1ef3)<\/li>\n<li>H\u1ecdc ph\u00ed t\u1ea1i n\u01b0\u1edbc ngo\u00e0i: theo m\u1ee9c h\u1ecdc ph\u00ed c\u1ee7a tr\u01b0\u1eddng \u0111\u1ed1i t\u00e1c (t\u1eeb 1 \u0111\u1ebfn 2 n\u0103m)<\/li>\n<\/ol>\n<p><strong>3. Ch\u01b0\u01a1ng tr\u00ecnh h\u1ecdc C\u1eed nh\u00e2n Pathways:<\/strong><\/p>\n<p><strong>Giai \u0111o\u1ea1n 1: H\u1ecdc t\u1ea1i Vi\u1ec7n \u0110\u00e0o t\u1ea1o Qu\u1ed1c t\u1ebf SaigonISB, Tr\u01b0\u1eddng \u0110\u1ea1i h\u1ecdc Ng\u00e2n h\u00e0ng TP.HCM<\/strong><\/p>\n<p>Sinh vi\u00ean \u0111\u01b0\u01a1\u0323c trang bi\u0323 ki\u00ea\u0301n th\u01b0\u0301c n\u00ea\u0300n ta\u0309ng b\u1eadc C\u1eed nh\u00e2n va\u0300 re\u0300n luy\u00ea\u0323n ky\u0303 n\u0103ng h\u1ecdc t\u1eadp, k\u1ef9 n\u0103ng m\u1ec1m v\u00e0 kh\u1ea3 n\u0103ng ti\u00ea\u0301ng Anh.<\/p>\n<div class=\"accordion\" rel=\"\">\n<div class=\"accordion-item\"><a href=\"#\" class=\"accordion-title plain\"><button class=\"toggle\"><i class=\"icon-angle-down\"><\/i><\/button><span>Danh s\u00e1ch c\u00e1c m\u00f4n h\u1ecdc t\u1ea1i Vi\u1ec7n SaigonISB<\/span><\/a><div class=\"accordion-inner\">\n<ol>\n<li><a href=\"http:\/\/saigonisb.hub.edu.vn\/cunhan\/uploads\/ck_news\/files\/Syllabus\/BBM1001-Acdamic%20Skills.pdf\">BBM1001<\/a>Academic skills<\/li>\n<li><a href=\"http:\/\/saigonisb.hub.edu.vn\/cunhan\/uploads\/ck_news\/files\/Syllabus\/BBM1002-%20Fundamental%20of%20Business%20Management%20revised.pdf\">BBM1002<\/a>Fundamental of Business Management<\/li>\n<li><a href=\"http:\/\/saigonisb.hub.edu.vn\/cunhan\/uploads\/ck_news\/files\/Syllabus\/BBM1003-%20%20Quantitative%20Methods.pdf\">BBM1003<\/a>Quantitative Methods<\/li>\n<li>BEB1001Business English 1<\/li>\n<li>AEB1001Academic English 1<\/li>\n<li><a href=\"http:\/\/saigonisb.hub.edu.vn\/cunhan\/uploads\/ck_news\/files\/Syllabus\/BBM1004-%20Principle%20of%20economics.pdf\">BBM1004<\/a>Principles of Economics<\/li>\n<li><a href=\"http:\/\/saigonisb.hub.edu.vn\/cunhan\/uploads\/ck_news\/files\/Syllabus\/BBM1005-%20Principle%20of%20marketing.pdf\">BBM1005<\/a>Principle of Marketing<\/li>\n<li><a href=\"http:\/\/saigonisb.hub.edu.vn\/cunhan\/uploads\/ck_news\/files\/Syllabus\/BBM1006-Financial%20Accounting%20Fundamentals.pdf\">BBM1006<\/a>Financial Accounting Fundamentals<\/li>\n<li>BEB1002Business English 2<\/li>\n<li>AEB1002Academic English 2<\/li>\n<li><a href=\"http:\/\/saigonisb.hub.edu.vn\/cunhan\/uploads\/ck_news\/files\/Syllabus\/BBM2007%20-%20Management%20Accounting%20Fundamental.pdf\">BBM2007<\/a>Management Accounting Fundamental<\/li>\n<li><a href=\"http:\/\/saigonisb.hub.edu.vn\/cunhan\/uploads\/ck_news\/files\/Syllabus\/BBM2008%20-%20Operations%20Management.pdf\">BBM2008<\/a>Operations Management<\/li>\n<li><a href=\"http:\/\/saigonisb.hub.edu.vn\/cunhan\/uploads\/ck_news\/files\/Syllabus\/BBM2009%20-%20Corporate%20Finance.pdf\">BBM2009<\/a>Corporate Finance<\/li>\n<li><a href=\"http:\/\/saigonisb.hub.edu.vn\/cunhan\/uploads\/ck_news\/files\/Syllabus\/BBM2010-%20Business%20Law.pdf\">BBM2010<\/a>Business Law<\/li>\n<li>BEB2003Business English 3<\/li>\n<li><a href=\"http:\/\/saigonisb.hub.edu.vn\/cunhan\/uploads\/ck_news\/files\/Syllabus\/BBM2011-%20Business%20Information%20System.pdf\">BBM2011<\/a>Business Information System<\/li>\n<li><a href=\"http:\/\/saigonisb.hub.edu.vn\/cunhan\/uploads\/ck_news\/files\/Syllabus\/BBM2012-%20Consumer%20Behaviour.pdf\">BBM2012<\/a>Consumer Behavior<\/li>\n<li><a href=\"http:\/\/saigonisb.hub.edu.vn\/cunhan\/uploads\/ck_news\/files\/Syllabus\/BBM2013%20-%20Human%20Resource%20Management.pdf\">BBM2013<\/a>Human Resource Management<\/li>\n<li><a href=\"http:\/\/saigonisb.hub.edu.vn\/cunhan\/uploads\/ck_news\/files\/Syllabus\/BBM2014-Research%20Methods.pdf\">BBM2014<\/a>Research Methods<\/li>\n<li><a href=\"http:\/\/saigonisb.hub.edu.vn\/cunhan\/uploads\/ck_news\/files\/Syllabus\/BBM2015-%20%20Organisational%20Behaviour.pdf\">BBM2015<\/a>Organization Behavior<\/li>\n<\/ol>\n<\/div><\/div>\n<\/div>\n<p><strong>Giai \u0111o\u1ea1n 2: Chuy\u1ec3n ti\u1ebfp du h\u1ecdc t\u1ea1i c\u00e1c tr\u01b0\u1eddng \u0111\u1ed1i t\u00e1c t\u1ea1i Ch\u00e2u \u00c2u, Ch\u00e2u \u00dac<\/strong><\/p>\n<p>Sinh vi\u00ean cho\u0323n 1 trong\u00a0 c\u00e1c \u0110a\u0323i ho\u0323c \u0111\u1ed1i t\u00e1c v\u00e0 m\u00f4 h\u00ecnh \u0111a\u0300o ta\u0323o t\u01b0\u01a1ng \u01b0\u0301ng \u0111\u00ea\u0309 du h\u1ecdc.<\/p>\n<div class=\"row row-small\"  id=\"row-752560778\">\n<div class=\"col medium-4 small-12 large-4\"  ><div class=\"col-inner\"  >\n<a rel=\"noopener noreferrer\" href=\"http:\/\/saigonisb.hub.edu.vn\/cunhan\/cu-nhan-quoc-te-pathway-dai-hoc-macquarie\/\" target=\"_blank\" class=\"button primary is-small expand\"  >\n    <span>\u0110\u1ea1i h\u1ecdc Macquarie, \u00dac ( pathway 2+2 )<\/span>\n  <\/a>\n\n<a rel=\"noopener noreferrer\" href=\"http:\/\/saigonisb.hub.edu.vn\/cunhan\/pathway\/dai-hoc-griffith-uc\/\" target=\"_blank\" class=\"button primary is-small expand\"  >\n    <span>\u0110\u1ea1i h\u1ecdc Griffith, \u00dac ( pathway 2+2 )<\/span>\n  <\/a>\n\n<a rel=\"noopener noreferrer\" href=\"http:\/\/saigonisb.hub.edu.vn\/cunhan\/cu-nhan-quoc-te-pathway-dai-hoc-adelaide-uc\/\" target=\"_blank\" class=\"button primary is-small expand\"  >\n    <span>\u0110\u1ea1i h\u1ecdc Adelaide, \u00dac ( pathway 2+2 )<\/span>\n  <\/a>\n\n<\/div><\/div>\n<div class=\"col medium-4 small-12 large-4\"  ><div class=\"col-inner\"  >\n<a rel=\"noopener noreferrer\" href=\"http:\/\/saigonisb.hub.edu.vn\/cunhan\/pathway\/dai-hoc-lincohn-nz\/\" target=\"_blank\" class=\"button primary is-small expand\"  >\n    <span>\u0110\u1ea1i h\u1ecdc Lincoln, NZ ( pathway 2+2 )<\/span>\n  <\/a>\n\n<a rel=\"noopener noreferrer\" class=\"button primary is-small expand\"  >\n    <span>\u0110\u1ea1i h\u1ecdc EM Normandie, Ph\u00e1p (Pathway 3+1)<\/span>\n  <\/a>\n\n<\/div><\/div>\n<div class=\"col medium-4 small-12 large-4\"  ><div class=\"col-inner\"  >\n<a rel=\"noopener noreferrer\" href=\"http:\/\/saigonisb.hub.edu.vn\/cunhan\/pathway\/dai-hoc-bolton-anh\/\" target=\"_blank\" class=\"button primary is-small expand\"  >\n    <span>\u0110\u1ea1i h\u1ecdc Bolton, Anh ( pathway 2+1 )<\/span>\n  <\/a>\n\n<\/div><\/div>\n\n<style scope=\"scope\">\n\n<\/style>\n<\/div>\n<\/div><\/div>\n\n<style scope=\"scope\">\n\n#row-447395845 > .col > .col-inner {\n  padding: 20px 0px 0px 0px;\n}\n<\/style>\n<\/div>\n<span class=\"scroll-to\" data-label=\"Scroll to: #dang-ky-tu-van\" data-bullet=\"false\" data-link=\"#dang-ky-tu-van\" data-title=\"Change this\"><a name=\"dang-ky-tu-van\"><\/a><\/span>\n\n\t<section class=\"section\" id=\"section_695618380\">\n\t\t<div class=\"bg section-bg fill bg-fill  bg-loaded\" >\n\n\t\t\t\n\t\t\t\n\t\t\t\n\n\t\t<\/div><!-- .section-bg -->\n\n\t\t<div class=\"section-content relative\">\n\t\t\t\n\n<div class=\"row row-small\"  id=\"row-1292582999\">\n\n<div class=\"col medium-7 small-12 large-7\"  ><div class=\"col-inner dark\"  >\n\n<h1><span style=\"color: #ffb606;\">\u0110\u0102NG K\u00dd T\u01af V\u1ea4N H\u00d4M NAY<\/span><\/h1>\n<h4>C\u01a0 H\u1ed8I NH\u1eacN NGAY H\u1eccC B\u1ed4NG !<\/h4>\n<ul>\n<li><span class=\"s1\">Ch\u01b0\u01a1ng tr\u00ecnh t\u1ea1i Vi\u1ec7t Nam h\u01a1n 20 n\u0103m, \u0111\u00e3 \u0111\u00e0o t\u1ea1o h\u01a1n 3600 h\u1ecdc vi\u00ean.<\/span><\/li>\n<li class=\"p1\"><span class=\"s1\">H\u1ecdc t\u1ea1i Vi\u1ec7t Nam, b\u1eb1ng c\u1ea5p chu\u1ea9n qu\u1ed1c t\u1ebf. H\u1ecdc ph\u00ed ch\u1ec9 b\u1eb1ng 1\/3 khi \u0111i du h\u1ecdc.<\/span><\/li>\n<li class=\"p1\">100% \u0111\u1ed9i ng\u0169 gi\u1ea3ng vi\u00ean n\u01b0\u1edbc ngo\u00e0i v\u00e0 t\u1ed1t nghi\u1ec7p n\u01b0\u1edbc ngo\u00e0i<\/li>\n<\/ul>\n<h1>\u00a0<\/h1>\n<h1 style=\"text-align: center;\"><span style=\"color: #ffb606; font-size: 26px;\">KHAI GI\u1ea2NG CH\u01af\u01a0NG TR\u00ccNH C\u1eec NH\u00c2N QU\u1ed0C T\u1ebe<\/span><span style=\"color: #ffb606; font-size: 26px;\"><br \/><\/span><\/h1>\n<div id=\"timer-1031942899\" class=\"ux-timer dark\" data-text-plural=\"s\" data-text-hour=\"gi\u1edd\" data-text-day=\"ng\u00e0y\" data-text-week=\"Tu\u1ea7n\" data-text-min=\"min\" data-text-sec=\"sec\" data-text-hour-p=\"gi\u1edd\" data-text-day-p=\"ng\u00e0y\" data-text-week-p=\"tu\u1ea7n\" data-text-min-p=\"ph\u00fat\" data-text-sec-p=\"gi\u00e2y\" data-countdown=\"2025\/9\/8\"><span>&nbsp;<div class=\"loading-spin dark centered\"><\/div><strong>&nbsp;<\/strong><\/span><\/div>\n<style scope=\"scope\">\n\n#timer-1031942899 {\n  font-size: 250%;\n}\n<\/style>\n\n\n\n<\/div><\/div>\n<div class=\"col register-right-col medium-5 small-12 large-5\"  ><div class=\"col-inner text-left\" style=\"padding:0 0px 0px 0px;\" >\n\n<div role=\"form\" class=\"wpcf7\" id=\"wpcf7-f528-o1\" lang=\"en-US\" dir=\"ltr\">\n<div class=\"screen-reader-response\"><\/div>\n<form action=\"\/cunhan\/wp-json\/wp\/v2\/pages\/1686#wpcf7-f528-o1\" method=\"post\" class=\"wpcf7-form\" novalidate=\"novalidate\">\n<div style=\"display: none;\">\n<input type=\"hidden\" name=\"_wpcf7\" value=\"528\" \/>\n<input type=\"hidden\" name=\"_wpcf7_version\" value=\"5.1.6\" \/>\n<input type=\"hidden\" name=\"_wpcf7_locale\" value=\"en_US\" \/>\n<input type=\"hidden\" name=\"_wpcf7_unit_tag\" value=\"wpcf7-f528-o1\" \/>\n<input type=\"hidden\" name=\"_wpcf7_container_post\" value=\"0\" \/>\n<input type=\"hidden\" name=\"g-recaptcha-response\" value=\"\" \/>\n<\/div>\n<p><label> Ch\u1ecdn ch\u01b0\u01a1ng tr\u00ecnh* <span class=\"wpcf7-form-control-wrap chuong-trinh\"><select name=\"chuong-trinh\" class=\"wpcf7-form-control wpcf7-select wpcf7-validates-as-required\" aria-required=\"true\" aria-invalid=\"false\"><option value=\"\">---<\/option><option value=\"C\u1eed nh\u00e2n qu\u1ed1c t\u1ebf - B\u1ea3o hi\u1ec3m T\u00e0i ch\u00ednh Ng\u00e2n h\u00e0ng\">C\u1eed nh\u00e2n qu\u1ed1c t\u1ebf - B\u1ea3o hi\u1ec3m T\u00e0i ch\u00ednh Ng\u00e2n h\u00e0ng<\/option><option value=\"C\u1eed nh\u00e2n qu\u1ed1c t\u1ebf - Qu\u1ea3n tr\u1ecb kinh doanh\">C\u1eed nh\u00e2n qu\u1ed1c t\u1ebf - Qu\u1ea3n tr\u1ecb kinh doanh<\/option><option value=\"\u0110\u1ea1i h\u1ecdc ch\u00ednh quy qu\u1ed1c t\u1ebf song b\u1eb1ng - B\u1ea3o Hi\u1ec3m T\u00e0i Ch\u00ednh Ng\u00e2n h\u00e0ng\">\u0110\u1ea1i h\u1ecdc ch\u00ednh quy qu\u1ed1c t\u1ebf song b\u1eb1ng - B\u1ea3o Hi\u1ec3m T\u00e0i Ch\u00ednh Ng\u00e2n h\u00e0ng<\/option><option value=\"\u0110\u1ea1i h\u1ecdc ch\u00ednh quy qu\u1ed1c t\u1ebf song b\u1eb1ng - Qu\u1ea3n Tr\u1ecb Kinh Doanh\">\u0110\u1ea1i h\u1ecdc ch\u00ednh quy qu\u1ed1c t\u1ebf song b\u1eb1ng - Qu\u1ea3n Tr\u1ecb Kinh Doanh<\/option><option value=\"C\u1eed nh\u00e2n Qu\u1ed1c t\u1ebf Pathway - \u0110\u1ea1i h\u1ecdc Griffith, \u00dac\">C\u1eed nh\u00e2n Qu\u1ed1c t\u1ebf Pathway - \u0110\u1ea1i h\u1ecdc Griffith, \u00dac<\/option><option value=\"C\u1eed nh\u00e2n Qu\u1ed1c t\u1ebf Pathway - \u0110\u1ea1i h\u1ecdc Lincohn, NZ\">C\u1eed nh\u00e2n Qu\u1ed1c t\u1ebf Pathway - \u0110\u1ea1i h\u1ecdc Lincohn, NZ<\/option><option value=\"C\u1eed nh\u00e2n Qu\u1ed1c t\u1ebf Pathway - \u0110\u1ea1i h\u1ecdc Bolton, Anh\">C\u1eed nh\u00e2n Qu\u1ed1c t\u1ebf Pathway - \u0110\u1ea1i h\u1ecdc Bolton, Anh<\/option><\/select><\/span><\/label><\/p>\n<p><span class=\"wpcf7-form-control-wrap user-name\"><input type=\"text\" name=\"user-name\" value=\"\" size=\"40\" class=\"wpcf7-form-control wpcf7-text wpcf7-validates-as-required\" aria-required=\"true\" aria-invalid=\"false\" placeholder=\"H\u1ecd v\u00e0 T\u00ean*\" \/><\/span><\/p>\n<p><span class=\"wpcf7-form-control-wrap user-email\"><input type=\"email\" name=\"user-email\" value=\"\" size=\"40\" class=\"wpcf7-form-control wpcf7-text wpcf7-email wpcf7-validates-as-required wpcf7-validates-as-email\" aria-required=\"true\" aria-invalid=\"false\" placeholder=\"Email*\" \/><\/span><\/p>\n<p><span class=\"wpcf7-form-control-wrap phone\"><input type=\"tel\" name=\"phone\" value=\"\" size=\"40\" class=\"wpcf7-form-control wpcf7-text wpcf7-tel wpcf7-validates-as-required wpcf7-validates-as-tel\" aria-required=\"true\" aria-invalid=\"false\" placeholder=\"S\u1ed1 \u0111i\u1ec7n tho\u1ea1i*\" \/><\/span><\/p>\n<p><span class=\"wpcf7-form-control-wrap message\"><textarea name=\"message\" cols=\"40\" rows=\"10\" class=\"wpcf7-form-control wpcf7-textarea wpcf7-validates-as-required\" aria-required=\"true\" aria-invalid=\"false\" placeholder=\"N\u1ed9i dung\"><\/textarea><\/span><\/p>\n<p><input type=\"submit\" value=\"\u0110\u0103ng k\u00fd\" class=\"wpcf7-form-control wpcf7-submit\" \/><\/p>\n<div class=\"wpcf7-response-output wpcf7-display-none\"><\/div><\/form><\/div>\n\n\n<\/div><\/div>\n\n\n<style scope=\"scope\">\n\n<\/style>\n<\/div>\n\n\t\t<\/div><!-- .section-content -->\n\n\t\t\n<style scope=\"scope\">\n\n#section_695618380 {\n  padding-top: 30px;\n  padding-bottom: 30px;\n  background-color: rgb(36, 35, 51);\n}\n<\/style>\n\t<\/section>\n\t\n","protected":false},"excerpt":{"rendered":"","protected":false},"author":1,"featured_media":0,"parent":0,"menu_order":0,"comment_status":"closed","ping_status":"closed","template":"page-blank.php","meta":{"footnotes":""},"class_list":["post-1686","page","type-page","status-publish","hentry"],"yoast_head":"<!-- This site is optimized with the Yoast SEO plugin v23.4 - https:\/\/yoast.com\/wordpress\/plugins\/seo\/ -->\n<title>C\u1eed nh\u00e2n qu\u1ed1c t\u1ebf pathway - Ch\u01b0\u01a1ng tr\u00ecnh C\u1eed nh\u00e2n qu\u1ed1c t\u1ebf<\/title>\n<meta name=\"robots\" content=\"index, follow, max-snippet:-1, max-image-preview:large, max-video-preview:-1\" \/>\n<link rel=\"canonical\" href=\"https:\/\/saigonisb.hub.edu.vn\/cunhan\/pathway\/\" \/>\n<meta property=\"og:locale\" content=\"vi_VN\" \/>\n<meta property=\"og:type\" content=\"article\" \/>\n<meta property=\"og:title\" content=\"C\u1eed nh\u00e2n qu\u1ed1c t\u1ebf pathway - Ch\u01b0\u01a1ng tr\u00ecnh C\u1eed nh\u00e2n qu\u1ed1c t\u1ebf\" \/>\n<meta property=\"og:url\" content=\"https:\/\/saigonisb.hub.edu.vn\/cunhan\/pathway\/\" \/>\n<meta property=\"og:site_name\" content=\"Ch\u01b0\u01a1ng tr\u00ecnh C\u1eed nh\u00e2n qu\u1ed1c t\u1ebf\" \/>\n<meta property=\"article:publisher\" content=\"https:\/\/www.facebook.com\/saigonisb.hub\" \/>\n<meta property=\"article:modified_time\" content=\"2024-11-25T03:07:26+00:00\" \/>\n<meta property=\"og:image\" content=\"https:\/\/saigonisb.hub.edu.vn\/cunhan\/wp-content\/uploads\/2022\/09\/12.OW2022-scaled.jpg\" \/>\n\t<meta property=\"og:image:width\" content=\"2560\" \/>\n\t<meta property=\"og:image:height\" content=\"1707\" \/>\n\t<meta property=\"og:image:type\" content=\"image\/jpeg\" \/>\n<meta name=\"twitter:card\" content=\"summary_large_image\" \/>\n<meta name=\"twitter:label1\" content=\"\u01af\u1edbc t\u00ednh th\u1eddi gian \u0111\u1ecdc\" \/>\n\t<meta name=\"twitter:data1\" content=\"4 ph\u00fat\" \/>\n<script type=\"application\/ld+json\" class=\"yoast-schema-graph\">{\"@context\":\"https:\/\/schema.org\",\"@graph\":[{\"@type\":\"WebPage\",\"@id\":\"https:\/\/saigonisb.hub.edu.vn\/cunhan\/pathway\/\",\"url\":\"https:\/\/saigonisb.hub.edu.vn\/cunhan\/pathway\/\",\"name\":\"C\u1eed nh\u00e2n qu\u1ed1c t\u1ebf pathway - Ch\u01b0\u01a1ng tr\u00ecnh C\u1eed nh\u00e2n qu\u1ed1c t\u1ebf\",\"isPartOf\":{\"@id\":\"https:\/\/saigonisb.hub.edu.vn\/cunhan\/#website\"},\"datePublished\":\"2020-07-15T05:02:31+00:00\",\"dateModified\":\"2024-11-25T03:07:26+00:00\",\"breadcrumb\":{\"@id\":\"https:\/\/saigonisb.hub.edu.vn\/cunhan\/pathway\/#breadcrumb\"},\"inLanguage\":\"vi\",\"potentialAction\":[{\"@type\":\"ReadAction\",\"target\":[\"https:\/\/saigonisb.hub.edu.vn\/cunhan\/pathway\/\"]}]},{\"@type\":\"BreadcrumbList\",\"@id\":\"https:\/\/saigonisb.hub.edu.vn\/cunhan\/pathway\/#breadcrumb\",\"itemListElement\":[{\"@type\":\"ListItem\",\"position\":1,\"name\":\"Trang ch\u1ee7\",\"item\":\"https:\/\/saigonisb.hub.edu.vn\/cunhan\/\"},{\"@type\":\"ListItem\",\"position\":2,\"name\":\"C\u1eed nh\u00e2n qu\u1ed1c t\u1ebf pathway\"}]},{\"@type\":\"WebSite\",\"@id\":\"https:\/\/saigonisb.hub.edu.vn\/cunhan\/#website\",\"url\":\"https:\/\/saigonisb.hub.edu.vn\/cunhan\/\",\"name\":\"Ch\u01b0\u01a1ng tr\u00ecnh C\u1eed nh\u00e2n qu\u1ed1c t\u1ebf\",\"description\":\"\",\"publisher\":{\"@id\":\"https:\/\/saigonisb.hub.edu.vn\/cunhan\/#organization\"},\"potentialAction\":[{\"@type\":\"SearchAction\",\"target\":{\"@type\":\"EntryPoint\",\"urlTemplate\":\"https:\/\/saigonisb.hub.edu.vn\/cunhan\/?s={search_term_string}\"},\"query-input\":{\"@type\":\"PropertyValueSpecification\",\"valueRequired\":true,\"valueName\":\"search_term_string\"}}],\"inLanguage\":\"vi\"},{\"@type\":\"Organization\",\"@id\":\"https:\/\/saigonisb.hub.edu.vn\/cunhan\/#organization\",\"name\":\"Vi\u1ec7n \u0110\u00e0o T\u1ea1o Qu\u1ed1c T\u1ebf SaigonISB\",\"url\":\"https:\/\/saigonisb.hub.edu.vn\/cunhan\/\",\"logo\":{\"@type\":\"ImageObject\",\"inLanguage\":\"vi\",\"@id\":\"https:\/\/saigonisb.hub.edu.vn\/cunhan\/#\/schema\/logo\/image\/\",\"url\":\"https:\/\/saigonisb.hub.edu.vn\/cunhan\/wp-content\/uploads\/2023\/04\/Logo-ISB.png\",\"contentUrl\":\"https:\/\/saigonisb.hub.edu.vn\/cunhan\/wp-content\/uploads\/2023\/04\/Logo-ISB.png\",\"width\":1712,\"height\":351,\"caption\":\"Vi\u1ec7n \u0110\u00e0o T\u1ea1o Qu\u1ed1c T\u1ebf SaigonISB\"},\"image\":{\"@id\":\"https:\/\/saigonisb.hub.edu.vn\/cunhan\/#\/schema\/logo\/image\/\"},\"sameAs\":[\"https:\/\/www.facebook.com\/saigonisb.hub\"]}]}<\/script>\n<!-- \/ Yoast SEO plugin. -->","yoast_head_json":{"title":"C\u1eed nh\u00e2n qu\u1ed1c t\u1ebf pathway - Ch\u01b0\u01a1ng tr\u00ecnh C\u1eed nh\u00e2n qu\u1ed1c t\u1ebf","robots":{"index":"index","follow":"follow","max-snippet":"max-snippet:-1","max-image-preview":"max-image-preview:large","max-video-preview":"max-video-preview:-1"},"canonical":"https:\/\/saigonisb.hub.edu.vn\/cunhan\/pathway\/","og_locale":"vi_VN","og_type":"article","og_title":"C\u1eed nh\u00e2n qu\u1ed1c t\u1ebf pathway - Ch\u01b0\u01a1ng tr\u00ecnh C\u1eed nh\u00e2n qu\u1ed1c t\u1ebf","og_url":"https:\/\/saigonisb.hub.edu.vn\/cunhan\/pathway\/","og_site_name":"Ch\u01b0\u01a1ng tr\u00ecnh C\u1eed nh\u00e2n qu\u1ed1c t\u1ebf","article_publisher":"https:\/\/www.facebook.com\/saigonisb.hub","article_modified_time":"2024-11-25T03:07:26+00:00","og_image":[{"width":2560,"height":1707,"url":"https:\/\/saigonisb.hub.edu.vn\/cunhan\/wp-content\/uploads\/2022\/09\/12.OW2022-scaled.jpg","type":"image\/jpeg"}],"twitter_card":"summary_large_image","twitter_misc":{"\u01af\u1edbc t\u00ednh th\u1eddi gian \u0111\u1ecdc":"4 ph\u00fat"},"schema":{"@context":"https:\/\/schema.org","@graph":[{"@type":"WebPage","@id":"https:\/\/saigonisb.hub.edu.vn\/cunhan\/pathway\/","url":"https:\/\/saigonisb.hub.edu.vn\/cunhan\/pathway\/","name":"C\u1eed nh\u00e2n qu\u1ed1c t\u1ebf pathway - Ch\u01b0\u01a1ng tr\u00ecnh C\u1eed nh\u00e2n qu\u1ed1c t\u1ebf","isPartOf":{"@id":"https:\/\/saigonisb.hub.edu.vn\/cunhan\/#website"},"datePublished":"2020-07-15T05:02:31+00:00","dateModified":"2024-11-25T03:07:26+00:00","breadcrumb":{"@id":"https:\/\/saigonisb.hub.edu.vn\/cunhan\/pathway\/#breadcrumb"},"inLanguage":"vi","potentialAction":[{"@type":"ReadAction","target":["https:\/\/saigonisb.hub.edu.vn\/cunhan\/pathway\/"]}]},{"@type":"BreadcrumbList","@id":"https:\/\/saigonisb.hub.edu.vn\/cunhan\/pathway\/#breadcrumb","itemListElement":[{"@type":"ListItem","position":1,"name":"Trang ch\u1ee7","item":"https:\/\/saigonisb.hub.edu.vn\/cunhan\/"},{"@type":"ListItem","position":2,"name":"C\u1eed nh\u00e2n qu\u1ed1c t\u1ebf pathway"}]},{"@type":"WebSite","@id":"https:\/\/saigonisb.hub.edu.vn\/cunhan\/#website","url":"https:\/\/saigonisb.hub.edu.vn\/cunhan\/","name":"Ch\u01b0\u01a1ng tr\u00ecnh C\u1eed nh\u00e2n qu\u1ed1c t\u1ebf","description":"","publisher":{"@id":"https:\/\/saigonisb.hub.edu.vn\/cunhan\/#organization"},"potentialAction":[{"@type":"SearchAction","target":{"@type":"EntryPoint","urlTemplate":"https:\/\/saigonisb.hub.edu.vn\/cunhan\/?s={search_term_string}"},"query-input":{"@type":"PropertyValueSpecification","valueRequired":true,"valueName":"search_term_string"}}],"inLanguage":"vi"},{"@type":"Organization","@id":"https:\/\/saigonisb.hub.edu.vn\/cunhan\/#organization","name":"Vi\u1ec7n \u0110\u00e0o T\u1ea1o Qu\u1ed1c T\u1ebf SaigonISB","url":"https:\/\/saigonisb.hub.edu.vn\/cunhan\/","logo":{"@type":"ImageObject","inLanguage":"vi","@id":"https:\/\/saigonisb.hub.edu.vn\/cunhan\/#\/schema\/logo\/image\/","url":"https:\/\/saigonisb.hub.edu.vn\/cunhan\/wp-content\/uploads\/2023\/04\/Logo-ISB.png","contentUrl":"https:\/\/saigonisb.hub.edu.vn\/cunhan\/wp-content\/uploads\/2023\/04\/Logo-ISB.png","width":1712,"height":351,"caption":"Vi\u1ec7n \u0110\u00e0o T\u1ea1o Qu\u1ed1c T\u1ebf SaigonISB"},"image":{"@id":"https:\/\/saigonisb.hub.edu.vn\/cunhan\/#\/schema\/logo\/image\/"},"sameAs":["https:\/\/www.facebook.com\/saigonisb.hub"]}]}},"_links":{"self":[{"href":"https:\/\/saigonisb.hub.edu.vn\/cunhan\/wp-json\/wp\/v2\/pages\/1686"}],"collection":[{"href":"https:\/\/saigonisb.hub.edu.vn\/cunhan\/wp-json\/wp\/v2\/pages"}],"about":[{"href":"https:\/\/saigonisb.hub.edu.vn\/cunhan\/wp-json\/wp\/v2\/types\/page"}],"author":[{"embeddable":true,"href":"https:\/\/saigonisb.hub.edu.vn\/cunhan\/wp-json\/wp\/v2\/users\/1"}],"replies":[{"embeddable":true,"href":"https:\/\/saigonisb.hub.edu.vn\/cunhan\/wp-json\/wp\/v2\/comments?post=1686"}],"version-history":[{"count":38,"href":"https:\/\/saigonisb.hub.edu.vn\/cunhan\/wp-json\/wp\/v2\/pages\/1686\/revisions"}],"predecessor-version":[{"id":3452,"href":"https:\/\/saigonisb.hub.edu.vn\/cunhan\/wp-json\/wp\/v2\/pages\/1686\/revisions\/3452"}],"wp:attachment":[{"href":"https:\/\/saigonisb.hub.edu.vn\/cunhan\/wp-json\/wp\/v2\/media?parent=1686"}],"curies":[{"name":"wp","href":"https:\/\/api.w.org\/{rel}","templated":true}]}}