{"id":1264,"date":"2020-04-23T12:18:35","date_gmt":"2020-04-23T05:18:35","guid":{"rendered":"http:\/\/saigonisb.hub.edu.vn\/cunhan\/?page_id=1264"},"modified":"2020-04-23T14:42:03","modified_gmt":"2020-04-23T07:42:03","slug":"duong-bo","status":"publish","type":"page","link":"https:\/\/saigonisb.hub.edu.vn\/cunhan\/nhip-song-saigonisb\/di-chuyen\/duong-bo\/","title":{"rendered":"\u0110\u01b0\u1eddng b\u1ed9"},"content":{"rendered":"<p>Vi\u1ec7c \u0111i l\u1ea1i b\u1eb1ng \u0111\u01b0\u1eddng b\u1ed9 c\u0169ng c\u1ef1c k\u00ec thu\u1eadn ti\u1ec7n v\u00ec giao th\u00f4ng v\u00e0 \u0111\u01b0\u1eddng x\u00e1 n\u01a1i \u0111\u00e2y th\u00e2n thi\u1ec7n v\u1edbi ng\u01b0\u1eddi b\u1ed9 h\u00e0nh. Sinh vi\u00ean s\u1ebd kh\u00f4ng m\u1ea5t nhi\u1ec1u th\u1eddi gian \u0111\u1ec3 \u0111i b\u1ed9 \u0111\u1ebfn tr\u01b0\u1eddng hay di chuy\u1ec3n \u0111\u1ebfn c\u00e1c \u0111\u1ecba \u0111i\u1ec3m l\u00e2n c\u1eadn.<\/p>\n","protected":false},"excerpt":{"rendered":"<p>Vi\u1ec7c \u0111i l\u1ea1i b\u1eb1ng \u0111\u01b0\u1eddng b\u1ed9 c\u0169ng c\u1ef1c k\u00ec thu\u1eadn ti\u1ec7n v\u00ec giao th\u00f4ng v\u00e0 \u0111\u01b0\u1eddng x\u00e1 n\u01a1i \u0111\u00e2y th\u00e2n thi\u1ec7n v\u1edbi ng\u01b0\u1eddi b\u1ed9 h\u00e0nh. Sinh vi\u00ean s\u1ebd kh\u00f4ng m\u1ea5t nhi\u1ec1u th\u1eddi gian \u0111\u1ec3 \u0111i b\u1ed9 \u0111\u1ebfn tr\u01b0\u1eddng hay di chuy\u1ec3n \u0111\u1ebfn c\u00e1c \u0111\u1ecba \u0111i\u1ec3m l\u00e2n c\u1eadn.<\/p>\n","protected":false},"author":1,"featured_media":0,"parent":1169,"menu_order":0,"comment_status":"closed","ping_status":"closed","template":"page-blank-sub-nav-vertical.php","meta":{"footnotes":""},"class_list":["post-1264","page","type-page","status-publish","hentry"],"yoast_head":"<!-- This site is optimized with the Yoast SEO plugin v23.4 - https:\/\/yoast.com\/wordpress\/plugins\/seo\/ -->\n<title>\u0110\u01b0\u1eddng b\u1ed9 - Ch\u01b0\u01a1ng tr\u00ecnh C\u1eed nh\u00e2n qu\u1ed1c t\u1ebf<\/title>\n<meta name=\"robots\" content=\"index, follow, max-snippet:-1, max-image-preview:large, max-video-preview:-1\" \/>\n<link rel=\"canonical\" href=\"https:\/\/saigonisb.hub.edu.vn\/cunhan\/nhip-song-saigonisb\/di-chuyen\/duong-bo\/\" \/>\n<meta property=\"og:locale\" content=\"vi_VN\" \/>\n<meta property=\"og:type\" content=\"article\" \/>\n<meta property=\"og:title\" content=\"\u0110\u01b0\u1eddng b\u1ed9 - Ch\u01b0\u01a1ng tr\u00ecnh C\u1eed nh\u00e2n qu\u1ed1c t\u1ebf\" \/>\n<meta property=\"og:description\" content=\"Vi\u1ec7c \u0111i l\u1ea1i b\u1eb1ng \u0111\u01b0\u1eddng b\u1ed9 c\u0169ng c\u1ef1c k\u00ec thu\u1eadn ti\u1ec7n v\u00ec giao th\u00f4ng v\u00e0 \u0111\u01b0\u1eddng x\u00e1 n\u01a1i \u0111\u00e2y th\u00e2n thi\u1ec7n v\u1edbi ng\u01b0\u1eddi b\u1ed9 h\u00e0nh. Sinh vi\u00ean s\u1ebd kh\u00f4ng m\u1ea5t nhi\u1ec1u th\u1eddi gian \u0111\u1ec3 \u0111i b\u1ed9 \u0111\u1ebfn tr\u01b0\u1eddng hay di chuy\u1ec3n \u0111\u1ebfn c\u00e1c \u0111\u1ecba \u0111i\u1ec3m l\u00e2n c\u1eadn.\" \/>\n<meta property=\"og:url\" content=\"https:\/\/saigonisb.hub.edu.vn\/cunhan\/nhip-song-saigonisb\/di-chuyen\/duong-bo\/\" \/>\n<meta property=\"og:site_name\" content=\"Ch\u01b0\u01a1ng tr\u00ecnh C\u1eed nh\u00e2n qu\u1ed1c t\u1ebf\" \/>\n<meta property=\"article:publisher\" content=\"https:\/\/www.facebook.com\/saigonisb.hub\" \/>\n<meta property=\"article:modified_time\" content=\"2020-04-23T07:42:03+00:00\" \/>\n<meta property=\"og:image\" content=\"https:\/\/saigonisb.hub.edu.vn\/cunhan\/wp-content\/uploads\/2022\/09\/12.OW2022-scaled.jpg\" \/>\n\t<meta property=\"og:image:width\" content=\"2560\" \/>\n\t<meta property=\"og:image:height\" content=\"1707\" \/>\n\t<meta property=\"og:image:type\" content=\"image\/jpeg\" \/>\n<meta name=\"twitter:card\" content=\"summary_large_image\" \/>\n<script type=\"application\/ld+json\" class=\"yoast-schema-graph\">{\"@context\":\"https:\/\/schema.org\",\"@graph\":[{\"@type\":\"WebPage\",\"@id\":\"https:\/\/saigonisb.hub.edu.vn\/cunhan\/nhip-song-saigonisb\/di-chuyen\/duong-bo\/\",\"url\":\"https:\/\/saigonisb.hub.edu.vn\/cunhan\/nhip-song-saigonisb\/di-chuyen\/duong-bo\/\",\"name\":\"\u0110\u01b0\u1eddng b\u1ed9 - Ch\u01b0\u01a1ng tr\u00ecnh C\u1eed nh\u00e2n qu\u1ed1c t\u1ebf\",\"isPartOf\":{\"@id\":\"https:\/\/saigonisb.hub.edu.vn\/cunhan\/#website\"},\"datePublished\":\"2020-04-23T05:18:35+00:00\",\"dateModified\":\"2020-04-23T07:42:03+00:00\",\"breadcrumb\":{\"@id\":\"https:\/\/saigonisb.hub.edu.vn\/cunhan\/nhip-song-saigonisb\/di-chuyen\/duong-bo\/#breadcrumb\"},\"inLanguage\":\"vi\",\"potentialAction\":[{\"@type\":\"ReadAction\",\"target\":[\"https:\/\/saigonisb.hub.edu.vn\/cunhan\/nhip-song-saigonisb\/di-chuyen\/duong-bo\/\"]}]},{\"@type\":\"BreadcrumbList\",\"@id\":\"https:\/\/saigonisb.hub.edu.vn\/cunhan\/nhip-song-saigonisb\/di-chuyen\/duong-bo\/#breadcrumb\",\"itemListElement\":[{\"@type\":\"ListItem\",\"position\":1,\"name\":\"Trang ch\u1ee7\",\"item\":\"https:\/\/saigonisb.hub.edu.vn\/cunhan\/\"},{\"@type\":\"ListItem\",\"position\":2,\"name\":\"Nh\u1ecbp s\u1ed1ng SaigonISB\",\"item\":\"https:\/\/saigonisb.hub.edu.vn\/cunhan\/nhip-song-saigonisb\/\"},{\"@type\":\"ListItem\",\"position\":3,\"name\":\"Di chuy\u1ec3n\",\"item\":\"https:\/\/saigonisb.hub.edu.vn\/cunhan\/nhip-song-saigonisb\/di-chuyen\/\"},{\"@type\":\"ListItem\",\"position\":4,\"name\":\"\u0110\u01b0\u1eddng b\u1ed9\"}]},{\"@type\":\"WebSite\",\"@id\":\"https:\/\/saigonisb.hub.edu.vn\/cunhan\/#website\",\"url\":\"https:\/\/saigonisb.hub.edu.vn\/cunhan\/\",\"name\":\"Ch\u01b0\u01a1ng tr\u00ecnh C\u1eed nh\u00e2n qu\u1ed1c t\u1ebf\",\"description\":\"\",\"publisher\":{\"@id\":\"https:\/\/saigonisb.hub.edu.vn\/cunhan\/#organization\"},\"potentialAction\":[{\"@type\":\"SearchAction\",\"target\":{\"@type\":\"EntryPoint\",\"urlTemplate\":\"https:\/\/saigonisb.hub.edu.vn\/cunhan\/?s={search_term_string}\"},\"query-input\":{\"@type\":\"PropertyValueSpecification\",\"valueRequired\":true,\"valueName\":\"search_term_string\"}}],\"inLanguage\":\"vi\"},{\"@type\":\"Organization\",\"@id\":\"https:\/\/saigonisb.hub.edu.vn\/cunhan\/#organization\",\"name\":\"Vi\u1ec7n \u0110\u00e0o T\u1ea1o Qu\u1ed1c T\u1ebf SaigonISB\",\"url\":\"https:\/\/saigonisb.hub.edu.vn\/cunhan\/\",\"logo\":{\"@type\":\"ImageObject\",\"inLanguage\":\"vi\",\"@id\":\"https:\/\/saigonisb.hub.edu.vn\/cunhan\/#\/schema\/logo\/image\/\",\"url\":\"https:\/\/saigonisb.hub.edu.vn\/cunhan\/wp-content\/uploads\/2023\/04\/Logo-ISB.png\",\"contentUrl\":\"https:\/\/saigonisb.hub.edu.vn\/cunhan\/wp-content\/uploads\/2023\/04\/Logo-ISB.png\",\"width\":1712,\"height\":351,\"caption\":\"Vi\u1ec7n \u0110\u00e0o T\u1ea1o Qu\u1ed1c T\u1ebf SaigonISB\"},\"image\":{\"@id\":\"https:\/\/saigonisb.hub.edu.vn\/cunhan\/#\/schema\/logo\/image\/\"},\"sameAs\":[\"https:\/\/www.facebook.com\/saigonisb.hub\"]}]}<\/script>\n<!-- \/ Yoast SEO plugin. -->","yoast_head_json":{"title":"\u0110\u01b0\u1eddng b\u1ed9 - Ch\u01b0\u01a1ng tr\u00ecnh C\u1eed nh\u00e2n qu\u1ed1c t\u1ebf","robots":{"index":"index","follow":"follow","max-snippet":"max-snippet:-1","max-image-preview":"max-image-preview:large","max-video-preview":"max-video-preview:-1"},"canonical":"https:\/\/saigonisb.hub.edu.vn\/cunhan\/nhip-song-saigonisb\/di-chuyen\/duong-bo\/","og_locale":"vi_VN","og_type":"article","og_title":"\u0110\u01b0\u1eddng b\u1ed9 - Ch\u01b0\u01a1ng tr\u00ecnh C\u1eed nh\u00e2n qu\u1ed1c t\u1ebf","og_description":"Vi\u1ec7c \u0111i l\u1ea1i b\u1eb1ng \u0111\u01b0\u1eddng b\u1ed9 c\u0169ng c\u1ef1c k\u00ec thu\u1eadn ti\u1ec7n v\u00ec giao th\u00f4ng v\u00e0 \u0111\u01b0\u1eddng x\u00e1 n\u01a1i \u0111\u00e2y th\u00e2n thi\u1ec7n v\u1edbi ng\u01b0\u1eddi b\u1ed9 h\u00e0nh. Sinh vi\u00ean s\u1ebd kh\u00f4ng m\u1ea5t nhi\u1ec1u th\u1eddi gian \u0111\u1ec3 \u0111i b\u1ed9 \u0111\u1ebfn tr\u01b0\u1eddng hay di chuy\u1ec3n \u0111\u1ebfn c\u00e1c \u0111\u1ecba \u0111i\u1ec3m l\u00e2n c\u1eadn.","og_url":"https:\/\/saigonisb.hub.edu.vn\/cunhan\/nhip-song-saigonisb\/di-chuyen\/duong-bo\/","og_site_name":"Ch\u01b0\u01a1ng tr\u00ecnh C\u1eed nh\u00e2n qu\u1ed1c t\u1ebf","article_publisher":"https:\/\/www.facebook.com\/saigonisb.hub","article_modified_time":"2020-04-23T07:42:03+00:00","og_image":[{"width":2560,"height":1707,"url":"https:\/\/saigonisb.hub.edu.vn\/cunhan\/wp-content\/uploads\/2022\/09\/12.OW2022-scaled.jpg","type":"image\/jpeg"}],"twitter_card":"summary_large_image","schema":{"@context":"https:\/\/schema.org","@graph":[{"@type":"WebPage","@id":"https:\/\/saigonisb.hub.edu.vn\/cunhan\/nhip-song-saigonisb\/di-chuyen\/duong-bo\/","url":"https:\/\/saigonisb.hub.edu.vn\/cunhan\/nhip-song-saigonisb\/di-chuyen\/duong-bo\/","name":"\u0110\u01b0\u1eddng b\u1ed9 - Ch\u01b0\u01a1ng tr\u00ecnh C\u1eed nh\u00e2n qu\u1ed1c t\u1ebf","isPartOf":{"@id":"https:\/\/saigonisb.hub.edu.vn\/cunhan\/#website"},"datePublished":"2020-04-23T05:18:35+00:00","dateModified":"2020-04-23T07:42:03+00:00","breadcrumb":{"@id":"https:\/\/saigonisb.hub.edu.vn\/cunhan\/nhip-song-saigonisb\/di-chuyen\/duong-bo\/#breadcrumb"},"inLanguage":"vi","potentialAction":[{"@type":"ReadAction","target":["https:\/\/saigonisb.hub.edu.vn\/cunhan\/nhip-song-saigonisb\/di-chuyen\/duong-bo\/"]}]},{"@type":"BreadcrumbList","@id":"https:\/\/saigonisb.hub.edu.vn\/cunhan\/nhip-song-saigonisb\/di-chuyen\/duong-bo\/#breadcrumb","itemListElement":[{"@type":"ListItem","position":1,"name":"Trang ch\u1ee7","item":"https:\/\/saigonisb.hub.edu.vn\/cunhan\/"},{"@type":"ListItem","position":2,"name":"Nh\u1ecbp s\u1ed1ng SaigonISB","item":"https:\/\/saigonisb.hub.edu.vn\/cunhan\/nhip-song-saigonisb\/"},{"@type":"ListItem","position":3,"name":"Di chuy\u1ec3n","item":"https:\/\/saigonisb.hub.edu.vn\/cunhan\/nhip-song-saigonisb\/di-chuyen\/"},{"@type":"ListItem","position":4,"name":"\u0110\u01b0\u1eddng b\u1ed9"}]},{"@type":"WebSite","@id":"https:\/\/saigonisb.hub.edu.vn\/cunhan\/#website","url":"https:\/\/saigonisb.hub.edu.vn\/cunhan\/","name":"Ch\u01b0\u01a1ng tr\u00ecnh C\u1eed nh\u00e2n qu\u1ed1c t\u1ebf","description":"","publisher":{"@id":"https:\/\/saigonisb.hub.edu.vn\/cunhan\/#organization"},"potentialAction":[{"@type":"SearchAction","target":{"@type":"EntryPoint","urlTemplate":"https:\/\/saigonisb.hub.edu.vn\/cunhan\/?s={search_term_string}"},"query-input":{"@type":"PropertyValueSpecification","valueRequired":true,"valueName":"search_term_string"}}],"inLanguage":"vi"},{"@type":"Organization","@id":"https:\/\/saigonisb.hub.edu.vn\/cunhan\/#organization","name":"Vi\u1ec7n \u0110\u00e0o T\u1ea1o Qu\u1ed1c T\u1ebf SaigonISB","url":"https:\/\/saigonisb.hub.edu.vn\/cunhan\/","logo":{"@type":"ImageObject","inLanguage":"vi","@id":"https:\/\/saigonisb.hub.edu.vn\/cunhan\/#\/schema\/logo\/image\/","url":"https:\/\/saigonisb.hub.edu.vn\/cunhan\/wp-content\/uploads\/2023\/04\/Logo-ISB.png","contentUrl":"https:\/\/saigonisb.hub.edu.vn\/cunhan\/wp-content\/uploads\/2023\/04\/Logo-ISB.png","width":1712,"height":351,"caption":"Vi\u1ec7n \u0110\u00e0o T\u1ea1o Qu\u1ed1c T\u1ebf SaigonISB"},"image":{"@id":"https:\/\/saigonisb.hub.edu.vn\/cunhan\/#\/schema\/logo\/image\/"},"sameAs":["https:\/\/www.facebook.com\/saigonisb.hub"]}]}},"_links":{"self":[{"href":"https:\/\/saigonisb.hub.edu.vn\/cunhan\/wp-json\/wp\/v2\/pages\/1264"}],"collection":[{"href":"https:\/\/saigonisb.hub.edu.vn\/cunhan\/wp-json\/wp\/v2\/pages"}],"about":[{"href":"https:\/\/saigonisb.hub.edu.vn\/cunhan\/wp-json\/wp\/v2\/types\/page"}],"author":[{"embeddable":true,"href":"https:\/\/saigonisb.hub.edu.vn\/cunhan\/wp-json\/wp\/v2\/users\/1"}],"replies":[{"embeddable":true,"href":"https:\/\/saigonisb.hub.edu.vn\/cunhan\/wp-json\/wp\/v2\/comments?post=1264"}],"version-history":[{"count":2,"href":"https:\/\/saigonisb.hub.edu.vn\/cunhan\/wp-json\/wp\/v2\/pages\/1264\/revisions"}],"predecessor-version":[{"id":1296,"href":"https:\/\/saigonisb.hub.edu.vn\/cunhan\/wp-json\/wp\/v2\/pages\/1264\/revisions\/1296"}],"up":[{"embeddable":true,"href":"https:\/\/saigonisb.hub.edu.vn\/cunhan\/wp-json\/wp\/v2\/pages\/1169"}],"wp:attachment":[{"href":"https:\/\/saigonisb.hub.edu.vn\/cunhan\/wp-json\/wp\/v2\/media?parent=1264"}],"curies":[{"name":"wp","href":"https:\/\/api.w.org\/{rel}","templated":true}]}}