{"id":1257,"date":"2020-04-23T11:20:00","date_gmt":"2020-04-23T04:20:00","guid":{"rendered":"http:\/\/saigonisb.hub.edu.vn\/cunhan\/?page_id=1257"},"modified":"2020-04-23T11:20:26","modified_gmt":"2020-04-23T04:20:26","slug":"san-tennis","status":"publish","type":"page","link":"https:\/\/saigonisb.hub.edu.vn\/cunhan\/nhip-song-saigonisb\/hoat-dong-the-chat\/san-tennis\/","title":{"rendered":"S\u00e2n tennis"},"content":{"rendered":"<p>\u0110\u01b0\u1ee3c x\u00e2y d\u1ef1ng t\u1eeb n\u0103m 2016, v\u1edbi c\u00e1c trang thi\u1ebft b\u1ecb hi\u1ec7n \u0111\u1ea1i, c\u00f9ng \u0111\u1ed9i ng\u0169 hu\u1ea5n luy\u1ec7n vi\u00ean gi\u00e0u kinh nghi\u1ec7m v\u00e0 nhi\u1ec7t huy\u1ebft, s\u00e2n Tennis c\u1ee7a HUB l\u00e0 m\u1ed9t s\u00e2n ch\u01a1i kh\u00f4ng th\u1ec3 b\u1ecf qua cho c\u00e1c b\u1ea1n sinh vi\u00ean \u0111am m\u00ea b\u1ed9 m\u00f4n n\u00e0y. H\u00e3y \u0111\u1ebfn ngay t\u1edbi s\u00e2n Tennis c\u1ee7a HUB, n\u01a1i b\u1ea1n kh\u00f4ng nh\u1eefng \u0111\u01b0\u1ee3c r\u00e8n luy\u1ec7n th\u1ec3 ch\u1ea5t m\u00e0 c\u00f2n c\u00f3 nh\u1eefng kho\u1ea3ng th\u1eddi gian th\u01b0 gi\u00e3n b\u00ean b\u1ea1n b\u00e8.<\/p>\n","protected":false},"excerpt":{"rendered":"<p>\u0110\u01b0\u1ee3c x\u00e2y d\u1ef1ng t\u1eeb n\u0103m 2016, v\u1edbi c\u00e1c trang thi\u1ebft b\u1ecb hi\u1ec7n \u0111\u1ea1i, c\u00f9ng \u0111\u1ed9i ng\u0169 hu\u1ea5n luy\u1ec7n vi\u00ean gi\u00e0u kinh nghi\u1ec7m v\u00e0 nhi\u1ec7t huy\u1ebft, s\u00e2n Tennis c\u1ee7a HUB l\u00e0 m\u1ed9t s\u00e2n ch\u01a1i kh\u00f4ng th\u1ec3 b\u1ecf qua cho c\u00e1c b\u1ea1n sinh vi\u00ean \u0111am m\u00ea b\u1ed9 m\u00f4n n\u00e0y. H\u00e3y \u0111\u1ebfn ngay t\u1edbi s\u00e2n Tennis c\u1ee7a HUB,&#8230;<\/p>\n","protected":false},"author":1,"featured_media":0,"parent":1163,"menu_order":0,"comment_status":"closed","ping_status":"closed","template":"page-blank-sub-nav-vertical.php","meta":{"footnotes":""},"class_list":["post-1257","page","type-page","status-publish","hentry"],"yoast_head":"<!-- This site is optimized with the Yoast SEO plugin v23.4 - https:\/\/yoast.com\/wordpress\/plugins\/seo\/ -->\n<title>S\u00e2n tennis - Ch\u01b0\u01a1ng tr\u00ecnh C\u1eed nh\u00e2n qu\u1ed1c t\u1ebf<\/title>\n<meta name=\"robots\" content=\"index, follow, max-snippet:-1, max-image-preview:large, max-video-preview:-1\" \/>\n<link rel=\"canonical\" href=\"https:\/\/saigonisb.hub.edu.vn\/cunhan\/nhip-song-saigonisb\/hoat-dong-the-chat\/san-tennis\/\" \/>\n<meta property=\"og:locale\" content=\"vi_VN\" \/>\n<meta property=\"og:type\" content=\"article\" \/>\n<meta property=\"og:title\" content=\"S\u00e2n tennis - Ch\u01b0\u01a1ng tr\u00ecnh C\u1eed nh\u00e2n qu\u1ed1c t\u1ebf\" \/>\n<meta property=\"og:description\" content=\"\u0110\u01b0\u1ee3c x\u00e2y d\u1ef1ng t\u1eeb n\u0103m 2016, v\u1edbi c\u00e1c trang thi\u1ebft b\u1ecb hi\u1ec7n \u0111\u1ea1i, c\u00f9ng \u0111\u1ed9i ng\u0169 hu\u1ea5n luy\u1ec7n vi\u00ean gi\u00e0u kinh nghi\u1ec7m v\u00e0 nhi\u1ec7t huy\u1ebft, s\u00e2n Tennis c\u1ee7a HUB l\u00e0 m\u1ed9t s\u00e2n ch\u01a1i kh\u00f4ng th\u1ec3 b\u1ecf qua cho c\u00e1c b\u1ea1n sinh vi\u00ean \u0111am m\u00ea b\u1ed9 m\u00f4n n\u00e0y. H\u00e3y \u0111\u1ebfn ngay t\u1edbi s\u00e2n Tennis c\u1ee7a HUB,...\" \/>\n<meta property=\"og:url\" content=\"https:\/\/saigonisb.hub.edu.vn\/cunhan\/nhip-song-saigonisb\/hoat-dong-the-chat\/san-tennis\/\" \/>\n<meta property=\"og:site_name\" content=\"Ch\u01b0\u01a1ng tr\u00ecnh C\u1eed nh\u00e2n qu\u1ed1c t\u1ebf\" \/>\n<meta property=\"article:publisher\" content=\"https:\/\/www.facebook.com\/saigonisb.hub\" \/>\n<meta property=\"article:modified_time\" content=\"2020-04-23T04:20:26+00:00\" \/>\n<meta property=\"og:image\" content=\"https:\/\/saigonisb.hub.edu.vn\/cunhan\/wp-content\/uploads\/2022\/09\/12.OW2022-scaled.jpg\" \/>\n\t<meta property=\"og:image:width\" content=\"2560\" \/>\n\t<meta property=\"og:image:height\" content=\"1707\" \/>\n\t<meta property=\"og:image:type\" content=\"image\/jpeg\" \/>\n<meta name=\"twitter:card\" content=\"summary_large_image\" \/>\n<meta name=\"twitter:label1\" content=\"\u01af\u1edbc t\u00ednh th\u1eddi gian \u0111\u1ecdc\" \/>\n\t<meta name=\"twitter:data1\" content=\"1 ph\u00fat\" \/>\n<script type=\"application\/ld+json\" class=\"yoast-schema-graph\">{\"@context\":\"https:\/\/schema.org\",\"@graph\":[{\"@type\":\"WebPage\",\"@id\":\"https:\/\/saigonisb.hub.edu.vn\/cunhan\/nhip-song-saigonisb\/hoat-dong-the-chat\/san-tennis\/\",\"url\":\"https:\/\/saigonisb.hub.edu.vn\/cunhan\/nhip-song-saigonisb\/hoat-dong-the-chat\/san-tennis\/\",\"name\":\"S\u00e2n tennis - Ch\u01b0\u01a1ng tr\u00ecnh C\u1eed nh\u00e2n qu\u1ed1c t\u1ebf\",\"isPartOf\":{\"@id\":\"https:\/\/saigonisb.hub.edu.vn\/cunhan\/#website\"},\"datePublished\":\"2020-04-23T04:20:00+00:00\",\"dateModified\":\"2020-04-23T04:20:26+00:00\",\"breadcrumb\":{\"@id\":\"https:\/\/saigonisb.hub.edu.vn\/cunhan\/nhip-song-saigonisb\/hoat-dong-the-chat\/san-tennis\/#breadcrumb\"},\"inLanguage\":\"vi\",\"potentialAction\":[{\"@type\":\"ReadAction\",\"target\":[\"https:\/\/saigonisb.hub.edu.vn\/cunhan\/nhip-song-saigonisb\/hoat-dong-the-chat\/san-tennis\/\"]}]},{\"@type\":\"BreadcrumbList\",\"@id\":\"https:\/\/saigonisb.hub.edu.vn\/cunhan\/nhip-song-saigonisb\/hoat-dong-the-chat\/san-tennis\/#breadcrumb\",\"itemListElement\":[{\"@type\":\"ListItem\",\"position\":1,\"name\":\"Trang ch\u1ee7\",\"item\":\"https:\/\/saigonisb.hub.edu.vn\/cunhan\/\"},{\"@type\":\"ListItem\",\"position\":2,\"name\":\"Nh\u1ecbp s\u1ed1ng SaigonISB\",\"item\":\"https:\/\/saigonisb.hub.edu.vn\/cunhan\/nhip-song-saigonisb\/\"},{\"@type\":\"ListItem\",\"position\":3,\"name\":\"Ho\u1ea1t \u0111\u1ed9ng th\u1ec3 ch\u1ea5t\",\"item\":\"https:\/\/saigonisb.hub.edu.vn\/cunhan\/nhip-song-saigonisb\/hoat-dong-the-chat\/\"},{\"@type\":\"ListItem\",\"position\":4,\"name\":\"S\u00e2n tennis\"}]},{\"@type\":\"WebSite\",\"@id\":\"https:\/\/saigonisb.hub.edu.vn\/cunhan\/#website\",\"url\":\"https:\/\/saigonisb.hub.edu.vn\/cunhan\/\",\"name\":\"Ch\u01b0\u01a1ng tr\u00ecnh C\u1eed nh\u00e2n qu\u1ed1c t\u1ebf\",\"description\":\"\",\"publisher\":{\"@id\":\"https:\/\/saigonisb.hub.edu.vn\/cunhan\/#organization\"},\"potentialAction\":[{\"@type\":\"SearchAction\",\"target\":{\"@type\":\"EntryPoint\",\"urlTemplate\":\"https:\/\/saigonisb.hub.edu.vn\/cunhan\/?s={search_term_string}\"},\"query-input\":{\"@type\":\"PropertyValueSpecification\",\"valueRequired\":true,\"valueName\":\"search_term_string\"}}],\"inLanguage\":\"vi\"},{\"@type\":\"Organization\",\"@id\":\"https:\/\/saigonisb.hub.edu.vn\/cunhan\/#organization\",\"name\":\"Vi\u1ec7n \u0110\u00e0o T\u1ea1o Qu\u1ed1c T\u1ebf SaigonISB\",\"url\":\"https:\/\/saigonisb.hub.edu.vn\/cunhan\/\",\"logo\":{\"@type\":\"ImageObject\",\"inLanguage\":\"vi\",\"@id\":\"https:\/\/saigonisb.hub.edu.vn\/cunhan\/#\/schema\/logo\/image\/\",\"url\":\"https:\/\/saigonisb.hub.edu.vn\/cunhan\/wp-content\/uploads\/2023\/04\/Logo-ISB.png\",\"contentUrl\":\"https:\/\/saigonisb.hub.edu.vn\/cunhan\/wp-content\/uploads\/2023\/04\/Logo-ISB.png\",\"width\":1712,\"height\":351,\"caption\":\"Vi\u1ec7n \u0110\u00e0o T\u1ea1o Qu\u1ed1c T\u1ebf SaigonISB\"},\"image\":{\"@id\":\"https:\/\/saigonisb.hub.edu.vn\/cunhan\/#\/schema\/logo\/image\/\"},\"sameAs\":[\"https:\/\/www.facebook.com\/saigonisb.hub\"]}]}<\/script>\n<!-- \/ Yoast SEO plugin. -->","yoast_head_json":{"title":"S\u00e2n tennis - Ch\u01b0\u01a1ng tr\u00ecnh C\u1eed nh\u00e2n qu\u1ed1c t\u1ebf","robots":{"index":"index","follow":"follow","max-snippet":"max-snippet:-1","max-image-preview":"max-image-preview:large","max-video-preview":"max-video-preview:-1"},"canonical":"https:\/\/saigonisb.hub.edu.vn\/cunhan\/nhip-song-saigonisb\/hoat-dong-the-chat\/san-tennis\/","og_locale":"vi_VN","og_type":"article","og_title":"S\u00e2n tennis - Ch\u01b0\u01a1ng tr\u00ecnh C\u1eed nh\u00e2n qu\u1ed1c t\u1ebf","og_description":"\u0110\u01b0\u1ee3c x\u00e2y d\u1ef1ng t\u1eeb n\u0103m 2016, v\u1edbi c\u00e1c trang thi\u1ebft b\u1ecb hi\u1ec7n \u0111\u1ea1i, c\u00f9ng \u0111\u1ed9i ng\u0169 hu\u1ea5n luy\u1ec7n vi\u00ean gi\u00e0u kinh nghi\u1ec7m v\u00e0 nhi\u1ec7t huy\u1ebft, s\u00e2n Tennis c\u1ee7a HUB l\u00e0 m\u1ed9t s\u00e2n ch\u01a1i kh\u00f4ng th\u1ec3 b\u1ecf qua cho c\u00e1c b\u1ea1n sinh vi\u00ean \u0111am m\u00ea b\u1ed9 m\u00f4n n\u00e0y. H\u00e3y \u0111\u1ebfn ngay t\u1edbi s\u00e2n Tennis c\u1ee7a HUB,...","og_url":"https:\/\/saigonisb.hub.edu.vn\/cunhan\/nhip-song-saigonisb\/hoat-dong-the-chat\/san-tennis\/","og_site_name":"Ch\u01b0\u01a1ng tr\u00ecnh C\u1eed nh\u00e2n qu\u1ed1c t\u1ebf","article_publisher":"https:\/\/www.facebook.com\/saigonisb.hub","article_modified_time":"2020-04-23T04:20:26+00:00","og_image":[{"width":2560,"height":1707,"url":"https:\/\/saigonisb.hub.edu.vn\/cunhan\/wp-content\/uploads\/2022\/09\/12.OW2022-scaled.jpg","type":"image\/jpeg"}],"twitter_card":"summary_large_image","twitter_misc":{"\u01af\u1edbc t\u00ednh th\u1eddi gian \u0111\u1ecdc":"1 ph\u00fat"},"schema":{"@context":"https:\/\/schema.org","@graph":[{"@type":"WebPage","@id":"https:\/\/saigonisb.hub.edu.vn\/cunhan\/nhip-song-saigonisb\/hoat-dong-the-chat\/san-tennis\/","url":"https:\/\/saigonisb.hub.edu.vn\/cunhan\/nhip-song-saigonisb\/hoat-dong-the-chat\/san-tennis\/","name":"S\u00e2n tennis - Ch\u01b0\u01a1ng tr\u00ecnh C\u1eed nh\u00e2n qu\u1ed1c t\u1ebf","isPartOf":{"@id":"https:\/\/saigonisb.hub.edu.vn\/cunhan\/#website"},"datePublished":"2020-04-23T04:20:00+00:00","dateModified":"2020-04-23T04:20:26+00:00","breadcrumb":{"@id":"https:\/\/saigonisb.hub.edu.vn\/cunhan\/nhip-song-saigonisb\/hoat-dong-the-chat\/san-tennis\/#breadcrumb"},"inLanguage":"vi","potentialAction":[{"@type":"ReadAction","target":["https:\/\/saigonisb.hub.edu.vn\/cunhan\/nhip-song-saigonisb\/hoat-dong-the-chat\/san-tennis\/"]}]},{"@type":"BreadcrumbList","@id":"https:\/\/saigonisb.hub.edu.vn\/cunhan\/nhip-song-saigonisb\/hoat-dong-the-chat\/san-tennis\/#breadcrumb","itemListElement":[{"@type":"ListItem","position":1,"name":"Trang ch\u1ee7","item":"https:\/\/saigonisb.hub.edu.vn\/cunhan\/"},{"@type":"ListItem","position":2,"name":"Nh\u1ecbp s\u1ed1ng SaigonISB","item":"https:\/\/saigonisb.hub.edu.vn\/cunhan\/nhip-song-saigonisb\/"},{"@type":"ListItem","position":3,"name":"Ho\u1ea1t \u0111\u1ed9ng th\u1ec3 ch\u1ea5t","item":"https:\/\/saigonisb.hub.edu.vn\/cunhan\/nhip-song-saigonisb\/hoat-dong-the-chat\/"},{"@type":"ListItem","position":4,"name":"S\u00e2n tennis"}]},{"@type":"WebSite","@id":"https:\/\/saigonisb.hub.edu.vn\/cunhan\/#website","url":"https:\/\/saigonisb.hub.edu.vn\/cunhan\/","name":"Ch\u01b0\u01a1ng tr\u00ecnh C\u1eed nh\u00e2n qu\u1ed1c t\u1ebf","description":"","publisher":{"@id":"https:\/\/saigonisb.hub.edu.vn\/cunhan\/#organization"},"potentialAction":[{"@type":"SearchAction","target":{"@type":"EntryPoint","urlTemplate":"https:\/\/saigonisb.hub.edu.vn\/cunhan\/?s={search_term_string}"},"query-input":{"@type":"PropertyValueSpecification","valueRequired":true,"valueName":"search_term_string"}}],"inLanguage":"vi"},{"@type":"Organization","@id":"https:\/\/saigonisb.hub.edu.vn\/cunhan\/#organization","name":"Vi\u1ec7n \u0110\u00e0o T\u1ea1o Qu\u1ed1c T\u1ebf SaigonISB","url":"https:\/\/saigonisb.hub.edu.vn\/cunhan\/","logo":{"@type":"ImageObject","inLanguage":"vi","@id":"https:\/\/saigonisb.hub.edu.vn\/cunhan\/#\/schema\/logo\/image\/","url":"https:\/\/saigonisb.hub.edu.vn\/cunhan\/wp-content\/uploads\/2023\/04\/Logo-ISB.png","contentUrl":"https:\/\/saigonisb.hub.edu.vn\/cunhan\/wp-content\/uploads\/2023\/04\/Logo-ISB.png","width":1712,"height":351,"caption":"Vi\u1ec7n \u0110\u00e0o T\u1ea1o Qu\u1ed1c T\u1ebf SaigonISB"},"image":{"@id":"https:\/\/saigonisb.hub.edu.vn\/cunhan\/#\/schema\/logo\/image\/"},"sameAs":["https:\/\/www.facebook.com\/saigonisb.hub"]}]}},"_links":{"self":[{"href":"https:\/\/saigonisb.hub.edu.vn\/cunhan\/wp-json\/wp\/v2\/pages\/1257"}],"collection":[{"href":"https:\/\/saigonisb.hub.edu.vn\/cunhan\/wp-json\/wp\/v2\/pages"}],"about":[{"href":"https:\/\/saigonisb.hub.edu.vn\/cunhan\/wp-json\/wp\/v2\/types\/page"}],"author":[{"embeddable":true,"href":"https:\/\/saigonisb.hub.edu.vn\/cunhan\/wp-json\/wp\/v2\/users\/1"}],"replies":[{"embeddable":true,"href":"https:\/\/saigonisb.hub.edu.vn\/cunhan\/wp-json\/wp\/v2\/comments?post=1257"}],"version-history":[{"count":2,"href":"https:\/\/saigonisb.hub.edu.vn\/cunhan\/wp-json\/wp\/v2\/pages\/1257\/revisions"}],"predecessor-version":[{"id":1259,"href":"https:\/\/saigonisb.hub.edu.vn\/cunhan\/wp-json\/wp\/v2\/pages\/1257\/revisions\/1259"}],"up":[{"embeddable":true,"href":"https:\/\/saigonisb.hub.edu.vn\/cunhan\/wp-json\/wp\/v2\/pages\/1163"}],"wp:attachment":[{"href":"https:\/\/saigonisb.hub.edu.vn\/cunhan\/wp-json\/wp\/v2\/media?parent=1257"}],"curies":[{"name":"wp","href":"https:\/\/api.w.org\/{rel}","templated":true}]}}