{"id":1255,"date":"2020-04-23T11:19:06","date_gmt":"2020-04-23T04:19:06","guid":{"rendered":"http:\/\/saigonisb.hub.edu.vn\/cunhan\/?page_id=1255"},"modified":"2020-04-23T11:19:06","modified_gmt":"2020-04-23T04:19:06","slug":"san-bong-da","status":"publish","type":"page","link":"https:\/\/saigonisb.hub.edu.vn\/cunhan\/nhip-song-saigonisb\/hoat-dong-the-chat\/san-bong-da\/","title":{"rendered":"S\u00e2n b\u00f3ng \u0111\u00e1"},"content":{"rendered":"<p>Th\u00e0nh l\u1eadp t\u1eeb n\u0103m 2014, s\u00e2n b\u00f3ng \u0111\u00e1 \u0111\u00e3 tr\u1edf th\u00e0nh m\u1ed9t ph\u1ea7n kh\u00f4ng th\u1ec3 thi\u1ebfu trong \u0111\u1eddi s\u1ed1ng sinh vi\u00ean HUB.\u00a0 V\u1edbi di\u1ec7n t\u00edch r\u1ed9ng 1.800 m2, ph\u00f9 h\u1ee3p v\u1edbi c\u00e1c tr\u1eadn thi \u0111\u1ea5u quy m\u00f4 v\u1eeba v\u00e0 nh\u1ecf, \u0111\u00e2y l\u00e0 s\u00e2n ch\u01a1i b\u1ed5 \u00edch gi\u00fap t\u0103ng c\u01b0\u1eddng s\u1ee9c kh\u1ecfe v\u00e0 n\u00e2ng cao tinh th\u1ea7n \u0111\u1ed3ng \u0111\u1ed9i, v\u00e0 t\u1ea1o k\u1ef7 ni\u1ec7m \u0111\u00e1ng nh\u1edb c\u00f9ng h\u1ed9i b\u1ea1n th\u00e2n<\/p>\n","protected":false},"excerpt":{"rendered":"<p>Th\u00e0nh l\u1eadp t\u1eeb n\u0103m 2014, s\u00e2n b\u00f3ng \u0111\u00e1 \u0111\u00e3 tr\u1edf th\u00e0nh m\u1ed9t ph\u1ea7n kh\u00f4ng th\u1ec3 thi\u1ebfu trong \u0111\u1eddi s\u1ed1ng sinh vi\u00ean HUB.\u00a0 V\u1edbi di\u1ec7n t\u00edch r\u1ed9ng 1.800 m2, ph\u00f9 h\u1ee3p v\u1edbi c\u00e1c tr\u1eadn thi \u0111\u1ea5u quy m\u00f4 v\u1eeba v\u00e0 nh\u1ecf, \u0111\u00e2y l\u00e0 s\u00e2n ch\u01a1i b\u1ed5 \u00edch gi\u00fap t\u0103ng c\u01b0\u1eddng s\u1ee9c kh\u1ecfe v\u00e0 n\u00e2ng cao tinh&#8230;<\/p>\n","protected":false},"author":1,"featured_media":0,"parent":1163,"menu_order":0,"comment_status":"closed","ping_status":"closed","template":"page-blank-sub-nav-vertical.php","meta":{"footnotes":""},"class_list":["post-1255","page","type-page","status-publish","hentry"],"yoast_head":"<!-- This site is optimized with the Yoast SEO plugin v23.4 - https:\/\/yoast.com\/wordpress\/plugins\/seo\/ -->\n<title>S\u00e2n b\u00f3ng \u0111\u00e1 - Ch\u01b0\u01a1ng tr\u00ecnh C\u1eed nh\u00e2n qu\u1ed1c t\u1ebf<\/title>\n<meta name=\"robots\" content=\"index, follow, max-snippet:-1, max-image-preview:large, max-video-preview:-1\" \/>\n<link rel=\"canonical\" href=\"https:\/\/saigonisb.hub.edu.vn\/cunhan\/nhip-song-saigonisb\/hoat-dong-the-chat\/san-bong-da\/\" \/>\n<meta property=\"og:locale\" content=\"vi_VN\" \/>\n<meta property=\"og:type\" content=\"article\" \/>\n<meta property=\"og:title\" content=\"S\u00e2n b\u00f3ng \u0111\u00e1 - Ch\u01b0\u01a1ng tr\u00ecnh C\u1eed nh\u00e2n qu\u1ed1c t\u1ebf\" \/>\n<meta property=\"og:description\" content=\"Th\u00e0nh l\u1eadp t\u1eeb n\u0103m 2014, s\u00e2n b\u00f3ng \u0111\u00e1 \u0111\u00e3 tr\u1edf th\u00e0nh m\u1ed9t ph\u1ea7n kh\u00f4ng th\u1ec3 thi\u1ebfu trong \u0111\u1eddi s\u1ed1ng sinh vi\u00ean HUB.\u00a0 V\u1edbi di\u1ec7n t\u00edch r\u1ed9ng 1.800 m2, ph\u00f9 h\u1ee3p v\u1edbi c\u00e1c tr\u1eadn thi \u0111\u1ea5u quy m\u00f4 v\u1eeba v\u00e0 nh\u1ecf, \u0111\u00e2y l\u00e0 s\u00e2n ch\u01a1i b\u1ed5 \u00edch gi\u00fap t\u0103ng c\u01b0\u1eddng s\u1ee9c kh\u1ecfe v\u00e0 n\u00e2ng cao tinh...\" \/>\n<meta property=\"og:url\" content=\"https:\/\/saigonisb.hub.edu.vn\/cunhan\/nhip-song-saigonisb\/hoat-dong-the-chat\/san-bong-da\/\" \/>\n<meta property=\"og:site_name\" content=\"Ch\u01b0\u01a1ng tr\u00ecnh C\u1eed nh\u00e2n qu\u1ed1c t\u1ebf\" \/>\n<meta property=\"article:publisher\" content=\"https:\/\/www.facebook.com\/saigonisb.hub\" \/>\n<meta property=\"og:image\" content=\"https:\/\/saigonisb.hub.edu.vn\/cunhan\/wp-content\/uploads\/2022\/09\/12.OW2022-scaled.jpg\" \/>\n\t<meta property=\"og:image:width\" content=\"2560\" \/>\n\t<meta property=\"og:image:height\" content=\"1707\" \/>\n\t<meta property=\"og:image:type\" content=\"image\/jpeg\" \/>\n<meta name=\"twitter:card\" content=\"summary_large_image\" \/>\n<meta name=\"twitter:label1\" content=\"\u01af\u1edbc t\u00ednh th\u1eddi gian \u0111\u1ecdc\" \/>\n\t<meta name=\"twitter:data1\" content=\"1 ph\u00fat\" \/>\n<script type=\"application\/ld+json\" class=\"yoast-schema-graph\">{\"@context\":\"https:\/\/schema.org\",\"@graph\":[{\"@type\":\"WebPage\",\"@id\":\"https:\/\/saigonisb.hub.edu.vn\/cunhan\/nhip-song-saigonisb\/hoat-dong-the-chat\/san-bong-da\/\",\"url\":\"https:\/\/saigonisb.hub.edu.vn\/cunhan\/nhip-song-saigonisb\/hoat-dong-the-chat\/san-bong-da\/\",\"name\":\"S\u00e2n b\u00f3ng \u0111\u00e1 - Ch\u01b0\u01a1ng tr\u00ecnh C\u1eed nh\u00e2n qu\u1ed1c t\u1ebf\",\"isPartOf\":{\"@id\":\"https:\/\/saigonisb.hub.edu.vn\/cunhan\/#website\"},\"datePublished\":\"2020-04-23T04:19:06+00:00\",\"dateModified\":\"2020-04-23T04:19:06+00:00\",\"breadcrumb\":{\"@id\":\"https:\/\/saigonisb.hub.edu.vn\/cunhan\/nhip-song-saigonisb\/hoat-dong-the-chat\/san-bong-da\/#breadcrumb\"},\"inLanguage\":\"vi\",\"potentialAction\":[{\"@type\":\"ReadAction\",\"target\":[\"https:\/\/saigonisb.hub.edu.vn\/cunhan\/nhip-song-saigonisb\/hoat-dong-the-chat\/san-bong-da\/\"]}]},{\"@type\":\"BreadcrumbList\",\"@id\":\"https:\/\/saigonisb.hub.edu.vn\/cunhan\/nhip-song-saigonisb\/hoat-dong-the-chat\/san-bong-da\/#breadcrumb\",\"itemListElement\":[{\"@type\":\"ListItem\",\"position\":1,\"name\":\"Trang ch\u1ee7\",\"item\":\"https:\/\/saigonisb.hub.edu.vn\/cunhan\/\"},{\"@type\":\"ListItem\",\"position\":2,\"name\":\"Nh\u1ecbp s\u1ed1ng SaigonISB\",\"item\":\"https:\/\/saigonisb.hub.edu.vn\/cunhan\/nhip-song-saigonisb\/\"},{\"@type\":\"ListItem\",\"position\":3,\"name\":\"Ho\u1ea1t \u0111\u1ed9ng th\u1ec3 ch\u1ea5t\",\"item\":\"https:\/\/saigonisb.hub.edu.vn\/cunhan\/nhip-song-saigonisb\/hoat-dong-the-chat\/\"},{\"@type\":\"ListItem\",\"position\":4,\"name\":\"S\u00e2n b\u00f3ng \u0111\u00e1\"}]},{\"@type\":\"WebSite\",\"@id\":\"https:\/\/saigonisb.hub.edu.vn\/cunhan\/#website\",\"url\":\"https:\/\/saigonisb.hub.edu.vn\/cunhan\/\",\"name\":\"Ch\u01b0\u01a1ng tr\u00ecnh C\u1eed nh\u00e2n qu\u1ed1c t\u1ebf\",\"description\":\"\",\"publisher\":{\"@id\":\"https:\/\/saigonisb.hub.edu.vn\/cunhan\/#organization\"},\"potentialAction\":[{\"@type\":\"SearchAction\",\"target\":{\"@type\":\"EntryPoint\",\"urlTemplate\":\"https:\/\/saigonisb.hub.edu.vn\/cunhan\/?s={search_term_string}\"},\"query-input\":{\"@type\":\"PropertyValueSpecification\",\"valueRequired\":true,\"valueName\":\"search_term_string\"}}],\"inLanguage\":\"vi\"},{\"@type\":\"Organization\",\"@id\":\"https:\/\/saigonisb.hub.edu.vn\/cunhan\/#organization\",\"name\":\"Vi\u1ec7n \u0110\u00e0o T\u1ea1o Qu\u1ed1c T\u1ebf SaigonISB\",\"url\":\"https:\/\/saigonisb.hub.edu.vn\/cunhan\/\",\"logo\":{\"@type\":\"ImageObject\",\"inLanguage\":\"vi\",\"@id\":\"https:\/\/saigonisb.hub.edu.vn\/cunhan\/#\/schema\/logo\/image\/\",\"url\":\"https:\/\/saigonisb.hub.edu.vn\/cunhan\/wp-content\/uploads\/2023\/04\/Logo-ISB.png\",\"contentUrl\":\"https:\/\/saigonisb.hub.edu.vn\/cunhan\/wp-content\/uploads\/2023\/04\/Logo-ISB.png\",\"width\":1712,\"height\":351,\"caption\":\"Vi\u1ec7n \u0110\u00e0o T\u1ea1o Qu\u1ed1c T\u1ebf SaigonISB\"},\"image\":{\"@id\":\"https:\/\/saigonisb.hub.edu.vn\/cunhan\/#\/schema\/logo\/image\/\"},\"sameAs\":[\"https:\/\/www.facebook.com\/saigonisb.hub\"]}]}<\/script>\n<!-- \/ Yoast SEO plugin. -->","yoast_head_json":{"title":"S\u00e2n b\u00f3ng \u0111\u00e1 - Ch\u01b0\u01a1ng tr\u00ecnh C\u1eed nh\u00e2n qu\u1ed1c t\u1ebf","robots":{"index":"index","follow":"follow","max-snippet":"max-snippet:-1","max-image-preview":"max-image-preview:large","max-video-preview":"max-video-preview:-1"},"canonical":"https:\/\/saigonisb.hub.edu.vn\/cunhan\/nhip-song-saigonisb\/hoat-dong-the-chat\/san-bong-da\/","og_locale":"vi_VN","og_type":"article","og_title":"S\u00e2n b\u00f3ng \u0111\u00e1 - Ch\u01b0\u01a1ng tr\u00ecnh C\u1eed nh\u00e2n qu\u1ed1c t\u1ebf","og_description":"Th\u00e0nh l\u1eadp t\u1eeb n\u0103m 2014, s\u00e2n b\u00f3ng \u0111\u00e1 \u0111\u00e3 tr\u1edf th\u00e0nh m\u1ed9t ph\u1ea7n kh\u00f4ng th\u1ec3 thi\u1ebfu trong \u0111\u1eddi s\u1ed1ng sinh vi\u00ean HUB.\u00a0 V\u1edbi di\u1ec7n t\u00edch r\u1ed9ng 1.800 m2, ph\u00f9 h\u1ee3p v\u1edbi c\u00e1c tr\u1eadn thi \u0111\u1ea5u quy m\u00f4 v\u1eeba v\u00e0 nh\u1ecf, \u0111\u00e2y l\u00e0 s\u00e2n ch\u01a1i b\u1ed5 \u00edch gi\u00fap t\u0103ng c\u01b0\u1eddng s\u1ee9c kh\u1ecfe v\u00e0 n\u00e2ng cao tinh...","og_url":"https:\/\/saigonisb.hub.edu.vn\/cunhan\/nhip-song-saigonisb\/hoat-dong-the-chat\/san-bong-da\/","og_site_name":"Ch\u01b0\u01a1ng tr\u00ecnh C\u1eed nh\u00e2n qu\u1ed1c t\u1ebf","article_publisher":"https:\/\/www.facebook.com\/saigonisb.hub","og_image":[{"width":2560,"height":1707,"url":"https:\/\/saigonisb.hub.edu.vn\/cunhan\/wp-content\/uploads\/2022\/09\/12.OW2022-scaled.jpg","type":"image\/jpeg"}],"twitter_card":"summary_large_image","twitter_misc":{"\u01af\u1edbc t\u00ednh th\u1eddi gian \u0111\u1ecdc":"1 ph\u00fat"},"schema":{"@context":"https:\/\/schema.org","@graph":[{"@type":"WebPage","@id":"https:\/\/saigonisb.hub.edu.vn\/cunhan\/nhip-song-saigonisb\/hoat-dong-the-chat\/san-bong-da\/","url":"https:\/\/saigonisb.hub.edu.vn\/cunhan\/nhip-song-saigonisb\/hoat-dong-the-chat\/san-bong-da\/","name":"S\u00e2n b\u00f3ng \u0111\u00e1 - Ch\u01b0\u01a1ng tr\u00ecnh C\u1eed nh\u00e2n qu\u1ed1c t\u1ebf","isPartOf":{"@id":"https:\/\/saigonisb.hub.edu.vn\/cunhan\/#website"},"datePublished":"2020-04-23T04:19:06+00:00","dateModified":"2020-04-23T04:19:06+00:00","breadcrumb":{"@id":"https:\/\/saigonisb.hub.edu.vn\/cunhan\/nhip-song-saigonisb\/hoat-dong-the-chat\/san-bong-da\/#breadcrumb"},"inLanguage":"vi","potentialAction":[{"@type":"ReadAction","target":["https:\/\/saigonisb.hub.edu.vn\/cunhan\/nhip-song-saigonisb\/hoat-dong-the-chat\/san-bong-da\/"]}]},{"@type":"BreadcrumbList","@id":"https:\/\/saigonisb.hub.edu.vn\/cunhan\/nhip-song-saigonisb\/hoat-dong-the-chat\/san-bong-da\/#breadcrumb","itemListElement":[{"@type":"ListItem","position":1,"name":"Trang ch\u1ee7","item":"https:\/\/saigonisb.hub.edu.vn\/cunhan\/"},{"@type":"ListItem","position":2,"name":"Nh\u1ecbp s\u1ed1ng SaigonISB","item":"https:\/\/saigonisb.hub.edu.vn\/cunhan\/nhip-song-saigonisb\/"},{"@type":"ListItem","position":3,"name":"Ho\u1ea1t \u0111\u1ed9ng th\u1ec3 ch\u1ea5t","item":"https:\/\/saigonisb.hub.edu.vn\/cunhan\/nhip-song-saigonisb\/hoat-dong-the-chat\/"},{"@type":"ListItem","position":4,"name":"S\u00e2n b\u00f3ng \u0111\u00e1"}]},{"@type":"WebSite","@id":"https:\/\/saigonisb.hub.edu.vn\/cunhan\/#website","url":"https:\/\/saigonisb.hub.edu.vn\/cunhan\/","name":"Ch\u01b0\u01a1ng tr\u00ecnh C\u1eed nh\u00e2n qu\u1ed1c t\u1ebf","description":"","publisher":{"@id":"https:\/\/saigonisb.hub.edu.vn\/cunhan\/#organization"},"potentialAction":[{"@type":"SearchAction","target":{"@type":"EntryPoint","urlTemplate":"https:\/\/saigonisb.hub.edu.vn\/cunhan\/?s={search_term_string}"},"query-input":{"@type":"PropertyValueSpecification","valueRequired":true,"valueName":"search_term_string"}}],"inLanguage":"vi"},{"@type":"Organization","@id":"https:\/\/saigonisb.hub.edu.vn\/cunhan\/#organization","name":"Vi\u1ec7n \u0110\u00e0o T\u1ea1o Qu\u1ed1c T\u1ebf SaigonISB","url":"https:\/\/saigonisb.hub.edu.vn\/cunhan\/","logo":{"@type":"ImageObject","inLanguage":"vi","@id":"https:\/\/saigonisb.hub.edu.vn\/cunhan\/#\/schema\/logo\/image\/","url":"https:\/\/saigonisb.hub.edu.vn\/cunhan\/wp-content\/uploads\/2023\/04\/Logo-ISB.png","contentUrl":"https:\/\/saigonisb.hub.edu.vn\/cunhan\/wp-content\/uploads\/2023\/04\/Logo-ISB.png","width":1712,"height":351,"caption":"Vi\u1ec7n \u0110\u00e0o T\u1ea1o Qu\u1ed1c T\u1ebf SaigonISB"},"image":{"@id":"https:\/\/saigonisb.hub.edu.vn\/cunhan\/#\/schema\/logo\/image\/"},"sameAs":["https:\/\/www.facebook.com\/saigonisb.hub"]}]}},"_links":{"self":[{"href":"https:\/\/saigonisb.hub.edu.vn\/cunhan\/wp-json\/wp\/v2\/pages\/1255"}],"collection":[{"href":"https:\/\/saigonisb.hub.edu.vn\/cunhan\/wp-json\/wp\/v2\/pages"}],"about":[{"href":"https:\/\/saigonisb.hub.edu.vn\/cunhan\/wp-json\/wp\/v2\/types\/page"}],"author":[{"embeddable":true,"href":"https:\/\/saigonisb.hub.edu.vn\/cunhan\/wp-json\/wp\/v2\/users\/1"}],"replies":[{"embeddable":true,"href":"https:\/\/saigonisb.hub.edu.vn\/cunhan\/wp-json\/wp\/v2\/comments?post=1255"}],"version-history":[{"count":1,"href":"https:\/\/saigonisb.hub.edu.vn\/cunhan\/wp-json\/wp\/v2\/pages\/1255\/revisions"}],"predecessor-version":[{"id":1256,"href":"https:\/\/saigonisb.hub.edu.vn\/cunhan\/wp-json\/wp\/v2\/pages\/1255\/revisions\/1256"}],"up":[{"embeddable":true,"href":"https:\/\/saigonisb.hub.edu.vn\/cunhan\/wp-json\/wp\/v2\/pages\/1163"}],"wp:attachment":[{"href":"https:\/\/saigonisb.hub.edu.vn\/cunhan\/wp-json\/wp\/v2\/media?parent=1255"}],"curies":[{"name":"wp","href":"https:\/\/api.w.org\/{rel}","templated":true}]}}