{"id":1249,"date":"2020-04-23T11:16:30","date_gmt":"2020-04-23T04:16:30","guid":{"rendered":"http:\/\/saigonisb.hub.edu.vn\/cunhan\/?page_id=1249"},"modified":"2020-04-23T11:18:30","modified_gmt":"2020-04-23T04:18:30","slug":"ho-boi","status":"publish","type":"page","link":"https:\/\/saigonisb.hub.edu.vn\/cunhan\/nhip-song-saigonisb\/hoat-dong-the-chat\/ho-boi\/","title":{"rendered":"H\u1ed3 b\u01a1i"},"content":{"rendered":"<p>\u0110\u1ec3 \u0111\u00e1p \u1ee9ng nhu c\u1ea7u ho\u1ea1t \u0111\u1ed9ng th\u1ec3 ch\u1ea5t c\u1ee7a c\u00e1c b\u1ea1n sinh vi\u00ean, n\u0103m 2019, HUB \u0111\u00e3 ch\u00ednh th\u1ee9c kh\u00e1nh th\u00e0nh m\u1ed9t b\u1ec3 b\u01a1i m\u1edbi v\u1edbi di\u1ec7n t\u00edch 778,5 m2 n\u1eb1m trong khu ph\u1ee9c h\u1ee3p th\u1ec3 thao ngay t\u1ea1i khu\u00f4n vi\u00ean tr\u01b0\u1eddng. \u0110\u01b0\u1ee3c trang b\u1ecb h\u1ec7 th\u1ed1ng l\u1ecdc n\u01b0\u1edbc hi\u1ec7n \u0111\u1ea1i, thi\u1ebft b\u1ecb d\u1ee5ng c\u1ee5 t\u00e2n ti\u1ebfn, n\u01a1i \u0111\u00e2y nhanh ch\u00f3ng tr\u1edf th\u00e0nh \u0111\u1ecba \u0111i\u1ec3m t\u1eadp luy\u1ec7n m\u1edbi c\u1ee7a c\u00e1c b\u1ea1n sinh vi\u00ean t\u1ea1i tr\u01b0\u1eddng.<\/p>\n","protected":false},"excerpt":{"rendered":"<p>\u0110\u1ec3 \u0111\u00e1p \u1ee9ng nhu c\u1ea7u ho\u1ea1t \u0111\u1ed9ng th\u1ec3 ch\u1ea5t c\u1ee7a c\u00e1c b\u1ea1n sinh vi\u00ean, n\u0103m 2019, HUB \u0111\u00e3 ch\u00ednh th\u1ee9c kh\u00e1nh th\u00e0nh m\u1ed9t b\u1ec3 b\u01a1i m\u1edbi v\u1edbi di\u1ec7n t\u00edch 778,5 m2 n\u1eb1m trong khu ph\u1ee9c h\u1ee3p th\u1ec3 thao ngay t\u1ea1i khu\u00f4n vi\u00ean tr\u01b0\u1eddng. \u0110\u01b0\u1ee3c trang b\u1ecb h\u1ec7 th\u1ed1ng l\u1ecdc n\u01b0\u1edbc hi\u1ec7n \u0111\u1ea1i, thi\u1ebft b\u1ecb d\u1ee5ng&#8230;<\/p>\n","protected":false},"author":1,"featured_media":0,"parent":1163,"menu_order":0,"comment_status":"closed","ping_status":"closed","template":"page-blank-sub-nav-vertical.php","meta":{"footnotes":""},"class_list":["post-1249","page","type-page","status-publish","hentry"],"yoast_head":"<!-- This site is optimized with the Yoast SEO plugin v23.4 - https:\/\/yoast.com\/wordpress\/plugins\/seo\/ -->\n<title>H\u1ed3 b\u01a1i - Ch\u01b0\u01a1ng tr\u00ecnh C\u1eed nh\u00e2n qu\u1ed1c t\u1ebf<\/title>\n<meta name=\"robots\" content=\"index, follow, max-snippet:-1, max-image-preview:large, max-video-preview:-1\" \/>\n<link rel=\"canonical\" href=\"https:\/\/saigonisb.hub.edu.vn\/cunhan\/nhip-song-saigonisb\/hoat-dong-the-chat\/ho-boi\/\" \/>\n<meta property=\"og:locale\" content=\"vi_VN\" \/>\n<meta property=\"og:type\" content=\"article\" \/>\n<meta property=\"og:title\" content=\"H\u1ed3 b\u01a1i - Ch\u01b0\u01a1ng tr\u00ecnh C\u1eed nh\u00e2n qu\u1ed1c t\u1ebf\" \/>\n<meta property=\"og:description\" content=\"\u0110\u1ec3 \u0111\u00e1p \u1ee9ng nhu c\u1ea7u ho\u1ea1t \u0111\u1ed9ng th\u1ec3 ch\u1ea5t c\u1ee7a c\u00e1c b\u1ea1n sinh vi\u00ean, n\u0103m 2019, HUB \u0111\u00e3 ch\u00ednh th\u1ee9c kh\u00e1nh th\u00e0nh m\u1ed9t b\u1ec3 b\u01a1i m\u1edbi v\u1edbi di\u1ec7n t\u00edch 778,5 m2 n\u1eb1m trong khu ph\u1ee9c h\u1ee3p th\u1ec3 thao ngay t\u1ea1i khu\u00f4n vi\u00ean tr\u01b0\u1eddng. \u0110\u01b0\u1ee3c trang b\u1ecb h\u1ec7 th\u1ed1ng l\u1ecdc n\u01b0\u1edbc hi\u1ec7n \u0111\u1ea1i, thi\u1ebft b\u1ecb d\u1ee5ng...\" \/>\n<meta property=\"og:url\" content=\"https:\/\/saigonisb.hub.edu.vn\/cunhan\/nhip-song-saigonisb\/hoat-dong-the-chat\/ho-boi\/\" \/>\n<meta property=\"og:site_name\" content=\"Ch\u01b0\u01a1ng tr\u00ecnh C\u1eed nh\u00e2n qu\u1ed1c t\u1ebf\" \/>\n<meta property=\"article:publisher\" content=\"https:\/\/www.facebook.com\/saigonisb.hub\" \/>\n<meta property=\"article:modified_time\" content=\"2020-04-23T04:18:30+00:00\" \/>\n<meta property=\"og:image\" content=\"https:\/\/saigonisb.hub.edu.vn\/cunhan\/wp-content\/uploads\/2022\/09\/12.OW2022-scaled.jpg\" \/>\n\t<meta property=\"og:image:width\" content=\"2560\" \/>\n\t<meta property=\"og:image:height\" content=\"1707\" \/>\n\t<meta property=\"og:image:type\" content=\"image\/jpeg\" \/>\n<meta name=\"twitter:card\" content=\"summary_large_image\" \/>\n<meta name=\"twitter:label1\" content=\"\u01af\u1edbc t\u00ednh th\u1eddi gian \u0111\u1ecdc\" \/>\n\t<meta name=\"twitter:data1\" content=\"1 ph\u00fat\" \/>\n<script type=\"application\/ld+json\" class=\"yoast-schema-graph\">{\"@context\":\"https:\/\/schema.org\",\"@graph\":[{\"@type\":\"WebPage\",\"@id\":\"https:\/\/saigonisb.hub.edu.vn\/cunhan\/nhip-song-saigonisb\/hoat-dong-the-chat\/ho-boi\/\",\"url\":\"https:\/\/saigonisb.hub.edu.vn\/cunhan\/nhip-song-saigonisb\/hoat-dong-the-chat\/ho-boi\/\",\"name\":\"H\u1ed3 b\u01a1i - Ch\u01b0\u01a1ng tr\u00ecnh C\u1eed nh\u00e2n qu\u1ed1c t\u1ebf\",\"isPartOf\":{\"@id\":\"https:\/\/saigonisb.hub.edu.vn\/cunhan\/#website\"},\"datePublished\":\"2020-04-23T04:16:30+00:00\",\"dateModified\":\"2020-04-23T04:18:30+00:00\",\"breadcrumb\":{\"@id\":\"https:\/\/saigonisb.hub.edu.vn\/cunhan\/nhip-song-saigonisb\/hoat-dong-the-chat\/ho-boi\/#breadcrumb\"},\"inLanguage\":\"vi\",\"potentialAction\":[{\"@type\":\"ReadAction\",\"target\":[\"https:\/\/saigonisb.hub.edu.vn\/cunhan\/nhip-song-saigonisb\/hoat-dong-the-chat\/ho-boi\/\"]}]},{\"@type\":\"BreadcrumbList\",\"@id\":\"https:\/\/saigonisb.hub.edu.vn\/cunhan\/nhip-song-saigonisb\/hoat-dong-the-chat\/ho-boi\/#breadcrumb\",\"itemListElement\":[{\"@type\":\"ListItem\",\"position\":1,\"name\":\"Trang ch\u1ee7\",\"item\":\"https:\/\/saigonisb.hub.edu.vn\/cunhan\/\"},{\"@type\":\"ListItem\",\"position\":2,\"name\":\"Nh\u1ecbp s\u1ed1ng SaigonISB\",\"item\":\"https:\/\/saigonisb.hub.edu.vn\/cunhan\/nhip-song-saigonisb\/\"},{\"@type\":\"ListItem\",\"position\":3,\"name\":\"Ho\u1ea1t \u0111\u1ed9ng th\u1ec3 ch\u1ea5t\",\"item\":\"https:\/\/saigonisb.hub.edu.vn\/cunhan\/nhip-song-saigonisb\/hoat-dong-the-chat\/\"},{\"@type\":\"ListItem\",\"position\":4,\"name\":\"H\u1ed3 b\u01a1i\"}]},{\"@type\":\"WebSite\",\"@id\":\"https:\/\/saigonisb.hub.edu.vn\/cunhan\/#website\",\"url\":\"https:\/\/saigonisb.hub.edu.vn\/cunhan\/\",\"name\":\"Ch\u01b0\u01a1ng tr\u00ecnh C\u1eed nh\u00e2n qu\u1ed1c t\u1ebf\",\"description\":\"\",\"publisher\":{\"@id\":\"https:\/\/saigonisb.hub.edu.vn\/cunhan\/#organization\"},\"potentialAction\":[{\"@type\":\"SearchAction\",\"target\":{\"@type\":\"EntryPoint\",\"urlTemplate\":\"https:\/\/saigonisb.hub.edu.vn\/cunhan\/?s={search_term_string}\"},\"query-input\":{\"@type\":\"PropertyValueSpecification\",\"valueRequired\":true,\"valueName\":\"search_term_string\"}}],\"inLanguage\":\"vi\"},{\"@type\":\"Organization\",\"@id\":\"https:\/\/saigonisb.hub.edu.vn\/cunhan\/#organization\",\"name\":\"Vi\u1ec7n \u0110\u00e0o T\u1ea1o Qu\u1ed1c T\u1ebf SaigonISB\",\"url\":\"https:\/\/saigonisb.hub.edu.vn\/cunhan\/\",\"logo\":{\"@type\":\"ImageObject\",\"inLanguage\":\"vi\",\"@id\":\"https:\/\/saigonisb.hub.edu.vn\/cunhan\/#\/schema\/logo\/image\/\",\"url\":\"https:\/\/saigonisb.hub.edu.vn\/cunhan\/wp-content\/uploads\/2023\/04\/Logo-ISB.png\",\"contentUrl\":\"https:\/\/saigonisb.hub.edu.vn\/cunhan\/wp-content\/uploads\/2023\/04\/Logo-ISB.png\",\"width\":1712,\"height\":351,\"caption\":\"Vi\u1ec7n \u0110\u00e0o T\u1ea1o Qu\u1ed1c T\u1ebf SaigonISB\"},\"image\":{\"@id\":\"https:\/\/saigonisb.hub.edu.vn\/cunhan\/#\/schema\/logo\/image\/\"},\"sameAs\":[\"https:\/\/www.facebook.com\/saigonisb.hub\"]}]}<\/script>\n<!-- \/ Yoast SEO plugin. -->","yoast_head_json":{"title":"H\u1ed3 b\u01a1i - Ch\u01b0\u01a1ng tr\u00ecnh C\u1eed nh\u00e2n qu\u1ed1c t\u1ebf","robots":{"index":"index","follow":"follow","max-snippet":"max-snippet:-1","max-image-preview":"max-image-preview:large","max-video-preview":"max-video-preview:-1"},"canonical":"https:\/\/saigonisb.hub.edu.vn\/cunhan\/nhip-song-saigonisb\/hoat-dong-the-chat\/ho-boi\/","og_locale":"vi_VN","og_type":"article","og_title":"H\u1ed3 b\u01a1i - Ch\u01b0\u01a1ng tr\u00ecnh C\u1eed nh\u00e2n qu\u1ed1c t\u1ebf","og_description":"\u0110\u1ec3 \u0111\u00e1p \u1ee9ng nhu c\u1ea7u ho\u1ea1t \u0111\u1ed9ng th\u1ec3 ch\u1ea5t c\u1ee7a c\u00e1c b\u1ea1n sinh vi\u00ean, n\u0103m 2019, HUB \u0111\u00e3 ch\u00ednh th\u1ee9c kh\u00e1nh th\u00e0nh m\u1ed9t b\u1ec3 b\u01a1i m\u1edbi v\u1edbi di\u1ec7n t\u00edch 778,5 m2 n\u1eb1m trong khu ph\u1ee9c h\u1ee3p th\u1ec3 thao ngay t\u1ea1i khu\u00f4n vi\u00ean tr\u01b0\u1eddng. \u0110\u01b0\u1ee3c trang b\u1ecb h\u1ec7 th\u1ed1ng l\u1ecdc n\u01b0\u1edbc hi\u1ec7n \u0111\u1ea1i, thi\u1ebft b\u1ecb d\u1ee5ng...","og_url":"https:\/\/saigonisb.hub.edu.vn\/cunhan\/nhip-song-saigonisb\/hoat-dong-the-chat\/ho-boi\/","og_site_name":"Ch\u01b0\u01a1ng tr\u00ecnh C\u1eed nh\u00e2n qu\u1ed1c t\u1ebf","article_publisher":"https:\/\/www.facebook.com\/saigonisb.hub","article_modified_time":"2020-04-23T04:18:30+00:00","og_image":[{"width":2560,"height":1707,"url":"https:\/\/saigonisb.hub.edu.vn\/cunhan\/wp-content\/uploads\/2022\/09\/12.OW2022-scaled.jpg","type":"image\/jpeg"}],"twitter_card":"summary_large_image","twitter_misc":{"\u01af\u1edbc t\u00ednh th\u1eddi gian \u0111\u1ecdc":"1 ph\u00fat"},"schema":{"@context":"https:\/\/schema.org","@graph":[{"@type":"WebPage","@id":"https:\/\/saigonisb.hub.edu.vn\/cunhan\/nhip-song-saigonisb\/hoat-dong-the-chat\/ho-boi\/","url":"https:\/\/saigonisb.hub.edu.vn\/cunhan\/nhip-song-saigonisb\/hoat-dong-the-chat\/ho-boi\/","name":"H\u1ed3 b\u01a1i - Ch\u01b0\u01a1ng tr\u00ecnh C\u1eed nh\u00e2n qu\u1ed1c t\u1ebf","isPartOf":{"@id":"https:\/\/saigonisb.hub.edu.vn\/cunhan\/#website"},"datePublished":"2020-04-23T04:16:30+00:00","dateModified":"2020-04-23T04:18:30+00:00","breadcrumb":{"@id":"https:\/\/saigonisb.hub.edu.vn\/cunhan\/nhip-song-saigonisb\/hoat-dong-the-chat\/ho-boi\/#breadcrumb"},"inLanguage":"vi","potentialAction":[{"@type":"ReadAction","target":["https:\/\/saigonisb.hub.edu.vn\/cunhan\/nhip-song-saigonisb\/hoat-dong-the-chat\/ho-boi\/"]}]},{"@type":"BreadcrumbList","@id":"https:\/\/saigonisb.hub.edu.vn\/cunhan\/nhip-song-saigonisb\/hoat-dong-the-chat\/ho-boi\/#breadcrumb","itemListElement":[{"@type":"ListItem","position":1,"name":"Trang ch\u1ee7","item":"https:\/\/saigonisb.hub.edu.vn\/cunhan\/"},{"@type":"ListItem","position":2,"name":"Nh\u1ecbp s\u1ed1ng SaigonISB","item":"https:\/\/saigonisb.hub.edu.vn\/cunhan\/nhip-song-saigonisb\/"},{"@type":"ListItem","position":3,"name":"Ho\u1ea1t \u0111\u1ed9ng th\u1ec3 ch\u1ea5t","item":"https:\/\/saigonisb.hub.edu.vn\/cunhan\/nhip-song-saigonisb\/hoat-dong-the-chat\/"},{"@type":"ListItem","position":4,"name":"H\u1ed3 b\u01a1i"}]},{"@type":"WebSite","@id":"https:\/\/saigonisb.hub.edu.vn\/cunhan\/#website","url":"https:\/\/saigonisb.hub.edu.vn\/cunhan\/","name":"Ch\u01b0\u01a1ng tr\u00ecnh C\u1eed nh\u00e2n qu\u1ed1c t\u1ebf","description":"","publisher":{"@id":"https:\/\/saigonisb.hub.edu.vn\/cunhan\/#organization"},"potentialAction":[{"@type":"SearchAction","target":{"@type":"EntryPoint","urlTemplate":"https:\/\/saigonisb.hub.edu.vn\/cunhan\/?s={search_term_string}"},"query-input":{"@type":"PropertyValueSpecification","valueRequired":true,"valueName":"search_term_string"}}],"inLanguage":"vi"},{"@type":"Organization","@id":"https:\/\/saigonisb.hub.edu.vn\/cunhan\/#organization","name":"Vi\u1ec7n \u0110\u00e0o T\u1ea1o Qu\u1ed1c T\u1ebf SaigonISB","url":"https:\/\/saigonisb.hub.edu.vn\/cunhan\/","logo":{"@type":"ImageObject","inLanguage":"vi","@id":"https:\/\/saigonisb.hub.edu.vn\/cunhan\/#\/schema\/logo\/image\/","url":"https:\/\/saigonisb.hub.edu.vn\/cunhan\/wp-content\/uploads\/2023\/04\/Logo-ISB.png","contentUrl":"https:\/\/saigonisb.hub.edu.vn\/cunhan\/wp-content\/uploads\/2023\/04\/Logo-ISB.png","width":1712,"height":351,"caption":"Vi\u1ec7n \u0110\u00e0o T\u1ea1o Qu\u1ed1c T\u1ebf SaigonISB"},"image":{"@id":"https:\/\/saigonisb.hub.edu.vn\/cunhan\/#\/schema\/logo\/image\/"},"sameAs":["https:\/\/www.facebook.com\/saigonisb.hub"]}]}},"_links":{"self":[{"href":"https:\/\/saigonisb.hub.edu.vn\/cunhan\/wp-json\/wp\/v2\/pages\/1249"}],"collection":[{"href":"https:\/\/saigonisb.hub.edu.vn\/cunhan\/wp-json\/wp\/v2\/pages"}],"about":[{"href":"https:\/\/saigonisb.hub.edu.vn\/cunhan\/wp-json\/wp\/v2\/types\/page"}],"author":[{"embeddable":true,"href":"https:\/\/saigonisb.hub.edu.vn\/cunhan\/wp-json\/wp\/v2\/users\/1"}],"replies":[{"embeddable":true,"href":"https:\/\/saigonisb.hub.edu.vn\/cunhan\/wp-json\/wp\/v2\/comments?post=1249"}],"version-history":[{"count":5,"href":"https:\/\/saigonisb.hub.edu.vn\/cunhan\/wp-json\/wp\/v2\/pages\/1249\/revisions"}],"predecessor-version":[{"id":1254,"href":"https:\/\/saigonisb.hub.edu.vn\/cunhan\/wp-json\/wp\/v2\/pages\/1249\/revisions\/1254"}],"up":[{"embeddable":true,"href":"https:\/\/saigonisb.hub.edu.vn\/cunhan\/wp-json\/wp\/v2\/pages\/1163"}],"wp:attachment":[{"href":"https:\/\/saigonisb.hub.edu.vn\/cunhan\/wp-json\/wp\/v2\/media?parent=1249"}],"curies":[{"name":"wp","href":"https:\/\/api.w.org\/{rel}","templated":true}]}}