{"id":1186,"date":"2020-04-23T09:46:07","date_gmt":"2020-04-23T02:46:07","guid":{"rendered":"http:\/\/saigonisb.hub.edu.vn\/cunhan\/?page_id=1186"},"modified":"2024-07-30T15:31:37","modified_gmt":"2024-07-30T08:31:37","slug":"ket-noi-cong-dong","status":"publish","type":"page","link":"https:\/\/saigonisb.hub.edu.vn\/cunhan\/nhip-song-saigonisb\/doi-song-sinh-vien\/ket-noi-cong-dong\/","title":{"rendered":"K\u1ebft n\u1ed1i c\u1ed9ng \u0111\u1ed3ng"},"content":{"rendered":"<p style=\"text-align: justify;\">C\u00e1c ho\u1ea1t \u0111\u1ed9ng giao l\u01b0u \u0111\u1eb7c bi\u1ec7t ph\u1ed5 bi\u1ebfn trong khu\u00f4n vi\u00ean tr\u01b0\u1eddng. B\u1ea1n c\u00f3 th\u1ec3 d\u1ec5 d\u00e0ng b\u1eaft g\u1eb7p c\u00e1c ho\u1ea1t \u0111\u1ed9ng team building, ca h\u00e1t, nh\u1ea3y m\u00faa, h\u1ed9i thao, trao \u0111\u1ed5i, vv, gi\u00fap nu\u00f4i d\u01b0\u1ee1ng v\u00e0 n\u00e2ng cao th\u1ec3 ch\u1ea5t v\u00e0 \u0111\u1eddi s\u1ed1ng tinh th\u1ea7n c\u1ee7a sinh vi\u00ean.<\/p>\n<p style=\"text-align: justify;\">M\u1ed9t s\u1ef1 ki\u1ec7n th\u01b0\u1eddng ni\u00ean \u0111\u01b0\u1ee3c t\u1ed5 ch\u1ee9c v\u00e0o d\u1ecbp T\u1ebft Nguy\u00ean \u0111\u00e1n mang t\u00ean Xu\u00e2n T\u00ecnh nguy\u1ec7n, nh\u1eb1m m\u1ee5c \u0111\u00edch th\u00fac \u0111\u1ea9y truy\u1ec1n th\u1ed1ng \u0111o\u00e0n k\u1ebft, gi\u00fap \u0111\u1ee1 c\u1ed9ng \u0111\u1ed3ng v\u00e0 nh\u1eefng ho\u00e0n c\u1ea3nh kh\u00f3 kh\u0103n, g\u00f3p ph\u1ea7n cho cu\u1ed9c s\u1ed1ng t\u1ed1t \u0111\u1eb9p h\u01a1n.<\/p>\n<p style=\"text-align: justify;\">\u00a0<\/p>\n<figure id=\"attachment_1187\" aria-describedby=\"caption-attachment-1187\" style=\"width: 397px\" class=\"wp-caption aligncenter\"><img loading=\"lazy\" decoding=\"async\" class=\"wp-image-1187 size-full\" src=\"http:\/\/saigonisb.hub.edu.vn\/cunhan\/wp-content\/uploads\/2020\/04\/ket-noi-cong-dong-2.png\" alt=\"\" width=\"397\" height=\"246\" \/><figcaption id=\"caption-attachment-1187\" class=\"wp-caption-text\">C\u00e1c ho\u1ea1t \u0111\u1ed9ng h\u1ecdc thu\u1eadt nh\u01b0 \u0110\u1ea1i h\u1ed9i \u0111\u1ea1i bi\u1ec3u \u0110o\u00e0n Thanh ni\u00ean C\u1ed9ng s\u1ea3n H\u1ed3 Ch\u00ed Minh c\u0169ng \u0111\u00f3ng vai tr\u00f2 quan tr\u1ecdng trong vi\u1ec7c n\u00e2ng cao ki\u1ebfn th\u1ee9c chuy\u00ean m\u00f4n v\u00e0 ph\u00e1t tri\u1ec3n tinh th\u1ea7n x\u00e3 h\u1ed9i.<\/figcaption><\/figure>\n<p style=\"text-align: justify;\">\u00a0<\/p>\n<figure id=\"attachment_1188\" aria-describedby=\"caption-attachment-1188\" style=\"width: 372px\" class=\"wp-caption aligncenter\"><img loading=\"lazy\" decoding=\"async\" class=\"wp-image-1188 size-full\" src=\"http:\/\/saigonisb.hub.edu.vn\/cunhan\/wp-content\/uploads\/2020\/04\/ket-noi-cong-dong-3.png\" alt=\"\" width=\"372\" height=\"245\" \/><figcaption id=\"caption-attachment-1188\" class=\"wp-caption-text\">Ti\u1ebfp c\u1eadn c\u00e1c t\u1ed5 ch\u1ee9c kh\u00e1c tr\u00ean th\u1ebf gi\u1edbi mang v\u1ec1 cho sinh vi\u00ean HUB nhi\u1ec1u c\u01a1 h\u1ed9i giao l\u01b0u v\u1ec1 nghi\u00ean c\u1ee9u khoa h\u1ecdc v\u00e0 \u0111\u00e0o t\u1ea1o.<\/figcaption><\/figure>\n<p style=\"text-align: justify;\">\u00a0<\/p>\n<figure id=\"attachment_1189\" aria-describedby=\"caption-attachment-1189\" style=\"width: 358px\" class=\"wp-caption aligncenter\"><img loading=\"lazy\" decoding=\"async\" class=\"wp-image-1189 size-full\" src=\"http:\/\/saigonisb.hub.edu.vn\/cunhan\/wp-content\/uploads\/2020\/04\/ket-noi-cong-dong-4.png\" alt=\"\" width=\"358\" height=\"269\" \/><figcaption id=\"caption-attachment-1189\" class=\"wp-caption-text\">C\u00e1c c\u00e2u l\u1ea1c b\u1ed9 v\u0103n th\u1ec3 m\u1ef9 l\u00e0 m\u1ed9t n\u00e9t \u0111\u1eb7c tr\u01b0ng c\u1ee7a HUB lu\u00f4n thu h\u00fat s\u1ed1 l\u01b0\u1ee3ng l\u1edbn c\u00e1c c\u00e1 nh\u00e2n v\u00e0 t\u00e0i n\u0103ng s\u00e1ng t\u1ea1o.<\/figcaption><\/figure>\n<p style=\"text-align: justify;\"><img loading=\"lazy\" decoding=\"async\" class=\"size-full wp-image-1190 aligncenter\" src=\"http:\/\/saigonisb.hub.edu.vn\/cunhan\/wp-content\/uploads\/2020\/04\/ket-noi-cong-dong-5.png\" alt=\"\" width=\"397\" height=\"265\" \/><\/p>\n<p style=\"text-align: justify;\"><img loading=\"lazy\" decoding=\"async\" class=\"size-full wp-image-1191 aligncenter\" src=\"http:\/\/saigonisb.hub.edu.vn\/cunhan\/wp-content\/uploads\/2020\/04\/ket-noi-cong-dong-6.png\" alt=\"\" width=\"382\" height=\"246\" \/><\/p>\n","protected":false},"excerpt":{"rendered":"<p>C\u00e1c ho\u1ea1t \u0111\u1ed9ng giao l\u01b0u \u0111\u1eb7c bi\u1ec7t ph\u1ed5 bi\u1ebfn trong khu\u00f4n vi\u00ean tr\u01b0\u1eddng. B\u1ea1n c\u00f3 th\u1ec3 d\u1ec5 d\u00e0ng b\u1eaft g\u1eb7p c\u00e1c ho\u1ea1t \u0111\u1ed9ng team building, ca h\u00e1t, nh\u1ea3y m\u00faa, h\u1ed9i thao, trao \u0111\u1ed5i, vv, gi\u00fap nu\u00f4i d\u01b0\u1ee1ng v\u00e0 n\u00e2ng cao th\u1ec3 ch\u1ea5t v\u00e0 \u0111\u1eddi s\u1ed1ng tinh th\u1ea7n c\u1ee7a sinh vi\u00ean. M\u1ed9t s\u1ef1 ki\u1ec7n th\u01b0\u1eddng ni\u00ean&#8230;<\/p>\n","protected":false},"author":1,"featured_media":0,"parent":1096,"menu_order":0,"comment_status":"closed","ping_status":"closed","template":"page-blank-sub-nav-vertical.php","meta":{"footnotes":""},"class_list":["post-1186","page","type-page","status-publish","hentry"],"yoast_head":"<!-- This site is optimized with the Yoast SEO plugin v23.4 - https:\/\/yoast.com\/wordpress\/plugins\/seo\/ -->\n<title>K\u1ebft n\u1ed1i c\u1ed9ng \u0111\u1ed3ng - Ch\u01b0\u01a1ng tr\u00ecnh C\u1eed nh\u00e2n qu\u1ed1c t\u1ebf<\/title>\n<meta name=\"robots\" content=\"index, follow, max-snippet:-1, max-image-preview:large, max-video-preview:-1\" \/>\n<link rel=\"canonical\" href=\"https:\/\/saigonisb.hub.edu.vn\/cunhan\/nhip-song-saigonisb\/doi-song-sinh-vien\/ket-noi-cong-dong\/\" \/>\n<meta property=\"og:locale\" content=\"vi_VN\" \/>\n<meta property=\"og:type\" content=\"article\" \/>\n<meta property=\"og:title\" content=\"K\u1ebft n\u1ed1i c\u1ed9ng \u0111\u1ed3ng - Ch\u01b0\u01a1ng tr\u00ecnh C\u1eed nh\u00e2n qu\u1ed1c t\u1ebf\" \/>\n<meta property=\"og:description\" content=\"C\u00e1c ho\u1ea1t \u0111\u1ed9ng giao l\u01b0u \u0111\u1eb7c bi\u1ec7t ph\u1ed5 bi\u1ebfn trong khu\u00f4n vi\u00ean tr\u01b0\u1eddng. B\u1ea1n c\u00f3 th\u1ec3 d\u1ec5 d\u00e0ng b\u1eaft g\u1eb7p c\u00e1c ho\u1ea1t \u0111\u1ed9ng team building, ca h\u00e1t, nh\u1ea3y m\u00faa, h\u1ed9i thao, trao \u0111\u1ed5i, vv, gi\u00fap nu\u00f4i d\u01b0\u1ee1ng v\u00e0 n\u00e2ng cao th\u1ec3 ch\u1ea5t v\u00e0 \u0111\u1eddi s\u1ed1ng tinh th\u1ea7n c\u1ee7a sinh vi\u00ean. M\u1ed9t s\u1ef1 ki\u1ec7n th\u01b0\u1eddng ni\u00ean...\" \/>\n<meta property=\"og:url\" content=\"https:\/\/saigonisb.hub.edu.vn\/cunhan\/nhip-song-saigonisb\/doi-song-sinh-vien\/ket-noi-cong-dong\/\" \/>\n<meta property=\"og:site_name\" content=\"Ch\u01b0\u01a1ng tr\u00ecnh C\u1eed nh\u00e2n qu\u1ed1c t\u1ebf\" \/>\n<meta property=\"article:publisher\" content=\"https:\/\/www.facebook.com\/saigonisb.hub\" \/>\n<meta property=\"article:modified_time\" content=\"2024-07-30T08:31:37+00:00\" \/>\n<meta property=\"og:image\" content=\"http:\/\/saigonisb.hub.edu.vn\/cunhan\/wp-content\/uploads\/2020\/04\/ket-noi-cong-dong-2.png\" \/>\n<meta name=\"twitter:card\" content=\"summary_large_image\" \/>\n<meta name=\"twitter:label1\" content=\"\u01af\u1edbc t\u00ednh th\u1eddi gian \u0111\u1ecdc\" \/>\n\t<meta name=\"twitter:data1\" content=\"2 ph\u00fat\" \/>\n<script type=\"application\/ld+json\" class=\"yoast-schema-graph\">{\"@context\":\"https:\/\/schema.org\",\"@graph\":[{\"@type\":\"WebPage\",\"@id\":\"https:\/\/saigonisb.hub.edu.vn\/cunhan\/nhip-song-saigonisb\/doi-song-sinh-vien\/ket-noi-cong-dong\/\",\"url\":\"https:\/\/saigonisb.hub.edu.vn\/cunhan\/nhip-song-saigonisb\/doi-song-sinh-vien\/ket-noi-cong-dong\/\",\"name\":\"K\u1ebft n\u1ed1i c\u1ed9ng \u0111\u1ed3ng - Ch\u01b0\u01a1ng tr\u00ecnh C\u1eed nh\u00e2n qu\u1ed1c t\u1ebf\",\"isPartOf\":{\"@id\":\"https:\/\/saigonisb.hub.edu.vn\/cunhan\/#website\"},\"primaryImageOfPage\":{\"@id\":\"https:\/\/saigonisb.hub.edu.vn\/cunhan\/nhip-song-saigonisb\/doi-song-sinh-vien\/ket-noi-cong-dong\/#primaryimage\"},\"image\":{\"@id\":\"https:\/\/saigonisb.hub.edu.vn\/cunhan\/nhip-song-saigonisb\/doi-song-sinh-vien\/ket-noi-cong-dong\/#primaryimage\"},\"thumbnailUrl\":\"http:\/\/saigonisb.hub.edu.vn\/cunhan\/wp-content\/uploads\/2020\/04\/ket-noi-cong-dong-2.png\",\"datePublished\":\"2020-04-23T02:46:07+00:00\",\"dateModified\":\"2024-07-30T08:31:37+00:00\",\"breadcrumb\":{\"@id\":\"https:\/\/saigonisb.hub.edu.vn\/cunhan\/nhip-song-saigonisb\/doi-song-sinh-vien\/ket-noi-cong-dong\/#breadcrumb\"},\"inLanguage\":\"vi\",\"potentialAction\":[{\"@type\":\"ReadAction\",\"target\":[\"https:\/\/saigonisb.hub.edu.vn\/cunhan\/nhip-song-saigonisb\/doi-song-sinh-vien\/ket-noi-cong-dong\/\"]}]},{\"@type\":\"ImageObject\",\"inLanguage\":\"vi\",\"@id\":\"https:\/\/saigonisb.hub.edu.vn\/cunhan\/nhip-song-saigonisb\/doi-song-sinh-vien\/ket-noi-cong-dong\/#primaryimage\",\"url\":\"http:\/\/saigonisb.hub.edu.vn\/cunhan\/wp-content\/uploads\/2020\/04\/ket-noi-cong-dong-2.png\",\"contentUrl\":\"http:\/\/saigonisb.hub.edu.vn\/cunhan\/wp-content\/uploads\/2020\/04\/ket-noi-cong-dong-2.png\"},{\"@type\":\"BreadcrumbList\",\"@id\":\"https:\/\/saigonisb.hub.edu.vn\/cunhan\/nhip-song-saigonisb\/doi-song-sinh-vien\/ket-noi-cong-dong\/#breadcrumb\",\"itemListElement\":[{\"@type\":\"ListItem\",\"position\":1,\"name\":\"Trang ch\u1ee7\",\"item\":\"https:\/\/saigonisb.hub.edu.vn\/cunhan\/\"},{\"@type\":\"ListItem\",\"position\":2,\"name\":\"Nh\u1ecbp s\u1ed1ng SaigonISB\",\"item\":\"https:\/\/saigonisb.hub.edu.vn\/cunhan\/nhip-song-saigonisb\/\"},{\"@type\":\"ListItem\",\"position\":3,\"name\":\"\u0110\u1eddi s\u1ed1ng sinh vi\u00ean\",\"item\":\"https:\/\/saigonisb.hub.edu.vn\/cunhan\/nhip-song-saigonisb\/doi-song-sinh-vien\/\"},{\"@type\":\"ListItem\",\"position\":4,\"name\":\"K\u1ebft n\u1ed1i c\u1ed9ng \u0111\u1ed3ng\"}]},{\"@type\":\"WebSite\",\"@id\":\"https:\/\/saigonisb.hub.edu.vn\/cunhan\/#website\",\"url\":\"https:\/\/saigonisb.hub.edu.vn\/cunhan\/\",\"name\":\"Ch\u01b0\u01a1ng tr\u00ecnh C\u1eed nh\u00e2n qu\u1ed1c t\u1ebf\",\"description\":\"\",\"publisher\":{\"@id\":\"https:\/\/saigonisb.hub.edu.vn\/cunhan\/#organization\"},\"potentialAction\":[{\"@type\":\"SearchAction\",\"target\":{\"@type\":\"EntryPoint\",\"urlTemplate\":\"https:\/\/saigonisb.hub.edu.vn\/cunhan\/?s={search_term_string}\"},\"query-input\":{\"@type\":\"PropertyValueSpecification\",\"valueRequired\":true,\"valueName\":\"search_term_string\"}}],\"inLanguage\":\"vi\"},{\"@type\":\"Organization\",\"@id\":\"https:\/\/saigonisb.hub.edu.vn\/cunhan\/#organization\",\"name\":\"Vi\u1ec7n \u0110\u00e0o T\u1ea1o Qu\u1ed1c T\u1ebf SaigonISB\",\"url\":\"https:\/\/saigonisb.hub.edu.vn\/cunhan\/\",\"logo\":{\"@type\":\"ImageObject\",\"inLanguage\":\"vi\",\"@id\":\"https:\/\/saigonisb.hub.edu.vn\/cunhan\/#\/schema\/logo\/image\/\",\"url\":\"https:\/\/saigonisb.hub.edu.vn\/cunhan\/wp-content\/uploads\/2023\/04\/Logo-ISB.png\",\"contentUrl\":\"https:\/\/saigonisb.hub.edu.vn\/cunhan\/wp-content\/uploads\/2023\/04\/Logo-ISB.png\",\"width\":1712,\"height\":351,\"caption\":\"Vi\u1ec7n \u0110\u00e0o T\u1ea1o Qu\u1ed1c T\u1ebf SaigonISB\"},\"image\":{\"@id\":\"https:\/\/saigonisb.hub.edu.vn\/cunhan\/#\/schema\/logo\/image\/\"},\"sameAs\":[\"https:\/\/www.facebook.com\/saigonisb.hub\"]}]}<\/script>\n<!-- \/ Yoast SEO plugin. -->","yoast_head_json":{"title":"K\u1ebft n\u1ed1i c\u1ed9ng \u0111\u1ed3ng - Ch\u01b0\u01a1ng tr\u00ecnh C\u1eed nh\u00e2n qu\u1ed1c t\u1ebf","robots":{"index":"index","follow":"follow","max-snippet":"max-snippet:-1","max-image-preview":"max-image-preview:large","max-video-preview":"max-video-preview:-1"},"canonical":"https:\/\/saigonisb.hub.edu.vn\/cunhan\/nhip-song-saigonisb\/doi-song-sinh-vien\/ket-noi-cong-dong\/","og_locale":"vi_VN","og_type":"article","og_title":"K\u1ebft n\u1ed1i c\u1ed9ng \u0111\u1ed3ng - Ch\u01b0\u01a1ng tr\u00ecnh C\u1eed nh\u00e2n qu\u1ed1c t\u1ebf","og_description":"C\u00e1c ho\u1ea1t \u0111\u1ed9ng giao l\u01b0u \u0111\u1eb7c bi\u1ec7t ph\u1ed5 bi\u1ebfn trong khu\u00f4n vi\u00ean tr\u01b0\u1eddng. B\u1ea1n c\u00f3 th\u1ec3 d\u1ec5 d\u00e0ng b\u1eaft g\u1eb7p c\u00e1c ho\u1ea1t \u0111\u1ed9ng team building, ca h\u00e1t, nh\u1ea3y m\u00faa, h\u1ed9i thao, trao \u0111\u1ed5i, vv, gi\u00fap nu\u00f4i d\u01b0\u1ee1ng v\u00e0 n\u00e2ng cao th\u1ec3 ch\u1ea5t v\u00e0 \u0111\u1eddi s\u1ed1ng tinh th\u1ea7n c\u1ee7a sinh vi\u00ean. M\u1ed9t s\u1ef1 ki\u1ec7n th\u01b0\u1eddng ni\u00ean...","og_url":"https:\/\/saigonisb.hub.edu.vn\/cunhan\/nhip-song-saigonisb\/doi-song-sinh-vien\/ket-noi-cong-dong\/","og_site_name":"Ch\u01b0\u01a1ng tr\u00ecnh C\u1eed nh\u00e2n qu\u1ed1c t\u1ebf","article_publisher":"https:\/\/www.facebook.com\/saigonisb.hub","article_modified_time":"2024-07-30T08:31:37+00:00","og_image":[{"url":"http:\/\/saigonisb.hub.edu.vn\/cunhan\/wp-content\/uploads\/2020\/04\/ket-noi-cong-dong-2.png"}],"twitter_card":"summary_large_image","twitter_misc":{"\u01af\u1edbc t\u00ednh th\u1eddi gian \u0111\u1ecdc":"2 ph\u00fat"},"schema":{"@context":"https:\/\/schema.org","@graph":[{"@type":"WebPage","@id":"https:\/\/saigonisb.hub.edu.vn\/cunhan\/nhip-song-saigonisb\/doi-song-sinh-vien\/ket-noi-cong-dong\/","url":"https:\/\/saigonisb.hub.edu.vn\/cunhan\/nhip-song-saigonisb\/doi-song-sinh-vien\/ket-noi-cong-dong\/","name":"K\u1ebft n\u1ed1i c\u1ed9ng \u0111\u1ed3ng - Ch\u01b0\u01a1ng tr\u00ecnh C\u1eed nh\u00e2n qu\u1ed1c t\u1ebf","isPartOf":{"@id":"https:\/\/saigonisb.hub.edu.vn\/cunhan\/#website"},"primaryImageOfPage":{"@id":"https:\/\/saigonisb.hub.edu.vn\/cunhan\/nhip-song-saigonisb\/doi-song-sinh-vien\/ket-noi-cong-dong\/#primaryimage"},"image":{"@id":"https:\/\/saigonisb.hub.edu.vn\/cunhan\/nhip-song-saigonisb\/doi-song-sinh-vien\/ket-noi-cong-dong\/#primaryimage"},"thumbnailUrl":"http:\/\/saigonisb.hub.edu.vn\/cunhan\/wp-content\/uploads\/2020\/04\/ket-noi-cong-dong-2.png","datePublished":"2020-04-23T02:46:07+00:00","dateModified":"2024-07-30T08:31:37+00:00","breadcrumb":{"@id":"https:\/\/saigonisb.hub.edu.vn\/cunhan\/nhip-song-saigonisb\/doi-song-sinh-vien\/ket-noi-cong-dong\/#breadcrumb"},"inLanguage":"vi","potentialAction":[{"@type":"ReadAction","target":["https:\/\/saigonisb.hub.edu.vn\/cunhan\/nhip-song-saigonisb\/doi-song-sinh-vien\/ket-noi-cong-dong\/"]}]},{"@type":"ImageObject","inLanguage":"vi","@id":"https:\/\/saigonisb.hub.edu.vn\/cunhan\/nhip-song-saigonisb\/doi-song-sinh-vien\/ket-noi-cong-dong\/#primaryimage","url":"http:\/\/saigonisb.hub.edu.vn\/cunhan\/wp-content\/uploads\/2020\/04\/ket-noi-cong-dong-2.png","contentUrl":"http:\/\/saigonisb.hub.edu.vn\/cunhan\/wp-content\/uploads\/2020\/04\/ket-noi-cong-dong-2.png"},{"@type":"BreadcrumbList","@id":"https:\/\/saigonisb.hub.edu.vn\/cunhan\/nhip-song-saigonisb\/doi-song-sinh-vien\/ket-noi-cong-dong\/#breadcrumb","itemListElement":[{"@type":"ListItem","position":1,"name":"Trang ch\u1ee7","item":"https:\/\/saigonisb.hub.edu.vn\/cunhan\/"},{"@type":"ListItem","position":2,"name":"Nh\u1ecbp s\u1ed1ng SaigonISB","item":"https:\/\/saigonisb.hub.edu.vn\/cunhan\/nhip-song-saigonisb\/"},{"@type":"ListItem","position":3,"name":"\u0110\u1eddi s\u1ed1ng sinh vi\u00ean","item":"https:\/\/saigonisb.hub.edu.vn\/cunhan\/nhip-song-saigonisb\/doi-song-sinh-vien\/"},{"@type":"ListItem","position":4,"name":"K\u1ebft n\u1ed1i c\u1ed9ng \u0111\u1ed3ng"}]},{"@type":"WebSite","@id":"https:\/\/saigonisb.hub.edu.vn\/cunhan\/#website","url":"https:\/\/saigonisb.hub.edu.vn\/cunhan\/","name":"Ch\u01b0\u01a1ng tr\u00ecnh C\u1eed nh\u00e2n qu\u1ed1c t\u1ebf","description":"","publisher":{"@id":"https:\/\/saigonisb.hub.edu.vn\/cunhan\/#organization"},"potentialAction":[{"@type":"SearchAction","target":{"@type":"EntryPoint","urlTemplate":"https:\/\/saigonisb.hub.edu.vn\/cunhan\/?s={search_term_string}"},"query-input":{"@type":"PropertyValueSpecification","valueRequired":true,"valueName":"search_term_string"}}],"inLanguage":"vi"},{"@type":"Organization","@id":"https:\/\/saigonisb.hub.edu.vn\/cunhan\/#organization","name":"Vi\u1ec7n \u0110\u00e0o T\u1ea1o Qu\u1ed1c T\u1ebf SaigonISB","url":"https:\/\/saigonisb.hub.edu.vn\/cunhan\/","logo":{"@type":"ImageObject","inLanguage":"vi","@id":"https:\/\/saigonisb.hub.edu.vn\/cunhan\/#\/schema\/logo\/image\/","url":"https:\/\/saigonisb.hub.edu.vn\/cunhan\/wp-content\/uploads\/2023\/04\/Logo-ISB.png","contentUrl":"https:\/\/saigonisb.hub.edu.vn\/cunhan\/wp-content\/uploads\/2023\/04\/Logo-ISB.png","width":1712,"height":351,"caption":"Vi\u1ec7n \u0110\u00e0o T\u1ea1o Qu\u1ed1c T\u1ebf SaigonISB"},"image":{"@id":"https:\/\/saigonisb.hub.edu.vn\/cunhan\/#\/schema\/logo\/image\/"},"sameAs":["https:\/\/www.facebook.com\/saigonisb.hub"]}]}},"_links":{"self":[{"href":"https:\/\/saigonisb.hub.edu.vn\/cunhan\/wp-json\/wp\/v2\/pages\/1186"}],"collection":[{"href":"https:\/\/saigonisb.hub.edu.vn\/cunhan\/wp-json\/wp\/v2\/pages"}],"about":[{"href":"https:\/\/saigonisb.hub.edu.vn\/cunhan\/wp-json\/wp\/v2\/types\/page"}],"author":[{"embeddable":true,"href":"https:\/\/saigonisb.hub.edu.vn\/cunhan\/wp-json\/wp\/v2\/users\/1"}],"replies":[{"embeddable":true,"href":"https:\/\/saigonisb.hub.edu.vn\/cunhan\/wp-json\/wp\/v2\/comments?post=1186"}],"version-history":[{"count":8,"href":"https:\/\/saigonisb.hub.edu.vn\/cunhan\/wp-json\/wp\/v2\/pages\/1186\/revisions"}],"predecessor-version":[{"id":3432,"href":"https:\/\/saigonisb.hub.edu.vn\/cunhan\/wp-json\/wp\/v2\/pages\/1186\/revisions\/3432"}],"up":[{"embeddable":true,"href":"https:\/\/saigonisb.hub.edu.vn\/cunhan\/wp-json\/wp\/v2\/pages\/1096"}],"wp:attachment":[{"href":"https:\/\/saigonisb.hub.edu.vn\/cunhan\/wp-json\/wp\/v2\/media?parent=1186"}],"curies":[{"name":"wp","href":"https:\/\/api.w.org\/{rel}","templated":true}]}}