{"id":1150,"date":"2020-04-22T16:21:04","date_gmt":"2020-04-22T09:21:04","guid":{"rendered":"http:\/\/saigonisb.hub.edu.vn\/cunhan\/?page_id=1150"},"modified":"2020-04-23T09:41:53","modified_gmt":"2020-04-23T02:41:53","slug":"cong-tac-sinh-vien","status":"publish","type":"page","link":"https:\/\/saigonisb.hub.edu.vn\/cunhan\/nhip-song-saigonisb\/doi-song-sinh-vien\/cong-tac-sinh-vien\/","title":{"rendered":"C\u00f4ng t\u00e1c sinh vi\u00ean"},"content":{"rendered":"<p>Trung t\u00e2m H\u1ed7 tr\u1ee3 Sinh vi\u00ean (CSB) \u0111em \u0111\u1ebfn m\u1ed9t lo\u1ea1t c\u00e1c d\u1ecbch v\u1ee5 v\u00e0 g\u00f3i h\u1ed7 tr\u1ee3, trong \u0111\u00f3 c\u00f3 gi\u1ea3i quy\u1ebft c\u00e1c v\u1ea5n \u0111\u1ec1 nh\u00e0 \u1edf, ch\u01b0\u01a1ng tr\u00ecnh \u0111\u1ecbnh h\u01b0\u1edbng ngh\u1ec1 nghi\u1ec7p, d\u1ecbch v\u1ee5 c\u00f4ng v\u00e0 k\u1ebft n\u1ed1i c\u1ed9ng \u0111\u1ed3ng.<\/p>\n<p><img loading=\"lazy\" decoding=\"async\" class=\"alignnone size-full wp-image-1129\" src=\"http:\/\/saigonisb.hub.edu.vn\/cunhan\/wp-content\/uploads\/2020\/04\/cong-tac-sinh-vien-2.png\" alt=\"\" width=\"344\" height=\"427\" \/><\/p>\n<p>CSB c\u00f3 ch\u1ee9c n\u0103ng ch\u00ednh l\u00e0 tham m\u01b0u cho Ban Gi\u00e1m hi\u1ec7u, t\u1ed5 ch\u1ee9c v\u00e0 qu\u1ea3n l\u00fd c\u00e1c ho\u1ea1t \u0111\u1ed9ng h\u1ed7 tr\u1ee3 sinh vi\u00ean. Ngo\u00e0i ra, Trung t\u00e2m c\u00f2n l\u00e0 c\u1ea7u n\u1ed1i gi\u1eefa c\u00e1c Doanh nghi\u1ec7p, Ng\u00e2n h\u00e0ng, Nh\u00e0 t\u00e0i tr\u1ee3 v\u1edbi sinh vi\u00ean, h\u1ecdc vi\u00ean th\u00f4ng qua c\u00e1c ho\u1ea1t \u0111\u1ed9ng quan h\u1ec7 Doanh nghi\u1ec7p, v\u00e0 nhi\u1ec1u ho\u1ea1t \u0111\u1ed9ng kh\u00e1c nh\u01b0:<\/p>\n<ul>\n<li class=\"bullet-checkmark\">Ho\u1ea1t \u0111\u1ed9ng t\u01b0 v\u1ea5n, h\u01b0\u1edbng nghi\u1ec7p;<\/li>\n<li class=\"bullet-checkmark\">Gi\u1edbi thi\u1ec7u vi\u1ec7c l\u00e0m, ki\u1ebfn t\u1eadp, th\u1ef1c t\u1eadp;<\/li>\n<li class=\"bullet-checkmark\">Tham quan doanh nghi\u1ec7p;<\/li>\n<li class=\"bullet-checkmark\">H\u1ecdc b\u1ed5ng sinh vi\u00ean;<\/li>\n<li class=\"bullet-checkmark\">Ti\u1ec7n \u00edch, d\u1ecbch v\u1ee5 h\u1ed7 tr\u1ee3 sinh vi\u00ean;<\/li>\n<li class=\"bullet-checkmark\">D\u1ecbch v\u1ee5 n\u1ed9i tr\u00fa cho sinh vi\u00ean;<\/li>\n<li class=\"bullet-checkmark\">Quan h\u1ec7 doanh nghi\u1ec7p;<\/li>\n<li class=\"bullet-checkmark\">K\u1ebft n\u1ed1i c\u1ef1u sinh vi\u00ean;<\/li>\n<li class=\"bullet-checkmark\">T\u1ed5 ch\u1ee9c s\u1ef1 ki\u1ec7n;<\/li>\n<li class=\"bullet-checkmark\">C\u00e1c kh\u00f3a h\u1ecdc k\u1ef9 n\u0103ng;<\/li>\n<li class=\"bullet-checkmark\">C\u00e1c ho\u1ea1t \u0111\u1ed9ng t\u00ecnh nguy\u1ec7n, v\u0103n h\u00f3a, v\u0103n ngh\u1ec7, th\u1ec3 d\u1ee5c th\u1ec3 thao.<\/li>\n<\/ul>\n<p>Ng\u00e0y h\u1ed9i vi\u1ec7c l\u00e0m h\u1eb1ng n\u0103m \u0111\u01b0\u1ee3c t\u1ed5 ch\u1ee9c b\u1edfi \u0110H Ng\u00e2n h\u00e0ng TP.HCM thu h\u00fat r\u1ea5t nhi\u1ec1u sinh vi\u00ean, h\u1ecdc vi\u00ean.<\/p>\n<p><img loading=\"lazy\" decoding=\"async\" class=\"alignnone size-full wp-image-1130\" src=\"http:\/\/saigonisb.hub.edu.vn\/cunhan\/wp-content\/uploads\/2020\/04\/cong-tac-sinh-vien-3.png\" alt=\"\" width=\"354\" height=\"236\" \/><\/p>\n<p>S\u1ef1 ki\u1ec7n n\u00e0y l\u00e0 c\u1ea7u n\u1ed1i gi\u1eefa c\u00e1c ng\u00e2n h\u00e0ng v\u00e0 c\u00e1c b\u1ea1n sinh vi\u00ean \u0111ang t\u00ecm ki\u1ebfm c\u01a1 h\u1ed9i vi\u1ec7c l\u00e0m c\u0169ng nh\u01b0 l\u00e0 c\u01a1 s\u1edf \u0111\u1ec3 Nh\u00e0 tuy\u1ec3n d\u1ee5ng t\u00ecm \u0111\u01b0\u1ee3c \u1ee9ng vi\u00ean ti\u1ec1m n\u0103ng.<\/p>\n<p><img loading=\"lazy\" decoding=\"async\" class=\"alignnone size-full wp-image-1131\" src=\"http:\/\/saigonisb.hub.edu.vn\/cunhan\/wp-content\/uploads\/2020\/04\/cong-tac-sinh-vien-4.png\" alt=\"\" width=\"354\" height=\"214\" \/><\/p>\n<p>M\u1ed9t \u0111i\u1ec3m s\u00e1ng kh\u00e1c trong vi\u1ec7c h\u1ed7 tr\u1ee3 sinh vi\u00ean l\u00e0m quen v\u1edbi ngh\u1ec1 nghi\u1ec7p t\u01b0\u01a1ng lai l\u00e0 ho\u1ea1t \u0111\u1ed9ng tham quan doanh nghi\u1ec7p.<\/p>\n<p><img loading=\"lazy\" decoding=\"async\" class=\"alignnone size-full wp-image-1132\" src=\"http:\/\/saigonisb.hub.edu.vn\/cunhan\/wp-content\/uploads\/2020\/04\/cong-tac-sinh-vien-5.png\" alt=\"\" width=\"354\" height=\"198\" \/><\/p>\n<p>Tham quan doanh nghi\u1ec7p l\u00e0 m\u1ed9t ho\u1ea1t \u0111\u1ed9ng r\u1ea5t b\u1ed5 \u00edch, thi\u1ebft th\u1ef1c, gi\u00fap sinh vi\u00ean hi\u1ec3u th\u00eam v\u1ec1 ngh\u1ec1 nghi\u1ec7p t\u01b0\u01a1ng lai c\u1ee7a m\u00ecnh. Tham gia bu\u1ed5i tr\u1ea3i nghi\u1ec7m n\u00e0y l\u00e0 c\u01a1 h\u1ed9i \u0111\u1ec3 h\u1ecdc vi\u00ean, sinh vi\u00ean tr\u00ecnh b\u00e0y nh\u1eefng quan \u0111i\u1ec3m, th\u1eafc m\u1eafc t\u1eeb \u0111\u00f3 gi\u00fap n\u00e2ng cao k\u1ef9 n\u0103ng v\u00e0 ki\u1ebfn th\u1ee9c c\u1ee7a m\u00ecnh.<\/p>\n","protected":false},"excerpt":{"rendered":"<p>Trung t\u00e2m H\u1ed7 tr\u1ee3 Sinh vi\u00ean (CSB) \u0111em \u0111\u1ebfn m\u1ed9t lo\u1ea1t c\u00e1c d\u1ecbch v\u1ee5 v\u00e0 g\u00f3i h\u1ed7 tr\u1ee3, trong \u0111\u00f3 c\u00f3 gi\u1ea3i quy\u1ebft c\u00e1c v\u1ea5n \u0111\u1ec1 nh\u00e0 \u1edf, ch\u01b0\u01a1ng tr\u00ecnh \u0111\u1ecbnh h\u01b0\u1edbng ngh\u1ec1 nghi\u1ec7p, d\u1ecbch v\u1ee5 c\u00f4ng v\u00e0 k\u1ebft n\u1ed1i c\u1ed9ng \u0111\u1ed3ng. CSB c\u00f3 ch\u1ee9c n\u0103ng ch\u00ednh l\u00e0 tham m\u01b0u cho Ban Gi\u00e1m hi\u1ec7u, t\u1ed5&#8230;<\/p>\n","protected":false},"author":1,"featured_media":0,"parent":1096,"menu_order":0,"comment_status":"closed","ping_status":"closed","template":"page-blank-sub-nav-vertical.php","meta":{"footnotes":""},"class_list":["post-1150","page","type-page","status-publish","hentry"],"yoast_head":"<!-- This site is optimized with the Yoast SEO plugin v23.4 - https:\/\/yoast.com\/wordpress\/plugins\/seo\/ -->\n<title>C\u00f4ng t\u00e1c sinh vi\u00ean - Ch\u01b0\u01a1ng tr\u00ecnh C\u1eed nh\u00e2n qu\u1ed1c t\u1ebf<\/title>\n<meta name=\"robots\" content=\"index, follow, max-snippet:-1, max-image-preview:large, max-video-preview:-1\" \/>\n<link rel=\"canonical\" href=\"https:\/\/saigonisb.hub.edu.vn\/cunhan\/nhip-song-saigonisb\/doi-song-sinh-vien\/cong-tac-sinh-vien\/\" \/>\n<meta property=\"og:locale\" content=\"vi_VN\" \/>\n<meta property=\"og:type\" content=\"article\" \/>\n<meta property=\"og:title\" content=\"C\u00f4ng t\u00e1c sinh vi\u00ean - Ch\u01b0\u01a1ng tr\u00ecnh C\u1eed nh\u00e2n qu\u1ed1c t\u1ebf\" \/>\n<meta property=\"og:description\" content=\"Trung t\u00e2m H\u1ed7 tr\u1ee3 Sinh vi\u00ean (CSB) \u0111em \u0111\u1ebfn m\u1ed9t lo\u1ea1t c\u00e1c d\u1ecbch v\u1ee5 v\u00e0 g\u00f3i h\u1ed7 tr\u1ee3, trong \u0111\u00f3 c\u00f3 gi\u1ea3i quy\u1ebft c\u00e1c v\u1ea5n \u0111\u1ec1 nh\u00e0 \u1edf, ch\u01b0\u01a1ng tr\u00ecnh \u0111\u1ecbnh h\u01b0\u1edbng ngh\u1ec1 nghi\u1ec7p, d\u1ecbch v\u1ee5 c\u00f4ng v\u00e0 k\u1ebft n\u1ed1i c\u1ed9ng \u0111\u1ed3ng. CSB c\u00f3 ch\u1ee9c n\u0103ng ch\u00ednh l\u00e0 tham m\u01b0u cho Ban Gi\u00e1m hi\u1ec7u, t\u1ed5...\" \/>\n<meta property=\"og:url\" content=\"https:\/\/saigonisb.hub.edu.vn\/cunhan\/nhip-song-saigonisb\/doi-song-sinh-vien\/cong-tac-sinh-vien\/\" \/>\n<meta property=\"og:site_name\" content=\"Ch\u01b0\u01a1ng tr\u00ecnh C\u1eed nh\u00e2n qu\u1ed1c t\u1ebf\" \/>\n<meta property=\"article:publisher\" content=\"https:\/\/www.facebook.com\/saigonisb.hub\" \/>\n<meta property=\"article:modified_time\" content=\"2020-04-23T02:41:53+00:00\" \/>\n<meta property=\"og:image\" content=\"http:\/\/saigonisb.hub.edu.vn\/cunhan\/wp-content\/uploads\/2020\/04\/cong-tac-sinh-vien-2.png\" \/>\n<meta name=\"twitter:card\" content=\"summary_large_image\" \/>\n<meta name=\"twitter:label1\" content=\"\u01af\u1edbc t\u00ednh th\u1eddi gian \u0111\u1ecdc\" \/>\n\t<meta name=\"twitter:data1\" content=\"2 ph\u00fat\" \/>\n<script type=\"application\/ld+json\" class=\"yoast-schema-graph\">{\"@context\":\"https:\/\/schema.org\",\"@graph\":[{\"@type\":\"WebPage\",\"@id\":\"https:\/\/saigonisb.hub.edu.vn\/cunhan\/nhip-song-saigonisb\/doi-song-sinh-vien\/cong-tac-sinh-vien\/\",\"url\":\"https:\/\/saigonisb.hub.edu.vn\/cunhan\/nhip-song-saigonisb\/doi-song-sinh-vien\/cong-tac-sinh-vien\/\",\"name\":\"C\u00f4ng t\u00e1c sinh vi\u00ean - Ch\u01b0\u01a1ng tr\u00ecnh C\u1eed nh\u00e2n qu\u1ed1c t\u1ebf\",\"isPartOf\":{\"@id\":\"https:\/\/saigonisb.hub.edu.vn\/cunhan\/#website\"},\"primaryImageOfPage\":{\"@id\":\"https:\/\/saigonisb.hub.edu.vn\/cunhan\/nhip-song-saigonisb\/doi-song-sinh-vien\/cong-tac-sinh-vien\/#primaryimage\"},\"image\":{\"@id\":\"https:\/\/saigonisb.hub.edu.vn\/cunhan\/nhip-song-saigonisb\/doi-song-sinh-vien\/cong-tac-sinh-vien\/#primaryimage\"},\"thumbnailUrl\":\"http:\/\/saigonisb.hub.edu.vn\/cunhan\/wp-content\/uploads\/2020\/04\/cong-tac-sinh-vien-2.png\",\"datePublished\":\"2020-04-22T09:21:04+00:00\",\"dateModified\":\"2020-04-23T02:41:53+00:00\",\"breadcrumb\":{\"@id\":\"https:\/\/saigonisb.hub.edu.vn\/cunhan\/nhip-song-saigonisb\/doi-song-sinh-vien\/cong-tac-sinh-vien\/#breadcrumb\"},\"inLanguage\":\"vi\",\"potentialAction\":[{\"@type\":\"ReadAction\",\"target\":[\"https:\/\/saigonisb.hub.edu.vn\/cunhan\/nhip-song-saigonisb\/doi-song-sinh-vien\/cong-tac-sinh-vien\/\"]}]},{\"@type\":\"ImageObject\",\"inLanguage\":\"vi\",\"@id\":\"https:\/\/saigonisb.hub.edu.vn\/cunhan\/nhip-song-saigonisb\/doi-song-sinh-vien\/cong-tac-sinh-vien\/#primaryimage\",\"url\":\"http:\/\/saigonisb.hub.edu.vn\/cunhan\/wp-content\/uploads\/2020\/04\/cong-tac-sinh-vien-2.png\",\"contentUrl\":\"http:\/\/saigonisb.hub.edu.vn\/cunhan\/wp-content\/uploads\/2020\/04\/cong-tac-sinh-vien-2.png\"},{\"@type\":\"BreadcrumbList\",\"@id\":\"https:\/\/saigonisb.hub.edu.vn\/cunhan\/nhip-song-saigonisb\/doi-song-sinh-vien\/cong-tac-sinh-vien\/#breadcrumb\",\"itemListElement\":[{\"@type\":\"ListItem\",\"position\":1,\"name\":\"Trang ch\u1ee7\",\"item\":\"https:\/\/saigonisb.hub.edu.vn\/cunhan\/\"},{\"@type\":\"ListItem\",\"position\":2,\"name\":\"Nh\u1ecbp s\u1ed1ng SaigonISB\",\"item\":\"https:\/\/saigonisb.hub.edu.vn\/cunhan\/nhip-song-saigonisb\/\"},{\"@type\":\"ListItem\",\"position\":3,\"name\":\"\u0110\u1eddi s\u1ed1ng sinh vi\u00ean\",\"item\":\"https:\/\/saigonisb.hub.edu.vn\/cunhan\/nhip-song-saigonisb\/doi-song-sinh-vien\/\"},{\"@type\":\"ListItem\",\"position\":4,\"name\":\"C\u00f4ng t\u00e1c sinh vi\u00ean\"}]},{\"@type\":\"WebSite\",\"@id\":\"https:\/\/saigonisb.hub.edu.vn\/cunhan\/#website\",\"url\":\"https:\/\/saigonisb.hub.edu.vn\/cunhan\/\",\"name\":\"Ch\u01b0\u01a1ng tr\u00ecnh C\u1eed nh\u00e2n qu\u1ed1c t\u1ebf\",\"description\":\"\",\"publisher\":{\"@id\":\"https:\/\/saigonisb.hub.edu.vn\/cunhan\/#organization\"},\"potentialAction\":[{\"@type\":\"SearchAction\",\"target\":{\"@type\":\"EntryPoint\",\"urlTemplate\":\"https:\/\/saigonisb.hub.edu.vn\/cunhan\/?s={search_term_string}\"},\"query-input\":{\"@type\":\"PropertyValueSpecification\",\"valueRequired\":true,\"valueName\":\"search_term_string\"}}],\"inLanguage\":\"vi\"},{\"@type\":\"Organization\",\"@id\":\"https:\/\/saigonisb.hub.edu.vn\/cunhan\/#organization\",\"name\":\"Vi\u1ec7n \u0110\u00e0o T\u1ea1o Qu\u1ed1c T\u1ebf SaigonISB\",\"url\":\"https:\/\/saigonisb.hub.edu.vn\/cunhan\/\",\"logo\":{\"@type\":\"ImageObject\",\"inLanguage\":\"vi\",\"@id\":\"https:\/\/saigonisb.hub.edu.vn\/cunhan\/#\/schema\/logo\/image\/\",\"url\":\"https:\/\/saigonisb.hub.edu.vn\/cunhan\/wp-content\/uploads\/2023\/04\/Logo-ISB.png\",\"contentUrl\":\"https:\/\/saigonisb.hub.edu.vn\/cunhan\/wp-content\/uploads\/2023\/04\/Logo-ISB.png\",\"width\":1712,\"height\":351,\"caption\":\"Vi\u1ec7n \u0110\u00e0o T\u1ea1o Qu\u1ed1c T\u1ebf SaigonISB\"},\"image\":{\"@id\":\"https:\/\/saigonisb.hub.edu.vn\/cunhan\/#\/schema\/logo\/image\/\"},\"sameAs\":[\"https:\/\/www.facebook.com\/saigonisb.hub\"]}]}<\/script>\n<!-- \/ Yoast SEO plugin. -->","yoast_head_json":{"title":"C\u00f4ng t\u00e1c sinh vi\u00ean - Ch\u01b0\u01a1ng tr\u00ecnh C\u1eed nh\u00e2n qu\u1ed1c t\u1ebf","robots":{"index":"index","follow":"follow","max-snippet":"max-snippet:-1","max-image-preview":"max-image-preview:large","max-video-preview":"max-video-preview:-1"},"canonical":"https:\/\/saigonisb.hub.edu.vn\/cunhan\/nhip-song-saigonisb\/doi-song-sinh-vien\/cong-tac-sinh-vien\/","og_locale":"vi_VN","og_type":"article","og_title":"C\u00f4ng t\u00e1c sinh vi\u00ean - Ch\u01b0\u01a1ng tr\u00ecnh C\u1eed nh\u00e2n qu\u1ed1c t\u1ebf","og_description":"Trung t\u00e2m H\u1ed7 tr\u1ee3 Sinh vi\u00ean (CSB) \u0111em \u0111\u1ebfn m\u1ed9t lo\u1ea1t c\u00e1c d\u1ecbch v\u1ee5 v\u00e0 g\u00f3i h\u1ed7 tr\u1ee3, trong \u0111\u00f3 c\u00f3 gi\u1ea3i quy\u1ebft c\u00e1c v\u1ea5n \u0111\u1ec1 nh\u00e0 \u1edf, ch\u01b0\u01a1ng tr\u00ecnh \u0111\u1ecbnh h\u01b0\u1edbng ngh\u1ec1 nghi\u1ec7p, d\u1ecbch v\u1ee5 c\u00f4ng v\u00e0 k\u1ebft n\u1ed1i c\u1ed9ng \u0111\u1ed3ng. CSB c\u00f3 ch\u1ee9c n\u0103ng ch\u00ednh l\u00e0 tham m\u01b0u cho Ban Gi\u00e1m hi\u1ec7u, t\u1ed5...","og_url":"https:\/\/saigonisb.hub.edu.vn\/cunhan\/nhip-song-saigonisb\/doi-song-sinh-vien\/cong-tac-sinh-vien\/","og_site_name":"Ch\u01b0\u01a1ng tr\u00ecnh C\u1eed nh\u00e2n qu\u1ed1c t\u1ebf","article_publisher":"https:\/\/www.facebook.com\/saigonisb.hub","article_modified_time":"2020-04-23T02:41:53+00:00","og_image":[{"url":"http:\/\/saigonisb.hub.edu.vn\/cunhan\/wp-content\/uploads\/2020\/04\/cong-tac-sinh-vien-2.png"}],"twitter_card":"summary_large_image","twitter_misc":{"\u01af\u1edbc t\u00ednh th\u1eddi gian \u0111\u1ecdc":"2 ph\u00fat"},"schema":{"@context":"https:\/\/schema.org","@graph":[{"@type":"WebPage","@id":"https:\/\/saigonisb.hub.edu.vn\/cunhan\/nhip-song-saigonisb\/doi-song-sinh-vien\/cong-tac-sinh-vien\/","url":"https:\/\/saigonisb.hub.edu.vn\/cunhan\/nhip-song-saigonisb\/doi-song-sinh-vien\/cong-tac-sinh-vien\/","name":"C\u00f4ng t\u00e1c sinh vi\u00ean - Ch\u01b0\u01a1ng tr\u00ecnh C\u1eed nh\u00e2n qu\u1ed1c t\u1ebf","isPartOf":{"@id":"https:\/\/saigonisb.hub.edu.vn\/cunhan\/#website"},"primaryImageOfPage":{"@id":"https:\/\/saigonisb.hub.edu.vn\/cunhan\/nhip-song-saigonisb\/doi-song-sinh-vien\/cong-tac-sinh-vien\/#primaryimage"},"image":{"@id":"https:\/\/saigonisb.hub.edu.vn\/cunhan\/nhip-song-saigonisb\/doi-song-sinh-vien\/cong-tac-sinh-vien\/#primaryimage"},"thumbnailUrl":"http:\/\/saigonisb.hub.edu.vn\/cunhan\/wp-content\/uploads\/2020\/04\/cong-tac-sinh-vien-2.png","datePublished":"2020-04-22T09:21:04+00:00","dateModified":"2020-04-23T02:41:53+00:00","breadcrumb":{"@id":"https:\/\/saigonisb.hub.edu.vn\/cunhan\/nhip-song-saigonisb\/doi-song-sinh-vien\/cong-tac-sinh-vien\/#breadcrumb"},"inLanguage":"vi","potentialAction":[{"@type":"ReadAction","target":["https:\/\/saigonisb.hub.edu.vn\/cunhan\/nhip-song-saigonisb\/doi-song-sinh-vien\/cong-tac-sinh-vien\/"]}]},{"@type":"ImageObject","inLanguage":"vi","@id":"https:\/\/saigonisb.hub.edu.vn\/cunhan\/nhip-song-saigonisb\/doi-song-sinh-vien\/cong-tac-sinh-vien\/#primaryimage","url":"http:\/\/saigonisb.hub.edu.vn\/cunhan\/wp-content\/uploads\/2020\/04\/cong-tac-sinh-vien-2.png","contentUrl":"http:\/\/saigonisb.hub.edu.vn\/cunhan\/wp-content\/uploads\/2020\/04\/cong-tac-sinh-vien-2.png"},{"@type":"BreadcrumbList","@id":"https:\/\/saigonisb.hub.edu.vn\/cunhan\/nhip-song-saigonisb\/doi-song-sinh-vien\/cong-tac-sinh-vien\/#breadcrumb","itemListElement":[{"@type":"ListItem","position":1,"name":"Trang ch\u1ee7","item":"https:\/\/saigonisb.hub.edu.vn\/cunhan\/"},{"@type":"ListItem","position":2,"name":"Nh\u1ecbp s\u1ed1ng SaigonISB","item":"https:\/\/saigonisb.hub.edu.vn\/cunhan\/nhip-song-saigonisb\/"},{"@type":"ListItem","position":3,"name":"\u0110\u1eddi s\u1ed1ng sinh vi\u00ean","item":"https:\/\/saigonisb.hub.edu.vn\/cunhan\/nhip-song-saigonisb\/doi-song-sinh-vien\/"},{"@type":"ListItem","position":4,"name":"C\u00f4ng t\u00e1c sinh vi\u00ean"}]},{"@type":"WebSite","@id":"https:\/\/saigonisb.hub.edu.vn\/cunhan\/#website","url":"https:\/\/saigonisb.hub.edu.vn\/cunhan\/","name":"Ch\u01b0\u01a1ng tr\u00ecnh C\u1eed nh\u00e2n qu\u1ed1c t\u1ebf","description":"","publisher":{"@id":"https:\/\/saigonisb.hub.edu.vn\/cunhan\/#organization"},"potentialAction":[{"@type":"SearchAction","target":{"@type":"EntryPoint","urlTemplate":"https:\/\/saigonisb.hub.edu.vn\/cunhan\/?s={search_term_string}"},"query-input":{"@type":"PropertyValueSpecification","valueRequired":true,"valueName":"search_term_string"}}],"inLanguage":"vi"},{"@type":"Organization","@id":"https:\/\/saigonisb.hub.edu.vn\/cunhan\/#organization","name":"Vi\u1ec7n \u0110\u00e0o T\u1ea1o Qu\u1ed1c T\u1ebf SaigonISB","url":"https:\/\/saigonisb.hub.edu.vn\/cunhan\/","logo":{"@type":"ImageObject","inLanguage":"vi","@id":"https:\/\/saigonisb.hub.edu.vn\/cunhan\/#\/schema\/logo\/image\/","url":"https:\/\/saigonisb.hub.edu.vn\/cunhan\/wp-content\/uploads\/2023\/04\/Logo-ISB.png","contentUrl":"https:\/\/saigonisb.hub.edu.vn\/cunhan\/wp-content\/uploads\/2023\/04\/Logo-ISB.png","width":1712,"height":351,"caption":"Vi\u1ec7n \u0110\u00e0o T\u1ea1o Qu\u1ed1c T\u1ebf SaigonISB"},"image":{"@id":"https:\/\/saigonisb.hub.edu.vn\/cunhan\/#\/schema\/logo\/image\/"},"sameAs":["https:\/\/www.facebook.com\/saigonisb.hub"]}]}},"_links":{"self":[{"href":"https:\/\/saigonisb.hub.edu.vn\/cunhan\/wp-json\/wp\/v2\/pages\/1150"}],"collection":[{"href":"https:\/\/saigonisb.hub.edu.vn\/cunhan\/wp-json\/wp\/v2\/pages"}],"about":[{"href":"https:\/\/saigonisb.hub.edu.vn\/cunhan\/wp-json\/wp\/v2\/types\/page"}],"author":[{"embeddable":true,"href":"https:\/\/saigonisb.hub.edu.vn\/cunhan\/wp-json\/wp\/v2\/users\/1"}],"replies":[{"embeddable":true,"href":"https:\/\/saigonisb.hub.edu.vn\/cunhan\/wp-json\/wp\/v2\/comments?post=1150"}],"version-history":[{"count":5,"href":"https:\/\/saigonisb.hub.edu.vn\/cunhan\/wp-json\/wp\/v2\/pages\/1150\/revisions"}],"predecessor-version":[{"id":1182,"href":"https:\/\/saigonisb.hub.edu.vn\/cunhan\/wp-json\/wp\/v2\/pages\/1150\/revisions\/1182"}],"up":[{"embeddable":true,"href":"https:\/\/saigonisb.hub.edu.vn\/cunhan\/wp-json\/wp\/v2\/pages\/1096"}],"wp:attachment":[{"href":"https:\/\/saigonisb.hub.edu.vn\/cunhan\/wp-json\/wp\/v2\/media?parent=1150"}],"curies":[{"name":"wp","href":"https:\/\/api.w.org\/{rel}","templated":true}]}}